{"id":285,"date":"2025-03-12T18:45:38","date_gmt":"2025-03-12T17:45:38","guid":{"rendered":"https:\/\/www.ondernemendvenlo.nl\/?page_id=285"},"modified":"2025-04-09T15:59:45","modified_gmt":"2025-04-09T13:59:45","slug":"bedrijventerreinen","status":"publish","type":"page","link":"https:\/\/www.ondernemendvenlo.nl\/de\/bedrijventerreinen\/","title":{"rendered":"Gewerbegebiete"},"content":{"rendered":"<div data-elementor-type=\"wp-page\" data-elementor-id=\"285\" class=\"elementor elementor-285\" data-elementor-post-type=\"page\">\n\t\t\t\t<div class=\"elementor-element elementor-element-f77e0f2 e-flex e-con-boxed e-con e-parent\" data-id=\"f77e0f2\" data-element_type=\"container\">\n\t\t\t\t\t<div class=\"e-con-inner\">\n\t\t<div class=\"elementor-element elementor-element-b535956 e-con-full e-flex e-con e-child\" data-id=\"b535956\" data-element_type=\"container\">\n\t\t\t\t<div class=\"elementor-element elementor-element-7f2f1aa elementor-widget elementor-widget-image\" data-id=\"7f2f1aa\" data-element_type=\"widget\" data-widget_type=\"image.default\">\n\t\t\t\t<div class=\"elementor-widget-container\">\n\t\t\t\t\t\t\t\t\t\t\t\t\t\t\t<img fetchpriority=\"high\" decoding=\"async\" width=\"2827\" height=\"4500\" src=\"https:\/\/www.ondernemendvenlo.nl\/wp-content\/uploads\/2025\/03\/OV_bedrijventerreinen_venlo_overzicht.png\" class=\"attachment-full size-full wp-image-303\" alt=\"\" srcset=\"https:\/\/www.ondernemendvenlo.nl\/wp-content\/uploads\/2025\/03\/OV_bedrijventerreinen_venlo_overzicht.png 2827w, https:\/\/www.ondernemendvenlo.nl\/wp-content\/uploads\/2025\/03\/OV_bedrijventerreinen_venlo_overzicht-188x300.png 188w, https:\/\/www.ondernemendvenlo.nl\/wp-content\/uploads\/2025\/03\/OV_bedrijventerreinen_venlo_overzicht-643x1024.png 643w, https:\/\/www.ondernemendvenlo.nl\/wp-content\/uploads\/2025\/03\/OV_bedrijventerreinen_venlo_overzicht-768x1222.png 768w, https:\/\/www.ondernemendvenlo.nl\/wp-content\/uploads\/2025\/03\/OV_bedrijventerreinen_venlo_overzicht-965x1536.png 965w, https:\/\/www.ondernemendvenlo.nl\/wp-content\/uploads\/2025\/03\/OV_bedrijventerreinen_venlo_overzicht-1287x2048.png 1287w, https:\/\/www.ondernemendvenlo.nl\/wp-content\/uploads\/2025\/03\/OV_bedrijventerreinen_venlo_overzicht-8x12.png 8w\" sizes=\"(max-width: 2827px) 100vw, 2827px\" \/>\t\t\t\t\t\t\t\t\t\t\t\t\t\t\t<\/div>\n\t\t\t\t<\/div>\n\t\t\t\t<\/div>\n\t\t<div class=\"elementor-element elementor-element-98993bb e-con-full e-flex e-con e-child\" data-id=\"98993bb\" data-element_type=\"container\">\n\t\t\t\t<div class=\"elementor-element elementor-element-545f8d7 elementor-widget elementor-widget-heading\" data-id=\"545f8d7\" data-element_type=\"widget\" data-widget_type=\"heading.default\">\n\t\t\t\t<div class=\"elementor-widget-container\">\n\t\t\t\t\t<span class=\"elementor-heading-title elementor-size-default\">Unser<br \/>Gewerbegebiete<\/span>\t\t\t\t<\/div>\n\t\t\t\t<\/div>\n\t\t\t\t<div class=\"elementor-element elementor-element-aa52265 elementor-widget elementor-widget-text-editor\" data-id=\"aa52265\" data-element_type=\"widget\" data-widget_type=\"text-editor.default\">\n\t\t\t\t<div class=\"elementor-widget-container\">\n\t\t\t\t\t\t\t\t\t<p>Venlo bietet Unternehmern ein dynamisches Umfeld f\u00fcr Wachstum und Innovation. Mit nicht weniger als 20 Gewerbegebieten, die in vier Abschnitte unterteilt sind - Trade Port, Noorderpoort, Spikweien und Trade Port Zuid - gibt es f\u00fcr jedes Unternehmen einen geeigneten Standort. Zusammen bilden diese Gebiete ein starkes Fundament f\u00fcr den wirtschaftlichen Erfolg der Stadt und der Region.<\/p>\n<p>Dank seiner strategischen Lage und seiner hervorragenden Infrastruktur mit direktem Zugang zu Autobahnen, Schienen und Wasserwegen hat sich Venlo zum Logistik-Hotspot der Niederlande entwickelt. Nicht nur nationale, sondern auch internationale Unternehmen profitieren von dieser idealen Anbindung.<\/p>\n<p>In diesen Gewerbegebieten betreiben wir ein aktives Parkmanagement, um die Standorte sauber, vollst\u00e4ndig und sicher zu halten. Dazu geh\u00f6ren die Pflege von Gr\u00fcnfl\u00e4chen und Infrastrukturen, die Organisation von Kamera\u00fcberwachung zur Erh\u00f6hung der Sicherheit und die Erlangung des G\u00fctezeichens f\u00fcr sicheres Unternehmertum. Au\u00dferdem koordinieren wir beispielsweise Abfallkampagnen und initiieren gemeinsame Einkaufsprozesse f\u00fcr Energie und Versicherungen. Dank dieser Bem\u00fchungen bleiben die Gewerbegebiete sowohl f\u00fcr etablierte Unternehmer als auch f\u00fcr neue Unternehmen attraktiv.<\/p>\n<p>Sind Sie neugierig, was die Gewerbegebiete von Venlo f\u00fcr Ihr Unternehmen tun k\u00f6nnen? Ondernemend Venlo ist bereit, Ihnen weiterzuhelfen und die M\u00f6glichkeiten zu erkunden.<\/p><p>Nachstehend finden Sie eine \u00dcbersicht \u00fcber die Abteilungen und die entsprechenden Gesch\u00e4ftsbereiche.<\/p>\t\t\t\t\t\t\t\t<\/div>\n\t\t\t\t<\/div>\n\t\t<div class=\"elementor-element elementor-element-43ed70c e-con-full e-flex e-con e-child\" data-id=\"43ed70c\" data-element_type=\"container\">\n\t\t<div class=\"elementor-element elementor-element-699ea6e e-con-full e-flex e-con e-child\" data-id=\"699ea6e\" data-element_type=\"container\">\n\t\t<div class=\"elementor-element elementor-element-0acf9c4 e-con-full e-flex e-con e-child\" data-id=\"0acf9c4\" data-element_type=\"container\" data-settings=\"{&quot;background_background&quot;:&quot;classic&quot;}\">\n\t\t<div class=\"elementor-element elementor-element-39253cb e-con-full e-flex e-con e-child\" data-id=\"39253cb\" data-element_type=\"container\">\n\t\t\t\t<div class=\"elementor-element elementor-element-d03ef5c elementor-widget elementor-widget-heading\" data-id=\"d03ef5c\" data-element_type=\"widget\" data-widget_type=\"heading.default\">\n\t\t\t\t<div class=\"elementor-widget-container\">\n\t\t\t\t\t<span class=\"elementor-heading-title elementor-size-default\">Handelshafen<\/span>\t\t\t\t<\/div>\n\t\t\t\t<\/div>\n\t\t\t\t<div class=\"elementor-element elementor-element-ba276aa elementor-widget elementor-widget-text-editor\" data-id=\"ba276aa\" data-element_type=\"widget\" data-widget_type=\"text-editor.default\">\n\t\t\t\t<div class=\"elementor-widget-container\">\n\t\t\t\t\t\t\t\t\t<p>Handelshafen Nord<br \/>Handelshafen Ost<br \/>Handelshafen West<br \/>Gr\u00fcnhafen Venlo<br \/>Handelshafen Venlo<br \/>Ubroek<\/p>\t\t\t\t\t\t\t\t<\/div>\n\t\t\t\t<\/div>\n\t\t\t\t<\/div>\n\t\t\t\t<div class=\"elementor-element elementor-element-42e38c5 elementor-widget elementor-widget-button\" data-id=\"42e38c5\" data-element_type=\"widget\" data-widget_type=\"button.default\">\n\t\t\t\t<div class=\"elementor-widget-container\">\n\t\t\t\t\t\t\t\t\t<div class=\"elementor-button-wrapper\">\n\t\t\t\t\t<a class=\"elementor-button elementor-button-link elementor-size-sm\" href=\"https:\/\/www.ondernemendvenlo.nl\/de\/bedrijventerreinen\/trade-port\/\">\n\t\t\t\t\t\t<span class=\"elementor-button-content-wrapper\">\n\t\t\t\t\t\t\t\t\t<span class=\"elementor-button-text\">siehe<\/span>\n\t\t\t\t\t<\/span>\n\t\t\t\t\t<\/a>\n\t\t\t\t<\/div>\n\t\t\t\t\t\t\t\t<\/div>\n\t\t\t\t<\/div>\n\t\t\t\t<\/div>\n\t\t<div class=\"elementor-element elementor-element-6f277b2 e-con-full e-flex e-con e-child\" data-id=\"6f277b2\" data-element_type=\"container\" data-settings=\"{&quot;background_background&quot;:&quot;classic&quot;}\">\n\t\t<div class=\"elementor-element elementor-element-71cca8b e-con-full e-flex e-con e-child\" data-id=\"71cca8b\" data-element_type=\"container\">\n\t\t\t\t<div class=\"elementor-element elementor-element-699d9ee elementor-widget elementor-widget-heading\" data-id=\"699d9ee\" data-element_type=\"widget\" data-widget_type=\"heading.default\">\n\t\t\t\t<div class=\"elementor-widget-container\">\n\t\t\t\t\t<span class=\"elementor-heading-title elementor-size-default\">Noorderpoort<\/span>\t\t\t\t<\/div>\n\t\t\t\t<\/div>\n\t\t\t\t<div class=\"elementor-element elementor-element-d3eadb9 elementor-widget elementor-widget-text-editor\" data-id=\"d3eadb9\" data-element_type=\"widget\" data-widget_type=\"text-editor.default\">\n\t\t\t\t<div class=\"elementor-widget-container\">\n\t\t\t\t\t\t\t\t\t<p>Noorderpoort<br \/>Sweeps<br \/>Genooierbergen<br \/>K\u00f6lner Schranke<\/p>\t\t\t\t\t\t\t\t<\/div>\n\t\t\t\t<\/div>\n\t\t\t\t<\/div>\n\t\t\t\t<div class=\"elementor-element elementor-element-14247d5 elementor-widget elementor-widget-button\" data-id=\"14247d5\" data-element_type=\"widget\" data-widget_type=\"button.default\">\n\t\t\t\t<div class=\"elementor-widget-container\">\n\t\t\t\t\t\t\t\t\t<div class=\"elementor-button-wrapper\">\n\t\t\t\t\t<a class=\"elementor-button elementor-button-link elementor-size-sm\" href=\"https:\/\/www.ondernemendvenlo.nl\/de\/bedrijventerreinen\/noorderpoort\/\">\n\t\t\t\t\t\t<span class=\"elementor-button-content-wrapper\">\n\t\t\t\t\t\t\t\t\t<span class=\"elementor-button-text\">siehe<\/span>\n\t\t\t\t\t<\/span>\n\t\t\t\t\t<\/a>\n\t\t\t\t<\/div>\n\t\t\t\t\t\t\t\t<\/div>\n\t\t\t\t<\/div>\n\t\t\t\t<\/div>\n\t\t\t\t<\/div>\n\t\t<div class=\"elementor-element elementor-element-13faa8d e-con-full e-flex e-con e-child\" data-id=\"13faa8d\" data-element_type=\"container\">\n\t\t<div class=\"elementor-element elementor-element-3e96b6c e-con-full e-flex e-con e-child\" data-id=\"3e96b6c\" data-element_type=\"container\" data-settings=\"{&quot;background_background&quot;:&quot;classic&quot;}\">\n\t\t\t\t<div class=\"elementor-element elementor-element-49185ac elementor-widget elementor-widget-heading\" data-id=\"49185ac\" data-element_type=\"widget\" data-widget_type=\"heading.default\">\n\t\t\t\t<div class=\"elementor-widget-container\">\n\t\t\t\t\t<span class=\"elementor-heading-title elementor-size-default\">Handelshafen S\u00fcd<\/span>\t\t\t\t<\/div>\n\t\t\t\t<\/div>\n\t\t\t\t<div class=\"elementor-element elementor-element-de923f5 elementor-widget elementor-widget-text-editor\" data-id=\"de923f5\" data-element_type=\"widget\" data-widget_type=\"text-editor.default\">\n\t\t\t\t<div class=\"elementor-widget-container\">\n\t\t\t\t\t\t\t\t\t<p>Rue Arien<br \/>Belfeld Bolenberg<br \/>Emmaplein et al.<br \/>Erkenkamp<br \/>Gelo\u00ebrveld<br \/>Hagerhof<br \/>Kaldenkerkerweg Ost<br \/>Kaldenkerkerweg West<br \/>Pannenberg<br \/>Windhund<br \/>Witveldweg<\/p>\t\t\t\t\t\t\t\t<\/div>\n\t\t\t\t<\/div>\n\t\t\t\t<div class=\"elementor-element elementor-element-2900097 elementor-widget elementor-widget-button\" data-id=\"2900097\" data-element_type=\"widget\" data-widget_type=\"button.default\">\n\t\t\t\t<div class=\"elementor-widget-container\">\n\t\t\t\t\t\t\t\t\t<div class=\"elementor-button-wrapper\">\n\t\t\t\t\t<a class=\"elementor-button elementor-button-link elementor-size-sm\" href=\"https:\/\/www.ondernemendvenlo.nl\/de\/bedrijventerreinen\/trade-port-zuid\/\">\n\t\t\t\t\t\t<span class=\"elementor-button-content-wrapper\">\n\t\t\t\t\t\t\t\t\t<span class=\"elementor-button-text\">siehe<\/span>\n\t\t\t\t\t<\/span>\n\t\t\t\t\t<\/a>\n\t\t\t\t<\/div>\n\t\t\t\t\t\t\t\t<\/div>\n\t\t\t\t<\/div>\n\t\t\t\t<\/div>\n\t\t<div class=\"elementor-element elementor-element-4c4fb76 e-con-full e-flex e-con e-child\" data-id=\"4c4fb76\" data-element_type=\"container\" data-settings=\"{&quot;background_background&quot;:&quot;classic&quot;}\">\n\t\t\t\t<div class=\"elementor-element elementor-element-a499627 elementor-widget elementor-widget-heading\" data-id=\"a499627\" data-element_type=\"widget\" data-widget_type=\"heading.default\">\n\t\t\t\t<div class=\"elementor-widget-container\">\n\t\t\t\t\t<span class=\"elementor-heading-title elementor-size-default\">Vogelmiere<\/span>\t\t\t\t<\/div>\n\t\t\t\t<\/div>\n\t\t\t\t<div class=\"elementor-element elementor-element-892442c elementor-widget elementor-widget-text-editor\" data-id=\"892442c\" data-element_type=\"widget\" data-widget_type=\"text-editor.default\">\n\t\t\t\t<div class=\"elementor-widget-container\">\n\t\t\t\t\t\t\t\t\tVogelmiere\t\t\t\t\t\t\t\t<\/div>\n\t\t\t\t<\/div>\n\t\t\t\t<div class=\"elementor-element elementor-element-88ba2d4 elementor-widget elementor-widget-button\" data-id=\"88ba2d4\" data-element_type=\"widget\" data-widget_type=\"button.default\">\n\t\t\t\t<div class=\"elementor-widget-container\">\n\t\t\t\t\t\t\t\t\t<div class=\"elementor-button-wrapper\">\n\t\t\t\t\t<a class=\"elementor-button elementor-button-link elementor-size-sm\" href=\"https:\/\/www.ondernemendvenlo.nl\/de\/bedrijventerreinen\/spikweien\/\">\n\t\t\t\t\t\t<span class=\"elementor-button-content-wrapper\">\n\t\t\t\t\t\t\t\t\t<span class=\"elementor-button-text\">siehe<\/span>\n\t\t\t\t\t<\/span>\n\t\t\t\t\t<\/a>\n\t\t\t\t<\/div>\n\t\t\t\t\t\t\t\t<\/div>\n\t\t\t\t<\/div>\n\t\t\t\t<\/div>\n\t\t\t\t<\/div>\n\t\t\t\t<\/div>\n\t\t\t\t<\/div>\n\t\t\t\t\t<\/div>\n\t\t\t\t<\/div>\n\t\t<div class=\"elementor-element elementor-element-7c8b546 e-flex e-con-boxed e-con e-parent\" data-id=\"7c8b546\" data-element_type=\"container\" data-settings=\"{&quot;background_background&quot;:&quot;classic&quot;}\">\n\t\t\t\t\t<div class=\"e-con-inner\">\n\t\t\t\t<div class=\"elementor-element elementor-element-d185fff elementor-widget elementor-widget-heading\" data-id=\"d185fff\" data-element_type=\"widget\" data-widget_type=\"heading.default\">\n\t\t\t\t<div class=\"elementor-widget-container\">\n\t\t\t\t\t<span class=\"elementor-heading-title elementor-size-default\">Neueste Nachrichten aus unseren Gewerbegebieten<\/span>\t\t\t\t<\/div>\n\t\t\t\t<\/div>\n\t\t\t\t<div class=\"elementor-element elementor-element-b9bf342 elementor-grid-4 elementor-grid-tablet-2 elementor-grid-mobile-1 elementor-widget elementor-widget-loop-grid\" data-id=\"b9bf342\" data-element_type=\"widget\" data-settings=\"{&quot;template_id&quot;:&quot;446&quot;,&quot;columns&quot;:4,&quot;pagination_type&quot;:&quot;load_more_on_click&quot;,&quot;row_gap&quot;:{&quot;unit&quot;:&quot;px&quot;,&quot;size&quot;:20,&quot;sizes&quot;:[]},&quot;_skin&quot;:&quot;post&quot;,&quot;columns_tablet&quot;:&quot;2&quot;,&quot;columns_mobile&quot;:&quot;1&quot;,&quot;edit_handle_selector&quot;:&quot;[data-elementor-type=\\&quot;loop-item\\&quot;]&quot;,&quot;load_more_spinner&quot;:{&quot;value&quot;:&quot;fas fa-spinner&quot;,&quot;library&quot;:&quot;fa-solid&quot;},&quot;row_gap_tablet&quot;:{&quot;unit&quot;:&quot;px&quot;,&quot;size&quot;:&quot;&quot;,&quot;sizes&quot;:[]},&quot;row_gap_mobile&quot;:{&quot;unit&quot;:&quot;px&quot;,&quot;size&quot;:&quot;&quot;,&quot;sizes&quot;:[]}}\" data-widget_type=\"loop-grid.post\">\n\t\t\t\t<div class=\"elementor-widget-container\">\n\t\t\t\t\t\t\t<div class=\"e-loop-nothing-found-message\">\n\t\t\t\t\t<div class=\"e-loop-nothing-found-message__text\">\n\t\t\t\tKeine Nachrichten.\t\t\t<\/div>\n\t\t\t<\/div>\n\t\t\t\t\t\t<\/div>\n\t\t\t\t<\/div>\n\t\t\t\t\t<\/div>\n\t\t\t\t<\/div>\n\t\t\t\t<\/div>","protected":false},"excerpt":{"rendered":"<p>Onzebedrijventerreinen Venlo biedt ondernemers een dynamische omgeving om te groeien en te innoveren. Met maar liefst 20 bedrijventerreinen verdeeld over vier afdelingen \u2013 Trade Port, Noorderpoort, Spikweien en Trade Port Zuid \u2013 is er voor elke bedrijf een geschikte locatie te vinden. Deze terreinen vormen samen een krachtig fundament voor het economische succes van de [&hellip;]<\/p>","protected":false},"author":1,"featured_media":0,"parent":0,"menu_order":40,"comment_status":"closed","ping_status":"closed","template":"","meta":{"_acf_changed":false,"footnotes":""},"class_list":["post-285","page","type-page","status-publish","hentry"],"acf":[],"yoast_head":"<!-- This site is optimized with the Yoast SEO plugin v26.3 - https:\/\/yoast.com\/wordpress\/plugins\/seo\/ -->\n<title>Bedrijventerreinen - Ondernemend Venlo<\/title>\n<meta name=\"robots\" content=\"index, follow, max-snippet:-1, max-image-preview:large, max-video-preview:-1\" \/>\n<link rel=\"canonical\" href=\"https:\/\/www.ondernemendvenlo.nl\/de\/bedrijventerreinen\/\" \/>\n<meta property=\"og:locale\" content=\"de_DE\" \/>\n<meta property=\"og:type\" content=\"article\" \/>\n<meta property=\"og:title\" content=\"Bedrijventerreinen - Ondernemend Venlo\" \/>\n<meta property=\"og:description\" content=\"Onzebedrijventerreinen Venlo biedt ondernemers een dynamische omgeving om te groeien en te innoveren. Met maar liefst 20 bedrijventerreinen verdeeld over vier afdelingen \u2013 Trade Port, Noorderpoort, Spikweien en Trade Port Zuid \u2013 is er voor elke bedrijf een geschikte locatie te vinden. Deze terreinen vormen samen een krachtig fundament voor het economische succes van de [&hellip;]\" \/>\n<meta property=\"og:url\" content=\"https:\/\/www.ondernemendvenlo.nl\/de\/bedrijventerreinen\/\" \/>\n<meta property=\"og:site_name\" content=\"Ondernemend Venlo\" \/>\n<meta property=\"article:modified_time\" content=\"2025-04-09T13:59:45+00:00\" \/>\n<meta property=\"og:image\" content=\"https:\/\/www.ondernemendvenlo.nl\/wp-content\/uploads\/2025\/03\/OV_bedrijventerreinen_venlo_overzicht.png\" \/>\n\t<meta property=\"og:image:width\" content=\"2827\" \/>\n\t<meta property=\"og:image:height\" content=\"4500\" \/>\n\t<meta property=\"og:image:type\" content=\"image\/png\" \/>\n<meta name=\"twitter:card\" content=\"summary_large_image\" \/>\n<meta name=\"twitter:label1\" content=\"Gesch\u00e4tzte Lesezeit\" \/>\n\t<meta name=\"twitter:data1\" content=\"2\u00a0Minuten\" \/>\n<script type=\"application\/ld+json\" class=\"yoast-schema-graph\">{\"@context\":\"https:\/\/schema.org\",\"@graph\":[{\"@type\":\"WebPage\",\"@id\":\"https:\/\/www.ondernemendvenlo.nl\/bedrijventerreinen\/\",\"url\":\"https:\/\/www.ondernemendvenlo.nl\/bedrijventerreinen\/\",\"name\":\"Bedrijventerreinen - Ondernemend Venlo\",\"isPartOf\":{\"@id\":\"https:\/\/www.ondernemendvenlo.nl\/#website\"},\"primaryImageOfPage\":{\"@id\":\"https:\/\/www.ondernemendvenlo.nl\/bedrijventerreinen\/#primaryimage\"},\"image\":{\"@id\":\"https:\/\/www.ondernemendvenlo.nl\/bedrijventerreinen\/#primaryimage\"},\"thumbnailUrl\":\"https:\/\/www.ondernemendvenlo.nl\/wp-content\/uploads\/2025\/03\/OV_bedrijventerreinen_venlo_overzicht.png\",\"datePublished\":\"2025-03-12T17:45:38+00:00\",\"dateModified\":\"2025-04-09T13:59:45+00:00\",\"breadcrumb\":{\"@id\":\"https:\/\/www.ondernemendvenlo.nl\/bedrijventerreinen\/#breadcrumb\"},\"inLanguage\":\"de\",\"potentialAction\":[{\"@type\":\"ReadAction\",\"target\":[\"https:\/\/www.ondernemendvenlo.nl\/bedrijventerreinen\/\"]}]},{\"@type\":\"ImageObject\",\"inLanguage\":\"de\",\"@id\":\"https:\/\/www.ondernemendvenlo.nl\/bedrijventerreinen\/#primaryimage\",\"url\":\"https:\/\/www.ondernemendvenlo.nl\/wp-content\/uploads\/2025\/03\/OV_bedrijventerreinen_venlo_overzicht.png\",\"contentUrl\":\"https:\/\/www.ondernemendvenlo.nl\/wp-content\/uploads\/2025\/03\/OV_bedrijventerreinen_venlo_overzicht.png\"},{\"@type\":\"BreadcrumbList\",\"@id\":\"https:\/\/www.ondernemendvenlo.nl\/bedrijventerreinen\/#breadcrumb\",\"itemListElement\":[{\"@type\":\"ListItem\",\"position\":1,\"name\":\"Ondernemend Venlo\",\"item\":\"https:\/\/www.ondernemendvenlo.nl\/\"},{\"@type\":\"ListItem\",\"position\":2,\"name\":\"Bedrijventerreinen\"}]},{\"@type\":\"WebSite\",\"@id\":\"https:\/\/www.ondernemendvenlo.nl\/#website\",\"url\":\"https:\/\/www.ondernemendvenlo.nl\/\",\"name\":\"Ondernemend Venlo\",\"description\":\"Samen succesvol ondernemen\",\"publisher\":{\"@id\":\"https:\/\/www.ondernemendvenlo.nl\/#organization\"},\"potentialAction\":[{\"@type\":\"SearchAction\",\"target\":{\"@type\":\"EntryPoint\",\"urlTemplate\":\"https:\/\/www.ondernemendvenlo.nl\/?s={search_term_string}\"},\"query-input\":{\"@type\":\"PropertyValueSpecification\",\"valueRequired\":true,\"valueName\":\"search_term_string\"}}],\"inLanguage\":\"de\"},{\"@type\":\"Organization\",\"@id\":\"https:\/\/www.ondernemendvenlo.nl\/#organization\",\"name\":\"Ondernemend Venlo\",\"url\":\"https:\/\/www.ondernemendvenlo.nl\/\",\"logo\":{\"@type\":\"ImageObject\",\"inLanguage\":\"de\",\"@id\":\"https:\/\/www.ondernemendvenlo.nl\/#\/schema\/logo\/image\/\",\"url\":\"https:\/\/www.ondernemendvenlo.nl\/wp-content\/uploads\/2025\/02\/Ondernemend-Venlo-logo-scaled.webp\",\"contentUrl\":\"https:\/\/www.ondernemendvenlo.nl\/wp-content\/uploads\/2025\/02\/Ondernemend-Venlo-logo-scaled.webp\",\"width\":2560,\"height\":1010,\"caption\":\"Ondernemend Venlo\"},\"image\":{\"@id\":\"https:\/\/www.ondernemendvenlo.nl\/#\/schema\/logo\/image\/\"},\"sameAs\":[\"https:\/\/www.linkedin.com\/company\/ondernemend-venlo\/\"]}]}<\/script>\n<!-- \/ Yoast SEO plugin. -->","yoast_head_json":{"title":"Bedrijventerreinen - Ondernemend Venlo","robots":{"index":"index","follow":"follow","max-snippet":"max-snippet:-1","max-image-preview":"max-image-preview:large","max-video-preview":"max-video-preview:-1"},"canonical":"https:\/\/www.ondernemendvenlo.nl\/de\/bedrijventerreinen\/","og_locale":"de_DE","og_type":"article","og_title":"Bedrijventerreinen - Ondernemend Venlo","og_description":"Onzebedrijventerreinen Venlo biedt ondernemers een dynamische omgeving om te groeien en te innoveren. Met maar liefst 20 bedrijventerreinen verdeeld over vier afdelingen \u2013 Trade Port, Noorderpoort, Spikweien en Trade Port Zuid \u2013 is er voor elke bedrijf een geschikte locatie te vinden. Deze terreinen vormen samen een krachtig fundament voor het economische succes van de [&hellip;]","og_url":"https:\/\/www.ondernemendvenlo.nl\/de\/bedrijventerreinen\/","og_site_name":"Ondernemend Venlo","article_modified_time":"2025-04-09T13:59:45+00:00","og_image":[{"width":2827,"height":4500,"url":"https:\/\/www.ondernemendvenlo.nl\/wp-content\/uploads\/2025\/03\/OV_bedrijventerreinen_venlo_overzicht.png","type":"image\/png"}],"twitter_card":"summary_large_image","twitter_misc":{"Gesch\u00e4tzte Lesezeit":"2\u00a0Minuten"},"schema":{"@context":"https:\/\/schema.org","@graph":[{"@type":"WebPage","@id":"https:\/\/www.ondernemendvenlo.nl\/bedrijventerreinen\/","url":"https:\/\/www.ondernemendvenlo.nl\/bedrijventerreinen\/","name":"Bedrijventerreinen - Ondernemend Venlo","isPartOf":{"@id":"https:\/\/www.ondernemendvenlo.nl\/#website"},"primaryImageOfPage":{"@id":"https:\/\/www.ondernemendvenlo.nl\/bedrijventerreinen\/#primaryimage"},"image":{"@id":"https:\/\/www.ondernemendvenlo.nl\/bedrijventerreinen\/#primaryimage"},"thumbnailUrl":"https:\/\/www.ondernemendvenlo.nl\/wp-content\/uploads\/2025\/03\/OV_bedrijventerreinen_venlo_overzicht.png","datePublished":"2025-03-12T17:45:38+00:00","dateModified":"2025-04-09T13:59:45+00:00","breadcrumb":{"@id":"https:\/\/www.ondernemendvenlo.nl\/bedrijventerreinen\/#breadcrumb"},"inLanguage":"de","potentialAction":[{"@type":"ReadAction","target":["https:\/\/www.ondernemendvenlo.nl\/bedrijventerreinen\/"]}]},{"@type":"ImageObject","inLanguage":"de","@id":"https:\/\/www.ondernemendvenlo.nl\/bedrijventerreinen\/#primaryimage","url":"https:\/\/www.ondernemendvenlo.nl\/wp-content\/uploads\/2025\/03\/OV_bedrijventerreinen_venlo_overzicht.png","contentUrl":"https:\/\/www.ondernemendvenlo.nl\/wp-content\/uploads\/2025\/03\/OV_bedrijventerreinen_venlo_overzicht.png"},{"@type":"BreadcrumbList","@id":"https:\/\/www.ondernemendvenlo.nl\/bedrijventerreinen\/#breadcrumb","itemListElement":[{"@type":"ListItem","position":1,"name":"Ondernemend Venlo","item":"https:\/\/www.ondernemendvenlo.nl\/"},{"@type":"ListItem","position":2,"name":"Bedrijventerreinen"}]},{"@type":"WebSite","@id":"https:\/\/www.ondernemendvenlo.nl\/#website","url":"https:\/\/www.ondernemendvenlo.nl\/","name":"Unternehmerisches Venlo","description":"Samen succesvol ondernemen","publisher":{"@id":"https:\/\/www.ondernemendvenlo.nl\/#organization"},"potentialAction":[{"@type":"SearchAction","target":{"@type":"EntryPoint","urlTemplate":"https:\/\/www.ondernemendvenlo.nl\/?s={search_term_string}"},"query-input":{"@type":"PropertyValueSpecification","valueRequired":true,"valueName":"search_term_string"}}],"inLanguage":"de"},{"@type":"Organization","@id":"https:\/\/www.ondernemendvenlo.nl\/#organization","name":"Unternehmerisches Venlo","url":"https:\/\/www.ondernemendvenlo.nl\/","logo":{"@type":"ImageObject","inLanguage":"de","@id":"https:\/\/www.ondernemendvenlo.nl\/#\/schema\/logo\/image\/","url":"https:\/\/www.ondernemendvenlo.nl\/wp-content\/uploads\/2025\/02\/Ondernemend-Venlo-logo-scaled.webp","contentUrl":"https:\/\/www.ondernemendvenlo.nl\/wp-content\/uploads\/2025\/02\/Ondernemend-Venlo-logo-scaled.webp","width":2560,"height":1010,"caption":"Ondernemend Venlo"},"image":{"@id":"https:\/\/www.ondernemendvenlo.nl\/#\/schema\/logo\/image\/"},"sameAs":["https:\/\/www.linkedin.com\/company\/ondernemend-venlo\/"]}]}},"_links":{"self":[{"href":"https:\/\/www.ondernemendvenlo.nl\/de\/wp-json\/wp\/v2\/pages\/285","targetHints":{"allow":["GET"]}}],"collection":[{"href":"https:\/\/www.ondernemendvenlo.nl\/de\/wp-json\/wp\/v2\/pages"}],"about":[{"href":"https:\/\/www.ondernemendvenlo.nl\/de\/wp-json\/wp\/v2\/types\/page"}],"author":[{"embeddable":true,"href":"https:\/\/www.ondernemendvenlo.nl\/de\/wp-json\/wp\/v2\/users\/1"}],"replies":[{"embeddable":true,"href":"https:\/\/www.ondernemendvenlo.nl\/de\/wp-json\/wp\/v2\/comments?post=285"}],"version-history":[{"count":0,"href":"https:\/\/www.ondernemendvenlo.nl\/de\/wp-json\/wp\/v2\/pages\/285\/revisions"}],"wp:attachment":[{"href":"https:\/\/www.ondernemendvenlo.nl\/de\/wp-json\/wp\/v2\/media?parent=285"}],"curies":[{"name":"wp","href":"https:\/\/api.w.org\/{rel}","templated":true}]}}