{"id":3865,"date":"2025-04-07T22:41:08","date_gmt":"2025-04-07T20:41:08","guid":{"rendered":"https:\/\/www.ondernemendvenlo.nl\/?page_id=3865"},"modified":"2025-04-10T15:31:16","modified_gmt":"2025-04-10T13:31:16","slug":"optimale-infrastructuur","status":"publish","type":"page","link":"https:\/\/www.ondernemendvenlo.nl\/de\/projecten\/optimale-infrastructuur\/","title":{"rendered":"Optimale Infrastruktur"},"content":{"rendered":"<div data-elementor-type=\"wp-page\" data-elementor-id=\"3865\" class=\"elementor elementor-3865\" data-elementor-post-type=\"page\">\n\t\t\t\t<div class=\"elementor-element elementor-element-1e9b714 e-flex e-con-boxed e-con e-parent\" data-id=\"1e9b714\" data-element_type=\"container\">\n\t\t\t\t\t<div class=\"e-con-inner\">\n\t\t\t\t<div class=\"elementor-element elementor-element-e852ce9 elementor-widget elementor-widget-heading\" data-id=\"e852ce9\" data-element_type=\"widget\" data-widget_type=\"heading.default\">\n\t\t\t\t<div class=\"elementor-widget-container\">\n\t\t\t\t\t<h2 class=\"elementor-heading-title elementor-size-default\">Optimierung der Infrastruktur<\/h2>\t\t\t\t<\/div>\n\t\t\t\t<\/div>\n\t\t\t\t<div class=\"elementor-element elementor-element-b1a614c elementor-widget elementor-widget-text-editor\" data-id=\"b1a614c\" data-element_type=\"widget\" data-widget_type=\"text-editor.default\">\n\t\t\t\t<div class=\"elementor-widget-container\">\n\t\t\t\t\t\t\t\t\t<p>Zu einem gut funktionierenden Gewerbegebiet geh\u00f6rt mehr als nur Asphalt und Beleuchtung. Ondernemend Venlo arbeitet t\u00e4glich an einer optimalen Infrastruktur in seinen zwanzig Gewerbegebieten, damit sich die Unternehmer auf das konzentrieren k\u00f6nnen, was sie am besten k\u00f6nnen: Gesch\u00e4fte machen. Unser Ansatz ist ganzheitlich und zukunftsorientiert und konzentriert sich auf Zug\u00e4nglichkeit, Sicherheit, Nachhaltigkeit und Zusammenarbeit.<\/p>\t\t\t\t\t\t\t\t<\/div>\n\t\t\t\t<\/div>\n\t\t\t\t<div class=\"elementor-element elementor-element-452762b elementor-widget elementor-widget-heading\" data-id=\"452762b\" data-element_type=\"widget\" data-widget_type=\"heading.default\">\n\t\t\t\t<div class=\"elementor-widget-container\">\n\t\t\t\t\t<h2 class=\"elementor-heading-title elementor-size-default\">Solide Grundlage: sauber, zug\u00e4nglich und gr\u00fcn<\/h2>\t\t\t\t<\/div>\n\t\t\t\t<\/div>\n\t\t\t\t<div class=\"elementor-element elementor-element-138e726 elementor-widget elementor-widget-text-editor\" data-id=\"138e726\" data-element_type=\"widget\" data-widget_type=\"text-editor.default\">\n\t\t\t\t<div class=\"elementor-widget-container\">\n\t\t\t\t\t\t\t\t\t<p>Ein gut gepflegter Standort ist der erste Schritt zu einem angenehmen Arbeitsumfeld. Wir sorgen f\u00fcr ein sauberes, vollst\u00e4ndiges und sicheres Umfeld, eine klare Beschilderung und sind aktiv an der Kontrolle der Gl\u00e4tte beteiligt. Au\u00dferdem erleichtern wir das Parken von Lastwagen und setzen es durch, um den Verkehrsfluss zu verbessern. \u00dcber die Projektgruppe Gr\u00fcn setzen wir uns f\u00fcr mehr Gr\u00fcnzonen und ein attraktiveres Gesch\u00e4ftsklima ein.<\/p>\t\t\t\t\t\t\t\t<\/div>\n\t\t\t\t<\/div>\n\t\t\t\t<div class=\"elementor-element elementor-element-06620a0 elementor-widget elementor-widget-heading\" data-id=\"06620a0\" data-element_type=\"widget\" data-widget_type=\"heading.default\">\n\t\t\t\t<div class=\"elementor-widget-container\">\n\t\t\t\t\t<h2 class=\"elementor-heading-title elementor-size-default\">Sicherheit als Voraussetzung<\/h2>\t\t\t\t<\/div>\n\t\t\t\t<\/div>\n\t\t\t\t<div class=\"elementor-element elementor-element-cce9027 elementor-widget elementor-widget-text-editor\" data-id=\"cce9027\" data-element_type=\"widget\" data-widget_type=\"text-editor.default\">\n\t\t\t\t<div class=\"elementor-widget-container\">\n\t\t\t\t\t\t\t\t\t<p>Eine Infrastruktur ist nur dann wirklich optimal, wenn sie sicher ist. Deshalb investieren wir in die physische Sicherheit (z. B. das Kameraprojekt, die \u00dcberwachung und das Katastrophenmanagement) und die digitale Widerstandsf\u00e4higkeit durch das Cybersicherheitsprojekt. In Zusammenarbeit mit Safe Venlo und anderen Sicherheitspartnern werden Unternehmen aktiv bei der Erlangung des Qualit\u00e4tszeichens f\u00fcr sicheres Unternehmertum unterst\u00fctzt.<\/p>\t\t\t\t\t\t\t\t<\/div>\n\t\t\t\t<\/div>\n\t\t\t\t<div class=\"elementor-element elementor-element-3e4c3ef elementor-widget elementor-widget-heading\" data-id=\"3e4c3ef\" data-element_type=\"widget\" data-widget_type=\"heading.default\">\n\t\t\t\t<div class=\"elementor-widget-container\">\n\t\t\t\t\t<h2 class=\"elementor-heading-title elementor-size-default\">Gemeinsam stark durch Kommunikation und Abstimmung<\/h2>\t\t\t\t<\/div>\n\t\t\t\t<\/div>\n\t\t\t\t<div class=\"elementor-element elementor-element-2fc3d3f elementor-widget elementor-widget-text-editor\" data-id=\"2fc3d3f\" data-element_type=\"widget\" data-widget_type=\"text-editor.default\">\n\t\t\t\t<div class=\"elementor-widget-container\">\n\t\t\t\t\t\t\t\t\t<p>Eine gute Infrastruktur erfordert auch eine gute Informations- und Beratungsstruktur. Ondernemend Venlo fungiert als zentrale Anlaufstelle f\u00fcr Unternehmer, organisiert Beratungen und Treffen und stimmt sich st\u00e4ndig mit der Gemeinde, der Provinz und nationalen Stellen wie Rijkswaterstaat ab. Gemeinsam schaffen wir Gewerbegebiete, die f\u00fcr die Zukunft ger\u00fcstet sind.<\/p>\t\t\t\t\t\t\t\t<\/div>\n\t\t\t\t<\/div>\n\t\t\t\t\t<\/div>\n\t\t\t\t<\/div>\n\t\t\t\t<\/div>","protected":false},"excerpt":{"rendered":"<p>Optimalisatie van de infrastructuur Een goed functionerend bedrijventerrein vraagt om meer dan alleen asfalt en verlichting. Ondernemend Venlo werkt dagelijks aan een optimale infrastructuur op haar twintig bedrijventerreinen, zodat ondernemers zich kunnen richten op waar zij goed in zijn: ondernemen. Onze aanpak is integraal en toekomstgericht, met aandacht voor bereikbaarheid, veiligheid, duurzaamheid en samenwerking. Solide [&hellip;]<\/p>","protected":false},"author":1,"featured_media":0,"parent":700,"menu_order":1,"comment_status":"closed","ping_status":"closed","template":"","meta":{"_acf_changed":false,"footnotes":""},"class_list":["post-3865","page","type-page","status-publish","hentry"],"acf":[],"yoast_head":"<!-- This site is optimized with the Yoast SEO plugin v26.3 - https:\/\/yoast.com\/wordpress\/plugins\/seo\/ -->\n<title>Optimale infrastructuur - Ondernemend Venlo<\/title>\n<meta name=\"robots\" content=\"index, follow, max-snippet:-1, max-image-preview:large, max-video-preview:-1\" \/>\n<link rel=\"canonical\" href=\"https:\/\/www.ondernemendvenlo.nl\/de\/projecten\/optimale-infrastructuur\/\" \/>\n<meta property=\"og:locale\" content=\"de_DE\" \/>\n<meta property=\"og:type\" content=\"article\" \/>\n<meta property=\"og:title\" content=\"Optimale infrastructuur - Ondernemend Venlo\" \/>\n<meta property=\"og:description\" content=\"Optimalisatie van de infrastructuur Een goed functionerend bedrijventerrein vraagt om meer dan alleen asfalt en verlichting. Ondernemend Venlo werkt dagelijks aan een optimale infrastructuur op haar twintig bedrijventerreinen, zodat ondernemers zich kunnen richten op waar zij goed in zijn: ondernemen. Onze aanpak is integraal en toekomstgericht, met aandacht voor bereikbaarheid, veiligheid, duurzaamheid en samenwerking. Solide [&hellip;]\" \/>\n<meta property=\"og:url\" content=\"https:\/\/www.ondernemendvenlo.nl\/de\/projecten\/optimale-infrastructuur\/\" \/>\n<meta property=\"og:site_name\" content=\"Ondernemend Venlo\" \/>\n<meta property=\"article:modified_time\" content=\"2025-04-10T13:31:16+00:00\" \/>\n<meta name=\"twitter:card\" content=\"summary_large_image\" \/>\n<meta name=\"twitter:label1\" content=\"Gesch\u00e4tzte Lesezeit\" \/>\n\t<meta name=\"twitter:data1\" content=\"2\u00a0Minuten\" \/>\n<script type=\"application\/ld+json\" class=\"yoast-schema-graph\">{\"@context\":\"https:\/\/schema.org\",\"@graph\":[{\"@type\":\"WebPage\",\"@id\":\"https:\/\/www.ondernemendvenlo.nl\/projecten\/optimale-infrastructuur\/\",\"url\":\"https:\/\/www.ondernemendvenlo.nl\/projecten\/optimale-infrastructuur\/\",\"name\":\"Optimale infrastructuur - Ondernemend Venlo\",\"isPartOf\":{\"@id\":\"https:\/\/www.ondernemendvenlo.nl\/#website\"},\"datePublished\":\"2025-04-07T20:41:08+00:00\",\"dateModified\":\"2025-04-10T13:31:16+00:00\",\"breadcrumb\":{\"@id\":\"https:\/\/www.ondernemendvenlo.nl\/projecten\/optimale-infrastructuur\/#breadcrumb\"},\"inLanguage\":\"de\",\"potentialAction\":[{\"@type\":\"ReadAction\",\"target\":[\"https:\/\/www.ondernemendvenlo.nl\/projecten\/optimale-infrastructuur\/\"]}]},{\"@type\":\"BreadcrumbList\",\"@id\":\"https:\/\/www.ondernemendvenlo.nl\/projecten\/optimale-infrastructuur\/#breadcrumb\",\"itemListElement\":[{\"@type\":\"ListItem\",\"position\":1,\"name\":\"Ondernemend Venlo\",\"item\":\"https:\/\/www.ondernemendvenlo.nl\/\"},{\"@type\":\"ListItem\",\"position\":2,\"name\":\"Projecten\",\"item\":\"https:\/\/www.ondernemendvenlo.nl\/projecten\/\"},{\"@type\":\"ListItem\",\"position\":3,\"name\":\"Optimale infrastructuur\"}]},{\"@type\":\"WebSite\",\"@id\":\"https:\/\/www.ondernemendvenlo.nl\/#website\",\"url\":\"https:\/\/www.ondernemendvenlo.nl\/\",\"name\":\"Ondernemend Venlo\",\"description\":\"Samen succesvol ondernemen\",\"publisher\":{\"@id\":\"https:\/\/www.ondernemendvenlo.nl\/#organization\"},\"potentialAction\":[{\"@type\":\"SearchAction\",\"target\":{\"@type\":\"EntryPoint\",\"urlTemplate\":\"https:\/\/www.ondernemendvenlo.nl\/?s={search_term_string}\"},\"query-input\":{\"@type\":\"PropertyValueSpecification\",\"valueRequired\":true,\"valueName\":\"search_term_string\"}}],\"inLanguage\":\"de\"},{\"@type\":\"Organization\",\"@id\":\"https:\/\/www.ondernemendvenlo.nl\/#organization\",\"name\":\"Ondernemend Venlo\",\"url\":\"https:\/\/www.ondernemendvenlo.nl\/\",\"logo\":{\"@type\":\"ImageObject\",\"inLanguage\":\"de\",\"@id\":\"https:\/\/www.ondernemendvenlo.nl\/#\/schema\/logo\/image\/\",\"url\":\"https:\/\/www.ondernemendvenlo.nl\/wp-content\/uploads\/2025\/02\/Ondernemend-Venlo-logo-scaled.webp\",\"contentUrl\":\"https:\/\/www.ondernemendvenlo.nl\/wp-content\/uploads\/2025\/02\/Ondernemend-Venlo-logo-scaled.webp\",\"width\":2560,\"height\":1010,\"caption\":\"Ondernemend Venlo\"},\"image\":{\"@id\":\"https:\/\/www.ondernemendvenlo.nl\/#\/schema\/logo\/image\/\"},\"sameAs\":[\"https:\/\/www.linkedin.com\/company\/ondernemend-venlo\/\"]}]}<\/script>\n<!-- \/ Yoast SEO plugin. -->","yoast_head_json":{"title":"Optimale infrastructuur - Ondernemend Venlo","robots":{"index":"index","follow":"follow","max-snippet":"max-snippet:-1","max-image-preview":"max-image-preview:large","max-video-preview":"max-video-preview:-1"},"canonical":"https:\/\/www.ondernemendvenlo.nl\/de\/projecten\/optimale-infrastructuur\/","og_locale":"de_DE","og_type":"article","og_title":"Optimale infrastructuur - Ondernemend Venlo","og_description":"Optimalisatie van de infrastructuur Een goed functionerend bedrijventerrein vraagt om meer dan alleen asfalt en verlichting. Ondernemend Venlo werkt dagelijks aan een optimale infrastructuur op haar twintig bedrijventerreinen, zodat ondernemers zich kunnen richten op waar zij goed in zijn: ondernemen. Onze aanpak is integraal en toekomstgericht, met aandacht voor bereikbaarheid, veiligheid, duurzaamheid en samenwerking. Solide [&hellip;]","og_url":"https:\/\/www.ondernemendvenlo.nl\/de\/projecten\/optimale-infrastructuur\/","og_site_name":"Ondernemend Venlo","article_modified_time":"2025-04-10T13:31:16+00:00","twitter_card":"summary_large_image","twitter_misc":{"Gesch\u00e4tzte Lesezeit":"2\u00a0Minuten"},"schema":{"@context":"https:\/\/schema.org","@graph":[{"@type":"WebPage","@id":"https:\/\/www.ondernemendvenlo.nl\/projecten\/optimale-infrastructuur\/","url":"https:\/\/www.ondernemendvenlo.nl\/projecten\/optimale-infrastructuur\/","name":"Optimale infrastructuur - Ondernemend Venlo","isPartOf":{"@id":"https:\/\/www.ondernemendvenlo.nl\/#website"},"datePublished":"2025-04-07T20:41:08+00:00","dateModified":"2025-04-10T13:31:16+00:00","breadcrumb":{"@id":"https:\/\/www.ondernemendvenlo.nl\/projecten\/optimale-infrastructuur\/#breadcrumb"},"inLanguage":"de","potentialAction":[{"@type":"ReadAction","target":["https:\/\/www.ondernemendvenlo.nl\/projecten\/optimale-infrastructuur\/"]}]},{"@type":"BreadcrumbList","@id":"https:\/\/www.ondernemendvenlo.nl\/projecten\/optimale-infrastructuur\/#breadcrumb","itemListElement":[{"@type":"ListItem","position":1,"name":"Ondernemend Venlo","item":"https:\/\/www.ondernemendvenlo.nl\/"},{"@type":"ListItem","position":2,"name":"Projecten","item":"https:\/\/www.ondernemendvenlo.nl\/projecten\/"},{"@type":"ListItem","position":3,"name":"Optimale infrastructuur"}]},{"@type":"WebSite","@id":"https:\/\/www.ondernemendvenlo.nl\/#website","url":"https:\/\/www.ondernemendvenlo.nl\/","name":"Unternehmerisches Venlo","description":"Samen succesvol ondernemen","publisher":{"@id":"https:\/\/www.ondernemendvenlo.nl\/#organization"},"potentialAction":[{"@type":"SearchAction","target":{"@type":"EntryPoint","urlTemplate":"https:\/\/www.ondernemendvenlo.nl\/?s={search_term_string}"},"query-input":{"@type":"PropertyValueSpecification","valueRequired":true,"valueName":"search_term_string"}}],"inLanguage":"de"},{"@type":"Organization","@id":"https:\/\/www.ondernemendvenlo.nl\/#organization","name":"Unternehmerisches Venlo","url":"https:\/\/www.ondernemendvenlo.nl\/","logo":{"@type":"ImageObject","inLanguage":"de","@id":"https:\/\/www.ondernemendvenlo.nl\/#\/schema\/logo\/image\/","url":"https:\/\/www.ondernemendvenlo.nl\/wp-content\/uploads\/2025\/02\/Ondernemend-Venlo-logo-scaled.webp","contentUrl":"https:\/\/www.ondernemendvenlo.nl\/wp-content\/uploads\/2025\/02\/Ondernemend-Venlo-logo-scaled.webp","width":2560,"height":1010,"caption":"Ondernemend Venlo"},"image":{"@id":"https:\/\/www.ondernemendvenlo.nl\/#\/schema\/logo\/image\/"},"sameAs":["https:\/\/www.linkedin.com\/company\/ondernemend-venlo\/"]}]}},"_links":{"self":[{"href":"https:\/\/www.ondernemendvenlo.nl\/de\/wp-json\/wp\/v2\/pages\/3865","targetHints":{"allow":["GET"]}}],"collection":[{"href":"https:\/\/www.ondernemendvenlo.nl\/de\/wp-json\/wp\/v2\/pages"}],"about":[{"href":"https:\/\/www.ondernemendvenlo.nl\/de\/wp-json\/wp\/v2\/types\/page"}],"author":[{"embeddable":true,"href":"https:\/\/www.ondernemendvenlo.nl\/de\/wp-json\/wp\/v2\/users\/1"}],"replies":[{"embeddable":true,"href":"https:\/\/www.ondernemendvenlo.nl\/de\/wp-json\/wp\/v2\/comments?post=3865"}],"version-history":[{"count":3,"href":"https:\/\/www.ondernemendvenlo.nl\/de\/wp-json\/wp\/v2\/pages\/3865\/revisions"}],"predecessor-version":[{"id":4922,"href":"https:\/\/www.ondernemendvenlo.nl\/de\/wp-json\/wp\/v2\/pages\/3865\/revisions\/4922"}],"up":[{"embeddable":true,"href":"https:\/\/www.ondernemendvenlo.nl\/de\/wp-json\/wp\/v2\/pages\/700"}],"wp:attachment":[{"href":"https:\/\/www.ondernemendvenlo.nl\/de\/wp-json\/wp\/v2\/media?parent=3865"}],"curies":[{"name":"wp","href":"https:\/\/api.w.org\/{rel}","templated":true}]}}