{"id":4179,"date":"2025-04-08T17:26:59","date_gmt":"2025-04-08T15:26:59","guid":{"rendered":"https:\/\/www.ondernemendvenlo.nl\/?page_id=4179"},"modified":"2025-04-09T07:59:27","modified_gmt":"2025-04-09T05:59:27","slug":"privacybeleid","status":"publish","type":"page","link":"https:\/\/www.ondernemendvenlo.nl\/de\/privacybeleid\/","title":{"rendered":"Datenschutzbestimmungen"},"content":{"rendered":"<div data-elementor-type=\"wp-page\" data-elementor-id=\"4179\" class=\"elementor elementor-4179\" data-elementor-post-type=\"page\">\n\t\t\t\t<div class=\"elementor-element elementor-element-342e9f96 e-flex e-con-boxed e-con e-parent\" data-id=\"342e9f96\" data-element_type=\"container\">\n\t\t\t\t\t<div class=\"e-con-inner\">\n\t\t\t\t<div class=\"elementor-element elementor-element-3578761f elementor-widget elementor-widget-text-editor\" data-id=\"3578761f\" data-element_type=\"widget\" data-widget_type=\"text-editor.default\">\n\t\t\t\t<div class=\"elementor-widget-container\">\n\t\t\t\t\t\t\t\t\t<p>Dies ist die Datenschutzerkl\u00e4rung der Vereniging Ondernemend Venlo, mit Sitz in Sint Jansweg 15, 5928 RC Venlo, eingetragen im Handelsregister der Handelskammer unter der Nummer 70019371, im Folgenden: die Vereinigung.<\/p><p>Ondernemend Venlo verarbeitet Ihre personenbezogenen Daten, weil Sie unsere Dienste in Anspruch nehmen und\/oder weil Sie sie uns selbst zur Verf\u00fcgung stellen. Wir halten es f\u00fcr wichtig, dass Ihre pers\u00f6nlichen Daten sorgf\u00e4ltig behandelt werden. Deshalb haben wir in dieser Erkl\u00e4rung f\u00fcr Sie dargelegt, wie wir mit Ihren personenbezogenen Daten umgehen und welche Rechte Sie haben.<br \/>Sollten Sie nach der Lekt\u00fcre dieser Erkl\u00e4rung noch Fragen haben, k\u00f6nnen Sie diese gerne per E-Mail an uns richten: <a href=\"mailto:secretariaat@ondernemendvenlo.nl\">secretariaat@ondernemendvenlo.nl<\/a><\/p><h2>Verarbeitungsregister<\/h2><p>In der nachstehenden Tabelle k\u00f6nnen Sie sich schnell und einfach dar\u00fcber informieren, zu welchem Zweck wir welche personenbezogenen Daten von Ihnen erheben, wie lange wir sie aufbewahren und wer diese personenbezogenen Daten gegebenenfalls von uns erh\u00e4lt:<\/p><table data-start=\"1144\" data-end=\"3072\"><thead data-start=\"1144\" data-end=\"1238\"><tr data-start=\"1144\" data-end=\"1238\"><th data-start=\"1144\" data-end=\"1155\">Ziel<\/th><th data-start=\"1155\" data-end=\"1184\">Welche pers\u00f6nlichen Daten<\/th><th data-start=\"1184\" data-end=\"1200\">Basis<\/th><th data-start=\"1200\" data-end=\"1220\">Aufbewahrungsfrist<\/th><th data-start=\"1220\" data-end=\"1238\">Empf\u00e4nger<\/th><\/tr><\/thead><tbody data-start=\"1334\" data-end=\"3072\"><tr data-start=\"1334\" data-end=\"1678\"><td>Pr\u00fcfung, ob Sie Mitglied werden k\u00f6nnen\/wollen, und Ausf\u00fcllen des Mitgliedsvertrags.<\/td><td>Firmenname, Name der Kontaktperson(en), Anschrift, Telefonnummer(n), E-Mail-Adresse(n)<\/td><td>Ausf\u00fchrung des Abkommens<\/td><td>F\u00fcr die Dauer des Vertragsverh\u00e4ltnisses. Nach der Abmeldung werden die Daten so schnell wie m\u00f6glich gel\u00f6scht.<\/td><td>Sekretariat, Parkverwaltung<\/td><\/tr><tr data-start=\"1679\" data-end=\"1965\"><td>Verfolgen Sie die Teilnehmer des BIZ in Bezug auf die Vertretung und Bereitstellung von Informationen.<\/td><td>Firmenname, Name der Kontaktperson(en), Anschrift, Telefonnummer(n), E-Mail-Adresse(n)<\/td><td>Legitimes Interesse<\/td><td>Solange man sich im BIZ-Bereich befindet.<\/td><td>Sekretariat, Parkmanager, Vorsitzender PR&amp;C<\/td><\/tr><tr data-start=\"1966\" data-end=\"2247\"><td>Verwaltung<\/td><td>Firmenname, Name der Kontaktperson(en), Anschrift, E-Mail-Adresse(n), Zahlungsangaben<\/td><td>Ausf\u00fchrung des Abkommens<\/td><td>F\u00fcr die Dauer der Vereinbarung, dann nur in Finanzunterlagen f\u00fcr 7 Jahre.<\/td><td>Sekretariat, Parkmanager, Schatzmeister<\/td><\/tr><tr data-start=\"2248\" data-end=\"2518\"><td>Versenden von digitalen Nachrichten \u00fcber den Business Park und Einladungen zu Treffen<\/td><td>Firmenname, Name der Kontaktperson(en), E-Mail-Adresse(n)<\/td><td>Ausf\u00fchrung des Abkommens<\/td><td>W\u00e4hrend der Vertragslaufzeit und bei Bedarf.<\/td><td>Sekretariat, Parkverwaltung<\/td><\/tr><tr data-start=\"2519\" data-end=\"2681\"><td>Versand von digitalen Newslettern<\/td><td>Firmenname, Name der Kontaktperson(en), E-Mail-Adresse(n)<\/td><td>Erlaubnis<\/td><td>Bis zum Widerruf<\/td><td>Sekretariat, Website-Verwaltung<\/td><\/tr><tr data-start=\"2682\" data-end=\"2873\"><td>Anmeldung Teilnahme Treffen<\/td><td>Firmenname, Name der Kontaktperson(en), E-Mail-Adresse(n)<\/td><td>Erlaubnis<\/td><td>Maximal 2 Jahre nach dem Treffen<\/td><td>Sekretariat, Parkmanager, Vorsitzender PR&amp;C<\/td><\/tr><tr data-start=\"2874\" data-end=\"3072\"><td>Zur Verbesserung unserer digitalen Dienste<\/td><td>Cookies (f\u00fcr weitere Informationen siehe die Unterrubrik Cookies)<\/td><td>Erlaubnis<\/td><td>Jedes Mal, wenn unsere Website besucht wird<\/td><td>Website-Administrator, Analysetools<\/td><\/tr><\/tbody><\/table><h2>Weitergabe von personenbezogenen Daten an Dritte<\/h2><p>Ondernemend Venlo verkauft Ihre Daten nicht an Dritte und stellt sie nur zur Verf\u00fcgung, wenn dies f\u00fcr die Durchf\u00fchrung unseres Vertrags mit Ihnen oder zur Erf\u00fcllung einer gesetzlichen Verpflichtung erforderlich ist. Mit Unternehmen, die in einigen F\u00e4llen Ihre Daten in unserem Auftrag verarbeiten, schlie\u00dfen wir einen Auftragsverarbeitungsvertrag ab, um das gleiche Niveau an Sicherheit und Vertraulichkeit Ihrer Daten zu gew\u00e4hrleisten. Ondernemend Venlo bleibt f\u00fcr diese Verarbeitung verantwortlich.<\/p><h2>Einsichtnahme, Berichtigung und L\u00f6schung von personenbezogenen Daten<\/h2><p>Sie k\u00f6nnen einen Antrag auf Zugang, Berichtigung, L\u00f6schung oder \u00dcbertragung Ihrer personenbezogenen Daten oder auf Widerruf Ihrer Einwilligung oder Widerspruch gegen die Verarbeitung Ihrer personenbezogenen Daten an folgende Adresse richten: <a href=\"mailto:secretariaat@ondernemendvenlo.nl\">secretariaat@ondernemendvenlo.nl<\/a><\/p><h2>Sicherheit personenbezogener Daten<\/h2><p>Der Verein ergreift geeignete Ma\u00dfnahmen, um Ihre personenbezogenen Daten vor Verlust, unberechtigtem Zugriff, Ver\u00f6ffentlichung und unrechtm\u00e4\u00dfiger Verarbeitung zu sch\u00fctzen.<br \/>So stellen wir beispielsweise sicher, dass nur die erforderlichen Personen Zugang zu Ihren Daten haben, dass der Zugang zu personenbezogenen Daten gesch\u00fctzt ist und dass unsere Sicherheitsma\u00dfnahmen regelm\u00e4\u00dfig \u00fcberpr\u00fcft werden.<\/p><h2>Links zu anderen Websites<\/h2><p>Die Website kann Links zu anderen Websites enthalten. Diese Datenschutzerkl\u00e4rung gilt nur f\u00fcr die Websites der Vereinigung. Andere Websites k\u00f6nnen ihre eigenen Datenschutzrichtlinien haben. Die Vereinigung fordert Sie auf, vor der Nutzung anderer Websites stets die entsprechenden Datenschutzerkl\u00e4rungen dieser Websites zu konsultieren.<\/p><h2>\u00c4nderung der Datenschutzpolitik<\/h2><p>Die Vereinigung aktualisiert ihre Datenschutzbestimmungen von Zeit zu Zeit, um sie auf dem neuesten Stand zu halten. Die Webseiten werden immer die aktuellste Version unserer Datenschutzerkl\u00e4rung enthalten. Die Vereinigung ermutigt Sie daher, die Datenschutzerkl\u00e4rung regelm\u00e4\u00dfig zu lesen.<br \/>Bei wichtigen \u00c4nderungen wird sich die Vereinigung bem\u00fchen, Sie per E-Mail und \u00fcber die Websites zu informieren.<\/p><h2>Beanstandung der Verarbeitung Ihrer personenbezogenen Daten<\/h2><p>Selbstverst\u00e4ndlich stehen wir Ihnen auch zur Verf\u00fcgung, wenn Sie sich \u00fcber die Verarbeitung Ihrer personenbezogenen Daten beschweren m\u00f6chten.<br \/>Nach dem AVG haben Sie auch das Recht, bei der Datenschutzbeh\u00f6rde eine Beschwerde \u00fcber die Verarbeitung Ihrer personenbezogenen Daten durch uns einzureichen.<br \/>Sie k\u00f6nnen sie unter folgender Adresse erreichen: <a href=\"https:\/\/autoriteitpersoonsgegevens.nl\/nl\/contact-met-de-autoriteit-persoonsgegevens\/tip-ons\" target=\"_blank\" rel=\"noopener\">https:\/\/autoriteitpersoonsgegevens.nl\/nl\/contact-met-de-autoriteit-persoonsgegevens\/tip-ons<\/a><\/p><h2>Verwendungsdaten<\/h2><p>Die Website von Ondernemend Venlo erfasst allgemeine Besuchsdaten, einschlie\u00dflich des Zeitpunkts des Abrufs und der von Ihrem Browser gesendeten Daten.<br \/>Diese Daten werden f\u00fcr Analysen des Besuchs- und Klickverhaltens auf der Website verwendet.<\/p><p>Ondernemend Venlo verwendet nur technische und funktionelle Cookies sowie analytische Cookies, die nicht in Ihre Privatsph\u00e4re eindringen. Die von uns verwendeten Cookies sind f\u00fcr den technischen Betrieb der Website und Ihre Benutzerfreundlichkeit notwendig. Sie sorgen daf\u00fcr, dass die Website ordnungsgem\u00e4\u00df funktioniert und merken sich zum Beispiel Ihre Pr\u00e4ferenzen. Sie erm\u00f6glichen es uns auch, unsere Website zu optimieren. Die Daten werden nicht an Dritte weitergegeben.<\/p><p>Sie k\u00f6nnen die Verwendung von Cookies ablehnen, indem Sie Ihren Internet-Browser so einstellen, dass keine Cookies mehr gespeichert werden.<br \/>Au\u00dferdem k\u00f6nnen Sie \u00fcber Ihre Browsereinstellungen alle zuvor gespeicherten Informationen l\u00f6schen.<\/p><p><strong>Letzte \u00c4nderung:<\/strong><br \/>Aktualisiert: April 2022<\/p>\t\t\t\t\t\t\t\t<\/div>\n\t\t\t\t<\/div>\n\t\t\t\t\t<\/div>\n\t\t\t\t<\/div>\n\t\t\t\t<\/div>","protected":false},"excerpt":{"rendered":"<p>Dit is de privacyverklaring van Vereniging Ondernemend Venlo, gevestigd te Sint Jansweg 15, 5928 RC Venlo, ingeschreven in het handelsregister van de Kamer van Koophandel onder nummer 70019371, hierna te noemen: de Vereniging. Ondernemend Venlo verwerkt uw persoonsgegevens doordat u gebruik maakt van onze diensten en\/of omdat u deze zelf aan ons verstrekt. Wij vinden [&hellip;]<\/p>","protected":false},"author":1,"featured_media":0,"parent":0,"menu_order":0,"comment_status":"closed","ping_status":"closed","template":"","meta":{"_acf_changed":false,"footnotes":""},"class_list":["post-4179","page","type-page","status-publish","hentry"],"acf":[],"yoast_head":"<!-- This site is optimized with the Yoast SEO plugin v26.3 - https:\/\/yoast.com\/wordpress\/plugins\/seo\/ -->\n<title>Privacybeleid - Ondernemend Venlo<\/title>\n<meta name=\"robots\" content=\"noindex, follow\" \/>\n<meta property=\"og:locale\" content=\"de_DE\" \/>\n<meta property=\"og:type\" content=\"article\" \/>\n<meta property=\"og:title\" content=\"Privacybeleid - Ondernemend Venlo\" \/>\n<meta property=\"og:description\" content=\"Dit is de privacyverklaring van Vereniging Ondernemend Venlo, gevestigd te Sint Jansweg 15, 5928 RC Venlo, ingeschreven in het handelsregister van de Kamer van Koophandel onder nummer 70019371, hierna te noemen: de Vereniging. Ondernemend Venlo verwerkt uw persoonsgegevens doordat u gebruik maakt van onze diensten en\/of omdat u deze zelf aan ons verstrekt. Wij vinden [&hellip;]\" \/>\n<meta property=\"og:url\" content=\"https:\/\/www.ondernemendvenlo.nl\/de\/privacybeleid\/\" \/>\n<meta property=\"og:site_name\" content=\"Ondernemend Venlo\" \/>\n<meta property=\"article:modified_time\" content=\"2025-04-09T05:59:27+00:00\" \/>\n<meta name=\"twitter:card\" content=\"summary_large_image\" \/>\n<meta name=\"twitter:label1\" content=\"Gesch\u00e4tzte Lesezeit\" \/>\n\t<meta name=\"twitter:data1\" content=\"4\u00a0Minuten\" \/>\n<script type=\"application\/ld+json\" class=\"yoast-schema-graph\">{\"@context\":\"https:\/\/schema.org\",\"@graph\":[{\"@type\":\"WebPage\",\"@id\":\"https:\/\/www.ondernemendvenlo.nl\/privacybeleid\/\",\"url\":\"https:\/\/www.ondernemendvenlo.nl\/privacybeleid\/\",\"name\":\"Privacybeleid - Ondernemend Venlo\",\"isPartOf\":{\"@id\":\"https:\/\/www.ondernemendvenlo.nl\/#website\"},\"datePublished\":\"2025-04-08T15:26:59+00:00\",\"dateModified\":\"2025-04-09T05:59:27+00:00\",\"breadcrumb\":{\"@id\":\"https:\/\/www.ondernemendvenlo.nl\/privacybeleid\/#breadcrumb\"},\"inLanguage\":\"de\",\"potentialAction\":[{\"@type\":\"ReadAction\",\"target\":[\"https:\/\/www.ondernemendvenlo.nl\/privacybeleid\/\"]}]},{\"@type\":\"BreadcrumbList\",\"@id\":\"https:\/\/www.ondernemendvenlo.nl\/privacybeleid\/#breadcrumb\",\"itemListElement\":[{\"@type\":\"ListItem\",\"position\":1,\"name\":\"Ondernemend Venlo\",\"item\":\"https:\/\/www.ondernemendvenlo.nl\/\"},{\"@type\":\"ListItem\",\"position\":2,\"name\":\"Privacybeleid\"}]},{\"@type\":\"WebSite\",\"@id\":\"https:\/\/www.ondernemendvenlo.nl\/#website\",\"url\":\"https:\/\/www.ondernemendvenlo.nl\/\",\"name\":\"Ondernemend Venlo\",\"description\":\"Samen succesvol ondernemen\",\"publisher\":{\"@id\":\"https:\/\/www.ondernemendvenlo.nl\/#organization\"},\"potentialAction\":[{\"@type\":\"SearchAction\",\"target\":{\"@type\":\"EntryPoint\",\"urlTemplate\":\"https:\/\/www.ondernemendvenlo.nl\/?s={search_term_string}\"},\"query-input\":{\"@type\":\"PropertyValueSpecification\",\"valueRequired\":true,\"valueName\":\"search_term_string\"}}],\"inLanguage\":\"de\"},{\"@type\":\"Organization\",\"@id\":\"https:\/\/www.ondernemendvenlo.nl\/#organization\",\"name\":\"Ondernemend Venlo\",\"url\":\"https:\/\/www.ondernemendvenlo.nl\/\",\"logo\":{\"@type\":\"ImageObject\",\"inLanguage\":\"de\",\"@id\":\"https:\/\/www.ondernemendvenlo.nl\/#\/schema\/logo\/image\/\",\"url\":\"https:\/\/www.ondernemendvenlo.nl\/wp-content\/uploads\/2025\/02\/Ondernemend-Venlo-logo-scaled.webp\",\"contentUrl\":\"https:\/\/www.ondernemendvenlo.nl\/wp-content\/uploads\/2025\/02\/Ondernemend-Venlo-logo-scaled.webp\",\"width\":2560,\"height\":1010,\"caption\":\"Ondernemend Venlo\"},\"image\":{\"@id\":\"https:\/\/www.ondernemendvenlo.nl\/#\/schema\/logo\/image\/\"},\"sameAs\":[\"https:\/\/www.linkedin.com\/company\/ondernemend-venlo\/\"]}]}<\/script>\n<!-- \/ Yoast SEO plugin. -->","yoast_head_json":{"title":"Privacybeleid - Ondernemend Venlo","robots":{"index":"noindex","follow":"follow"},"og_locale":"de_DE","og_type":"article","og_title":"Privacybeleid - Ondernemend Venlo","og_description":"Dit is de privacyverklaring van Vereniging Ondernemend Venlo, gevestigd te Sint Jansweg 15, 5928 RC Venlo, ingeschreven in het handelsregister van de Kamer van Koophandel onder nummer 70019371, hierna te noemen: de Vereniging. Ondernemend Venlo verwerkt uw persoonsgegevens doordat u gebruik maakt van onze diensten en\/of omdat u deze zelf aan ons verstrekt. Wij vinden [&hellip;]","og_url":"https:\/\/www.ondernemendvenlo.nl\/de\/privacybeleid\/","og_site_name":"Ondernemend Venlo","article_modified_time":"2025-04-09T05:59:27+00:00","twitter_card":"summary_large_image","twitter_misc":{"Gesch\u00e4tzte Lesezeit":"4\u00a0Minuten"},"schema":{"@context":"https:\/\/schema.org","@graph":[{"@type":"WebPage","@id":"https:\/\/www.ondernemendvenlo.nl\/privacybeleid\/","url":"https:\/\/www.ondernemendvenlo.nl\/privacybeleid\/","name":"Privacybeleid - Ondernemend Venlo","isPartOf":{"@id":"https:\/\/www.ondernemendvenlo.nl\/#website"},"datePublished":"2025-04-08T15:26:59+00:00","dateModified":"2025-04-09T05:59:27+00:00","breadcrumb":{"@id":"https:\/\/www.ondernemendvenlo.nl\/privacybeleid\/#breadcrumb"},"inLanguage":"de","potentialAction":[{"@type":"ReadAction","target":["https:\/\/www.ondernemendvenlo.nl\/privacybeleid\/"]}]},{"@type":"BreadcrumbList","@id":"https:\/\/www.ondernemendvenlo.nl\/privacybeleid\/#breadcrumb","itemListElement":[{"@type":"ListItem","position":1,"name":"Ondernemend Venlo","item":"https:\/\/www.ondernemendvenlo.nl\/"},{"@type":"ListItem","position":2,"name":"Privacybeleid"}]},{"@type":"WebSite","@id":"https:\/\/www.ondernemendvenlo.nl\/#website","url":"https:\/\/www.ondernemendvenlo.nl\/","name":"Unternehmerisches Venlo","description":"Samen succesvol ondernemen","publisher":{"@id":"https:\/\/www.ondernemendvenlo.nl\/#organization"},"potentialAction":[{"@type":"SearchAction","target":{"@type":"EntryPoint","urlTemplate":"https:\/\/www.ondernemendvenlo.nl\/?s={search_term_string}"},"query-input":{"@type":"PropertyValueSpecification","valueRequired":true,"valueName":"search_term_string"}}],"inLanguage":"de"},{"@type":"Organization","@id":"https:\/\/www.ondernemendvenlo.nl\/#organization","name":"Unternehmerisches Venlo","url":"https:\/\/www.ondernemendvenlo.nl\/","logo":{"@type":"ImageObject","inLanguage":"de","@id":"https:\/\/www.ondernemendvenlo.nl\/#\/schema\/logo\/image\/","url":"https:\/\/www.ondernemendvenlo.nl\/wp-content\/uploads\/2025\/02\/Ondernemend-Venlo-logo-scaled.webp","contentUrl":"https:\/\/www.ondernemendvenlo.nl\/wp-content\/uploads\/2025\/02\/Ondernemend-Venlo-logo-scaled.webp","width":2560,"height":1010,"caption":"Ondernemend Venlo"},"image":{"@id":"https:\/\/www.ondernemendvenlo.nl\/#\/schema\/logo\/image\/"},"sameAs":["https:\/\/www.linkedin.com\/company\/ondernemend-venlo\/"]}]}},"_links":{"self":[{"href":"https:\/\/www.ondernemendvenlo.nl\/de\/wp-json\/wp\/v2\/pages\/4179","targetHints":{"allow":["GET"]}}],"collection":[{"href":"https:\/\/www.ondernemendvenlo.nl\/de\/wp-json\/wp\/v2\/pages"}],"about":[{"href":"https:\/\/www.ondernemendvenlo.nl\/de\/wp-json\/wp\/v2\/types\/page"}],"author":[{"embeddable":true,"href":"https:\/\/www.ondernemendvenlo.nl\/de\/wp-json\/wp\/v2\/users\/1"}],"replies":[{"embeddable":true,"href":"https:\/\/www.ondernemendvenlo.nl\/de\/wp-json\/wp\/v2\/comments?post=4179"}],"version-history":[{"count":0,"href":"https:\/\/www.ondernemendvenlo.nl\/de\/wp-json\/wp\/v2\/pages\/4179\/revisions"}],"wp:attachment":[{"href":"https:\/\/www.ondernemendvenlo.nl\/de\/wp-json\/wp\/v2\/media?parent=4179"}],"curies":[{"name":"wp","href":"https:\/\/api.w.org\/{rel}","templated":true}]}}