{"id":693,"date":"2025-03-12T23:37:11","date_gmt":"2025-03-12T22:37:11","guid":{"rendered":"https:\/\/www.ondernemendvenlo.nl\/?page_id=693"},"modified":"2025-04-10T10:59:26","modified_gmt":"2025-04-10T08:59:26","slug":"keurmerk-veilig-ondernemen","status":"publish","type":"page","link":"https:\/\/www.ondernemendvenlo.nl\/de\/veiligheid\/keurmerk-veilig-ondernemen\/","title":{"rendered":"G\u00fctesiegel f\u00fcr sichere Unternehmen"},"content":{"rendered":"<div data-elementor-type=\"wp-page\" data-elementor-id=\"693\" class=\"elementor elementor-693\" data-elementor-post-type=\"page\">\n\t\t\t\t<div class=\"elementor-element elementor-element-569dc58 e-flex e-con-boxed e-con e-parent\" data-id=\"569dc58\" data-element_type=\"container\">\n\t\t\t\t\t<div class=\"e-con-inner\">\n\t\t<div class=\"elementor-element elementor-element-4375d9c e-con-full e-flex e-con e-child\" data-id=\"4375d9c\" data-element_type=\"container\">\n\t\t\t\t<div class=\"elementor-element elementor-element-929f110 elementor-widget elementor-widget-image\" data-id=\"929f110\" data-element_type=\"widget\" data-widget_type=\"image.default\">\n\t\t\t\t<div class=\"elementor-widget-container\">\n\t\t\t\t\t\t\t\t\t\t\t\t\t\t\t<img fetchpriority=\"high\" decoding=\"async\" width=\"1086\" height=\"1156\" src=\"https:\/\/www.ondernemendvenlo.nl\/wp-content\/uploads\/2025\/03\/ov-bg.png\" class=\"attachment-full size-full wp-image-801\" alt=\"\" srcset=\"https:\/\/www.ondernemendvenlo.nl\/wp-content\/uploads\/2025\/03\/ov-bg.png 1086w, https:\/\/www.ondernemendvenlo.nl\/wp-content\/uploads\/2025\/03\/ov-bg-282x300.png 282w, https:\/\/www.ondernemendvenlo.nl\/wp-content\/uploads\/2025\/03\/ov-bg-962x1024.png 962w, https:\/\/www.ondernemendvenlo.nl\/wp-content\/uploads\/2025\/03\/ov-bg-768x818.png 768w, https:\/\/www.ondernemendvenlo.nl\/wp-content\/uploads\/2025\/03\/ov-bg-11x12.png 11w\" sizes=\"(max-width: 1086px) 100vw, 1086px\" \/>\t\t\t\t\t\t\t\t\t\t\t\t\t\t\t<\/div>\n\t\t\t\t<\/div>\n\t\t\t\t<\/div>\n\t\t<div class=\"elementor-element elementor-element-73313a9 e-con-full e-flex e-con e-child\" data-id=\"73313a9\" data-element_type=\"container\">\n\t\t\t\t<div class=\"elementor-element elementor-element-76395a0 elementor-widget elementor-widget-heading\" data-id=\"76395a0\" data-element_type=\"widget\" data-widget_type=\"heading.default\">\n\t\t\t\t<div class=\"elementor-widget-container\">\n\t\t\t\t\t<span class=\"elementor-heading-title elementor-size-default\">G\u00fctesiegel f\u00fcr sichere Unternehmen\n<\/span>\t\t\t\t<\/div>\n\t\t\t\t<\/div>\n\t\t\t\t<div class=\"elementor-element elementor-element-dad351b elementor-widget elementor-widget-text-editor\" data-id=\"dad351b\" data-element_type=\"widget\" data-widget_type=\"text-editor.default\">\n\t\t\t\t<div class=\"elementor-widget-container\">\n\t\t\t\t\t\t\t\t\t<p>Im Rahmen von Sicherheitsarbeitsgruppen, die sich aus Vertretern der Departementsvorst\u00e4nde, der Gemeinde, des Sicherheitsdienstes, der Polizei und der Feuerwehr zusammensetzen, sorgt der Parkmanager daf\u00fcr, dass die Gewerbegebiete von Venlo das G\u00fctesiegel \"Sicheres Unternehmen\" tragen. Die nachhaltige Zusammenarbeit zwischen Unternehmern, Gemeinde, Polizei und Feuerwehr ist dabei von zentraler Bedeutung.<\/p>\t\t\t\t\t\t\t\t<\/div>\n\t\t\t\t<\/div>\n\t\t<div class=\"elementor-element elementor-element-0fcf09a e-con-full e-flex e-con e-child\" data-id=\"0fcf09a\" data-element_type=\"container\">\n\t\t\t\t<div class=\"elementor-element elementor-element-867249d elementor-widget elementor-widget-video\" data-id=\"867249d\" data-element_type=\"widget\" data-settings=\"{&quot;youtube_url&quot;:&quot;https:\\\/\\\/youtu.be\\\/ANYA1GXNIW4&quot;,&quot;video_type&quot;:&quot;youtube&quot;,&quot;controls&quot;:&quot;yes&quot;}\" data-widget_type=\"video.default\">\n\t\t\t\t<div class=\"elementor-widget-container\">\n\t\t\t\t\t\t\t<div class=\"elementor-wrapper elementor-open-inline\">\n\t\t\t<div class=\"elementor-video\"><\/div>\t\t<\/div>\n\t\t\t\t\t\t<\/div>\n\t\t\t\t<\/div>\n\t\t\t\t<\/div>\n\t\t\t\t<\/div>\n\t\t\t\t\t<\/div>\n\t\t\t\t<\/div>\n\t\t<div class=\"elementor-element elementor-element-ccb175c e-flex e-con-boxed e-con e-parent\" data-id=\"ccb175c\" data-element_type=\"container\" data-settings=\"{&quot;background_background&quot;:&quot;classic&quot;}\">\n\t\t\t\t\t<div class=\"e-con-inner\">\n\t\t\t\t<div class=\"elementor-element elementor-element-a5a0261 elementor-widget elementor-widget-heading\" data-id=\"a5a0261\" data-element_type=\"widget\" data-widget_type=\"heading.default\">\n\t\t\t\t<div class=\"elementor-widget-container\">\n\t\t\t\t\t<span class=\"elementor-heading-title elementor-size-default\">Erfolgreiche KVO-Rezertifizierung macht Gewerbegebiete in Venlo sicherer und rentabler\n\n\n\n\n\n\n<\/span>\t\t\t\t<\/div>\n\t\t\t\t<\/div>\n\t\t\t\t<div class=\"elementor-element elementor-element-336012b elementor-widget elementor-widget-text-editor\" data-id=\"336012b\" data-element_type=\"widget\" data-widget_type=\"text-editor.default\">\n\t\t\t\t<div class=\"elementor-widget-container\">\n\t\t\t\t\t\t\t\t\t<p>Gewerbegebiete kommen f\u00fcr eine KVO-Zertifizierung in Frage, wenn die beteiligten Parteien gemeinsame Vereinbarungen zur Bek\u00e4mpfung von Bel\u00e4stigung und Kriminalit\u00e4t treffen.<br \/>Mit Ma\u00dfnahmen wie (Raub-)Pr\u00e4ventionsschulungen, besserer \u00f6ffentlicher Beleuchtung, organisierter \u00dcberwachung und Brandschutz sorgt das KVO f\u00fcr ein sichereres und angenehmeres Umfeld. Die Sch\u00e4den an Unternehmen gehen zur\u00fcck und das Image des Gewerbegebiets verbessert sich.<\/p><p>Davon profitiert nicht nur der Unternehmer, sondern auch die Kommune. Au\u00dferdem macht die KVO die Verbrechensbek\u00e4mpfung und den Brandschutz f\u00fcr Polizei und Feuerwehr viel effektiver.<\/p><p>Am 14. Mai 2024 haben alle 20 Gewerbegebiete von Ondernemend Venlo die Rezertifizierung und das Audit f\u00fcr das Keurmerk Veilig Ondernemen - Continu Samenwerken (Qualit\u00e4tszeichen Sicheres Unternehmen - Kontinuierliche Zusammenarbeit) erfolgreich bestanden. Das neue KVO-Zertifikat ist 3 Jahre lang g\u00fcltig.<br \/>Unternehmer k\u00f6nnen dank der Zertifizierung in vielen F\u00e4llen Rabatte auf ihre Versicherungen erhalten.<\/p><p>Sie k\u00f6nnen das Zertifikat hier einsehen: <a href=\"https:\/\/www.ondernemendvenlo.nl\/wp-content\/uploads\/2025\/04\/KVOcertificaat2024-2027.png\" target=\"_blank\" rel=\"noopener noreferrer\">KVO-Zertifikat<\/a>.<\/p>\t\t\t\t\t\t\t\t<\/div>\n\t\t\t\t<\/div>\n\t\t\t\t<div class=\"elementor-element elementor-element-275e815 elementor-widget elementor-widget-button\" data-id=\"275e815\" data-element_type=\"widget\" data-widget_type=\"button.default\">\n\t\t\t\t<div class=\"elementor-widget-container\">\n\t\t\t\t\t\t\t\t\t<div class=\"elementor-button-wrapper\">\n\t\t\t\t\t<a class=\"elementor-button elementor-button-link elementor-size-sm\" href=\"https:\/\/hetccv.nl\/onderwerpen\/veilig-bedrijventerrein\/\" target=\"_blank\">\n\t\t\t\t\t\t<span class=\"elementor-button-content-wrapper\">\n\t\t\t\t\t\t\t\t\t<span class=\"elementor-button-text\">Klicken Sie hier f\u00fcr weitere Informationen \u00fcber das Qualit\u00e4tszeichen f\u00fcr sicheres Unternehmertum<\/span>\n\t\t\t\t\t<\/span>\n\t\t\t\t\t<\/a>\n\t\t\t\t<\/div>\n\t\t\t\t\t\t\t\t<\/div>\n\t\t\t\t<\/div>\n\t\t\t\t\t<\/div>\n\t\t\t\t<\/div>\n\t\t\t\t<\/div>","protected":false},"excerpt":{"rendered":"<p>Keurmerk Veilig Ondernemen Binnen veiligheidswerkgroepen bestaande uit afgevaardigden van de afdelingsbesturen, gemeente, beveiliging, politie en brandweer zorgt de parkmanager ervoor dat de Venlose bedrijventerreinen beschikken over \u201cHet Keurmerk Veilig Ondernemen\u201d. Een duurzame samenwerking tussen ondernemers, gemeente, politie en brandweer staat hierbij centraal. https:\/\/youtu.be\/ANYA1GXNIW4 Succesvolle hercertificering KVO maakt bedrijventerreinen Venlo veiliger \u00e9n voordeliger Bedrijventerreinen komen voor [&hellip;]<\/p>","protected":false},"author":1,"featured_media":835,"parent":689,"menu_order":2,"comment_status":"closed","ping_status":"closed","template":"","meta":{"_acf_changed":false,"footnotes":""},"class_list":["post-693","page","type-page","status-publish","has-post-thumbnail","hentry"],"acf":[],"yoast_head":"<!-- This site is optimized with the Yoast SEO plugin v26.3 - https:\/\/yoast.com\/wordpress\/plugins\/seo\/ -->\n<title>Keurmerk Veilig Ondernemen - Ondernemend Venlo<\/title>\n<meta name=\"robots\" content=\"index, follow, max-snippet:-1, max-image-preview:large, max-video-preview:-1\" \/>\n<link rel=\"canonical\" href=\"https:\/\/www.ondernemendvenlo.nl\/de\/veiligheid\/keurmerk-veilig-ondernemen\/\" \/>\n<meta property=\"og:locale\" content=\"de_DE\" \/>\n<meta property=\"og:type\" content=\"article\" \/>\n<meta property=\"og:title\" content=\"Keurmerk Veilig Ondernemen - Ondernemend Venlo\" \/>\n<meta property=\"og:description\" content=\"Keurmerk Veilig Ondernemen Binnen veiligheidswerkgroepen bestaande uit afgevaardigden van de afdelingsbesturen, gemeente, beveiliging, politie en brandweer zorgt de parkmanager ervoor dat de Venlose bedrijventerreinen beschikken over \u201cHet Keurmerk Veilig Ondernemen\u201d. Een duurzame samenwerking tussen ondernemers, gemeente, politie en brandweer staat hierbij centraal. https:\/\/youtu.be\/ANYA1GXNIW4 Succesvolle hercertificering KVO maakt bedrijventerreinen Venlo veiliger \u00e9n voordeliger Bedrijventerreinen komen voor [&hellip;]\" \/>\n<meta property=\"og:url\" content=\"https:\/\/www.ondernemendvenlo.nl\/de\/veiligheid\/keurmerk-veilig-ondernemen\/\" \/>\n<meta property=\"og:site_name\" content=\"Ondernemend Venlo\" \/>\n<meta property=\"article:modified_time\" content=\"2025-04-10T08:59:26+00:00\" \/>\n<meta property=\"og:image\" content=\"https:\/\/www.ondernemendvenlo.nl\/wp-content\/uploads\/2025\/03\/2018-OV-Veiligheid-01-768x512-1.jpg\" \/>\n\t<meta property=\"og:image:width\" content=\"768\" \/>\n\t<meta property=\"og:image:height\" content=\"512\" \/>\n\t<meta property=\"og:image:type\" content=\"image\/jpeg\" \/>\n<meta name=\"twitter:card\" content=\"summary_large_image\" \/>\n<meta name=\"twitter:label1\" content=\"Gesch\u00e4tzte Lesezeit\" \/>\n\t<meta name=\"twitter:data1\" content=\"2\u00a0Minuten\" \/>\n<script type=\"application\/ld+json\" class=\"yoast-schema-graph\">{\"@context\":\"https:\/\/schema.org\",\"@graph\":[{\"@type\":\"WebPage\",\"@id\":\"https:\/\/www.ondernemendvenlo.nl\/veiligheid\/keurmerk-veilig-ondernemen\/\",\"url\":\"https:\/\/www.ondernemendvenlo.nl\/veiligheid\/keurmerk-veilig-ondernemen\/\",\"name\":\"Keurmerk Veilig Ondernemen - Ondernemend Venlo\",\"isPartOf\":{\"@id\":\"https:\/\/www.ondernemendvenlo.nl\/#website\"},\"primaryImageOfPage\":{\"@id\":\"https:\/\/www.ondernemendvenlo.nl\/veiligheid\/keurmerk-veilig-ondernemen\/#primaryimage\"},\"image\":{\"@id\":\"https:\/\/www.ondernemendvenlo.nl\/veiligheid\/keurmerk-veilig-ondernemen\/#primaryimage\"},\"thumbnailUrl\":\"https:\/\/www.ondernemendvenlo.nl\/wp-content\/uploads\/2025\/03\/2018-OV-Veiligheid-01-768x512-1.jpg\",\"datePublished\":\"2025-03-12T22:37:11+00:00\",\"dateModified\":\"2025-04-10T08:59:26+00:00\",\"breadcrumb\":{\"@id\":\"https:\/\/www.ondernemendvenlo.nl\/veiligheid\/keurmerk-veilig-ondernemen\/#breadcrumb\"},\"inLanguage\":\"de\",\"potentialAction\":[{\"@type\":\"ReadAction\",\"target\":[\"https:\/\/www.ondernemendvenlo.nl\/veiligheid\/keurmerk-veilig-ondernemen\/\"]}]},{\"@type\":\"ImageObject\",\"inLanguage\":\"de\",\"@id\":\"https:\/\/www.ondernemendvenlo.nl\/veiligheid\/keurmerk-veilig-ondernemen\/#primaryimage\",\"url\":\"https:\/\/www.ondernemendvenlo.nl\/wp-content\/uploads\/2025\/03\/2018-OV-Veiligheid-01-768x512-1.jpg\",\"contentUrl\":\"https:\/\/www.ondernemendvenlo.nl\/wp-content\/uploads\/2025\/03\/2018-OV-Veiligheid-01-768x512-1.jpg\",\"width\":768,\"height\":512},{\"@type\":\"BreadcrumbList\",\"@id\":\"https:\/\/www.ondernemendvenlo.nl\/veiligheid\/keurmerk-veilig-ondernemen\/#breadcrumb\",\"itemListElement\":[{\"@type\":\"ListItem\",\"position\":1,\"name\":\"Ondernemend Venlo\",\"item\":\"https:\/\/www.ondernemendvenlo.nl\/\"},{\"@type\":\"ListItem\",\"position\":2,\"name\":\"Veiligheid\",\"item\":\"https:\/\/www.ondernemendvenlo.nl\/veiligheid\/\"},{\"@type\":\"ListItem\",\"position\":3,\"name\":\"Keurmerk Veilig Ondernemen\"}]},{\"@type\":\"WebSite\",\"@id\":\"https:\/\/www.ondernemendvenlo.nl\/#website\",\"url\":\"https:\/\/www.ondernemendvenlo.nl\/\",\"name\":\"Ondernemend Venlo\",\"description\":\"Samen succesvol ondernemen\",\"publisher\":{\"@id\":\"https:\/\/www.ondernemendvenlo.nl\/#organization\"},\"potentialAction\":[{\"@type\":\"SearchAction\",\"target\":{\"@type\":\"EntryPoint\",\"urlTemplate\":\"https:\/\/www.ondernemendvenlo.nl\/?s={search_term_string}\"},\"query-input\":{\"@type\":\"PropertyValueSpecification\",\"valueRequired\":true,\"valueName\":\"search_term_string\"}}],\"inLanguage\":\"de\"},{\"@type\":\"Organization\",\"@id\":\"https:\/\/www.ondernemendvenlo.nl\/#organization\",\"name\":\"Ondernemend Venlo\",\"url\":\"https:\/\/www.ondernemendvenlo.nl\/\",\"logo\":{\"@type\":\"ImageObject\",\"inLanguage\":\"de\",\"@id\":\"https:\/\/www.ondernemendvenlo.nl\/#\/schema\/logo\/image\/\",\"url\":\"https:\/\/www.ondernemendvenlo.nl\/wp-content\/uploads\/2025\/02\/Ondernemend-Venlo-logo-scaled.webp\",\"contentUrl\":\"https:\/\/www.ondernemendvenlo.nl\/wp-content\/uploads\/2025\/02\/Ondernemend-Venlo-logo-scaled.webp\",\"width\":2560,\"height\":1010,\"caption\":\"Ondernemend Venlo\"},\"image\":{\"@id\":\"https:\/\/www.ondernemendvenlo.nl\/#\/schema\/logo\/image\/\"},\"sameAs\":[\"https:\/\/www.linkedin.com\/company\/ondernemend-venlo\/\"]}]}<\/script>\n<!-- \/ Yoast SEO plugin. -->","yoast_head_json":{"title":"Keurmerk Veilig Ondernemen - Ondernemend Venlo","robots":{"index":"index","follow":"follow","max-snippet":"max-snippet:-1","max-image-preview":"max-image-preview:large","max-video-preview":"max-video-preview:-1"},"canonical":"https:\/\/www.ondernemendvenlo.nl\/de\/veiligheid\/keurmerk-veilig-ondernemen\/","og_locale":"de_DE","og_type":"article","og_title":"Keurmerk Veilig Ondernemen - Ondernemend Venlo","og_description":"Keurmerk Veilig Ondernemen Binnen veiligheidswerkgroepen bestaande uit afgevaardigden van de afdelingsbesturen, gemeente, beveiliging, politie en brandweer zorgt de parkmanager ervoor dat de Venlose bedrijventerreinen beschikken over \u201cHet Keurmerk Veilig Ondernemen\u201d. Een duurzame samenwerking tussen ondernemers, gemeente, politie en brandweer staat hierbij centraal. https:\/\/youtu.be\/ANYA1GXNIW4 Succesvolle hercertificering KVO maakt bedrijventerreinen Venlo veiliger \u00e9n voordeliger Bedrijventerreinen komen voor [&hellip;]","og_url":"https:\/\/www.ondernemendvenlo.nl\/de\/veiligheid\/keurmerk-veilig-ondernemen\/","og_site_name":"Ondernemend Venlo","article_modified_time":"2025-04-10T08:59:26+00:00","og_image":[{"width":768,"height":512,"url":"https:\/\/www.ondernemendvenlo.nl\/wp-content\/uploads\/2025\/03\/2018-OV-Veiligheid-01-768x512-1.jpg","type":"image\/jpeg"}],"twitter_card":"summary_large_image","twitter_misc":{"Gesch\u00e4tzte Lesezeit":"2\u00a0Minuten"},"schema":{"@context":"https:\/\/schema.org","@graph":[{"@type":"WebPage","@id":"https:\/\/www.ondernemendvenlo.nl\/veiligheid\/keurmerk-veilig-ondernemen\/","url":"https:\/\/www.ondernemendvenlo.nl\/veiligheid\/keurmerk-veilig-ondernemen\/","name":"Keurmerk Veilig Ondernemen - Ondernemend Venlo","isPartOf":{"@id":"https:\/\/www.ondernemendvenlo.nl\/#website"},"primaryImageOfPage":{"@id":"https:\/\/www.ondernemendvenlo.nl\/veiligheid\/keurmerk-veilig-ondernemen\/#primaryimage"},"image":{"@id":"https:\/\/www.ondernemendvenlo.nl\/veiligheid\/keurmerk-veilig-ondernemen\/#primaryimage"},"thumbnailUrl":"https:\/\/www.ondernemendvenlo.nl\/wp-content\/uploads\/2025\/03\/2018-OV-Veiligheid-01-768x512-1.jpg","datePublished":"2025-03-12T22:37:11+00:00","dateModified":"2025-04-10T08:59:26+00:00","breadcrumb":{"@id":"https:\/\/www.ondernemendvenlo.nl\/veiligheid\/keurmerk-veilig-ondernemen\/#breadcrumb"},"inLanguage":"de","potentialAction":[{"@type":"ReadAction","target":["https:\/\/www.ondernemendvenlo.nl\/veiligheid\/keurmerk-veilig-ondernemen\/"]}]},{"@type":"ImageObject","inLanguage":"de","@id":"https:\/\/www.ondernemendvenlo.nl\/veiligheid\/keurmerk-veilig-ondernemen\/#primaryimage","url":"https:\/\/www.ondernemendvenlo.nl\/wp-content\/uploads\/2025\/03\/2018-OV-Veiligheid-01-768x512-1.jpg","contentUrl":"https:\/\/www.ondernemendvenlo.nl\/wp-content\/uploads\/2025\/03\/2018-OV-Veiligheid-01-768x512-1.jpg","width":768,"height":512},{"@type":"BreadcrumbList","@id":"https:\/\/www.ondernemendvenlo.nl\/veiligheid\/keurmerk-veilig-ondernemen\/#breadcrumb","itemListElement":[{"@type":"ListItem","position":1,"name":"Ondernemend Venlo","item":"https:\/\/www.ondernemendvenlo.nl\/"},{"@type":"ListItem","position":2,"name":"Veiligheid","item":"https:\/\/www.ondernemendvenlo.nl\/veiligheid\/"},{"@type":"ListItem","position":3,"name":"Keurmerk Veilig Ondernemen"}]},{"@type":"WebSite","@id":"https:\/\/www.ondernemendvenlo.nl\/#website","url":"https:\/\/www.ondernemendvenlo.nl\/","name":"Unternehmerisches Venlo","description":"Samen succesvol ondernemen","publisher":{"@id":"https:\/\/www.ondernemendvenlo.nl\/#organization"},"potentialAction":[{"@type":"SearchAction","target":{"@type":"EntryPoint","urlTemplate":"https:\/\/www.ondernemendvenlo.nl\/?s={search_term_string}"},"query-input":{"@type":"PropertyValueSpecification","valueRequired":true,"valueName":"search_term_string"}}],"inLanguage":"de"},{"@type":"Organization","@id":"https:\/\/www.ondernemendvenlo.nl\/#organization","name":"Unternehmerisches Venlo","url":"https:\/\/www.ondernemendvenlo.nl\/","logo":{"@type":"ImageObject","inLanguage":"de","@id":"https:\/\/www.ondernemendvenlo.nl\/#\/schema\/logo\/image\/","url":"https:\/\/www.ondernemendvenlo.nl\/wp-content\/uploads\/2025\/02\/Ondernemend-Venlo-logo-scaled.webp","contentUrl":"https:\/\/www.ondernemendvenlo.nl\/wp-content\/uploads\/2025\/02\/Ondernemend-Venlo-logo-scaled.webp","width":2560,"height":1010,"caption":"Ondernemend Venlo"},"image":{"@id":"https:\/\/www.ondernemendvenlo.nl\/#\/schema\/logo\/image\/"},"sameAs":["https:\/\/www.linkedin.com\/company\/ondernemend-venlo\/"]}]}},"_links":{"self":[{"href":"https:\/\/www.ondernemendvenlo.nl\/de\/wp-json\/wp\/v2\/pages\/693","targetHints":{"allow":["GET"]}}],"collection":[{"href":"https:\/\/www.ondernemendvenlo.nl\/de\/wp-json\/wp\/v2\/pages"}],"about":[{"href":"https:\/\/www.ondernemendvenlo.nl\/de\/wp-json\/wp\/v2\/types\/page"}],"author":[{"embeddable":true,"href":"https:\/\/www.ondernemendvenlo.nl\/de\/wp-json\/wp\/v2\/users\/1"}],"replies":[{"embeddable":true,"href":"https:\/\/www.ondernemendvenlo.nl\/de\/wp-json\/wp\/v2\/comments?post=693"}],"version-history":[{"count":3,"href":"https:\/\/www.ondernemendvenlo.nl\/de\/wp-json\/wp\/v2\/pages\/693\/revisions"}],"predecessor-version":[{"id":4905,"href":"https:\/\/www.ondernemendvenlo.nl\/de\/wp-json\/wp\/v2\/pages\/693\/revisions\/4905"}],"up":[{"embeddable":true,"href":"https:\/\/www.ondernemendvenlo.nl\/de\/wp-json\/wp\/v2\/pages\/689"}],"wp:featuredmedia":[{"embeddable":true,"href":"https:\/\/www.ondernemendvenlo.nl\/de\/wp-json\/wp\/v2\/media\/835"}],"wp:attachment":[{"href":"https:\/\/www.ondernemendvenlo.nl\/de\/wp-json\/wp\/v2\/media?parent=693"}],"curies":[{"name":"wp","href":"https:\/\/api.w.org\/{rel}","templated":true}]}}