{"id":708,"date":"2025-03-12T23:39:39","date_gmt":"2025-03-12T22:39:39","guid":{"rendered":"https:\/\/www.ondernemendvenlo.nl\/?page_id=708"},"modified":"2025-04-10T15:31:31","modified_gmt":"2025-04-10T13:31:31","slug":"arbeidsmarkt","status":"publish","type":"page","link":"https:\/\/www.ondernemendvenlo.nl\/de\/projecten\/arbeidsmarkt\/","title":{"rendered":"Arbeitsmarkt und Wissensentwicklung"},"content":{"rendered":"<div data-elementor-type=\"wp-page\" data-elementor-id=\"708\" class=\"elementor elementor-708\" data-elementor-post-type=\"page\">\n\t\t\t\t<div class=\"elementor-element elementor-element-dd23fda e-flex e-con-boxed e-con e-parent\" data-id=\"dd23fda\" data-element_type=\"container\">\n\t\t\t\t\t<div class=\"e-con-inner\">\n\t\t\t\t<div class=\"elementor-element elementor-element-d38b9af elementor-widget elementor-widget-heading\" data-id=\"d38b9af\" data-element_type=\"widget\" data-widget_type=\"heading.default\">\n\t\t\t\t<div class=\"elementor-widget-container\">\n\t\t\t\t\t<h2 class=\"elementor-heading-title elementor-size-default\">Verst\u00e4rkte Konzentration auf Humankapital, Arbeitsmarkt und Wissensentwicklung<\/h2>\t\t\t\t<\/div>\n\t\t\t\t<\/div>\n\t\t\t\t<div class=\"elementor-element elementor-element-cc62ce6 elementor-widget elementor-widget-text-editor\" data-id=\"cc62ce6\" data-element_type=\"widget\" data-widget_type=\"text-editor.default\">\n\t\t\t\t<div class=\"elementor-widget-container\">\n\t\t\t\t\t\t\t\t\t<p>Entrepreneurial Venlo engagiert sich stark f\u00fcr die St\u00e4rkung der Verbindung zwischen Bildung, Arbeitsmarkt und Wirtschaft. Wir bauen eine zukunftsf\u00e4hige Region auf, in der Wissen und Talent das Wirtschaftswachstum vorantreiben.<\/p><p><strong>Unser Engagement konzentriert sich auf:<\/strong><\/p><ul><li>Eine bessere Verbindung zwischen Bildung und Arbeitsmarkt<\/li><li>Pl\u00e4ne, die auf die Bed\u00fcrfnisse der verarbeitenden Industrie, der Logistik und der Agrar- und Lebensmittelindustrie zugeschnitten sind<\/li><li>Investitionen in Quereinstieg und lebenslanges Lernen<\/li><li>Verst\u00e4rkte Zusammenarbeit mit Bildungseinrichtungen und dem UWV<\/li><li>Aktivere Beteiligung von Unternehmern an Projekten und Aussch\u00fcssen<\/li><li>Aufmerksamkeit f\u00fcr alle Ebenen: von der praktischen bis zur akademischen Ausbildung<\/li><li>Eine starke Br\u00fccke zwischen Bildung und Wirtschaft schlagen<\/li><li>Wissensaustausch \u00fcber Arbeitsmarkttrends und dar\u00fcber, wie Unternehmer auf sie reagieren k\u00f6nnen<\/li><\/ul><p><br \/>So bauen wir gemeinsam eine Region auf, in der sich Talente weiterentwickeln und Unternehmen jetzt und in Zukunft die richtigen Mitarbeiter finden.<\/p>\t\t\t\t\t\t\t\t<\/div>\n\t\t\t\t<\/div>\n\t\t\t\t\t<\/div>\n\t\t\t\t<\/div>\n\t\t\t\t<\/div>","protected":false},"excerpt":{"rendered":"<p>Meer aandacht voor human capital, arbeidsmarkt en kennisontwikkeling Ondernemend Venlo zet sterk in op het versterken van de verbinding tussen onderwijs, arbeidsmarkt en het bedrijfsleven. We bouwen aan een toekomstbestendige regio waarin kennis en talent de motor vormen van economische groei. Onze inzet richt zich op: Een betere aansluiting tussen onderwijs en arbeidsmarkt Plannen die [&hellip;]<\/p>","protected":false},"author":1,"featured_media":0,"parent":700,"menu_order":3,"comment_status":"closed","ping_status":"closed","template":"","meta":{"_acf_changed":false,"footnotes":""},"class_list":["post-708","page","type-page","status-publish","hentry"],"acf":[],"yoast_head":"<!-- This site is optimized with the Yoast SEO plugin v26.3 - https:\/\/yoast.com\/wordpress\/plugins\/seo\/ -->\n<title>Arbeidsmarkt en kennisontwikkeling - Ondernemend Venlo<\/title>\n<meta name=\"robots\" content=\"index, follow, max-snippet:-1, max-image-preview:large, max-video-preview:-1\" \/>\n<link rel=\"canonical\" href=\"https:\/\/www.ondernemendvenlo.nl\/de\/projecten\/arbeidsmarkt\/\" \/>\n<meta property=\"og:locale\" content=\"de_DE\" \/>\n<meta property=\"og:type\" content=\"article\" \/>\n<meta property=\"og:title\" content=\"Arbeidsmarkt en kennisontwikkeling - Ondernemend Venlo\" \/>\n<meta property=\"og:description\" content=\"Meer aandacht voor human capital, arbeidsmarkt en kennisontwikkeling Ondernemend Venlo zet sterk in op het versterken van de verbinding tussen onderwijs, arbeidsmarkt en het bedrijfsleven. We bouwen aan een toekomstbestendige regio waarin kennis en talent de motor vormen van economische groei. Onze inzet richt zich op: Een betere aansluiting tussen onderwijs en arbeidsmarkt Plannen die [&hellip;]\" \/>\n<meta property=\"og:url\" content=\"https:\/\/www.ondernemendvenlo.nl\/de\/projecten\/arbeidsmarkt\/\" \/>\n<meta property=\"og:site_name\" content=\"Ondernemend Venlo\" \/>\n<meta property=\"article:modified_time\" content=\"2025-04-10T13:31:31+00:00\" \/>\n<meta name=\"twitter:card\" content=\"summary_large_image\" \/>\n<meta name=\"twitter:label1\" content=\"Gesch\u00e4tzte Lesezeit\" \/>\n\t<meta name=\"twitter:data1\" content=\"1\u00a0Minute\" \/>\n<script type=\"application\/ld+json\" class=\"yoast-schema-graph\">{\"@context\":\"https:\/\/schema.org\",\"@graph\":[{\"@type\":\"WebPage\",\"@id\":\"https:\/\/www.ondernemendvenlo.nl\/projecten\/arbeidsmarkt\/\",\"url\":\"https:\/\/www.ondernemendvenlo.nl\/projecten\/arbeidsmarkt\/\",\"name\":\"Arbeidsmarkt en kennisontwikkeling - Ondernemend Venlo\",\"isPartOf\":{\"@id\":\"https:\/\/www.ondernemendvenlo.nl\/#website\"},\"datePublished\":\"2025-03-12T22:39:39+00:00\",\"dateModified\":\"2025-04-10T13:31:31+00:00\",\"breadcrumb\":{\"@id\":\"https:\/\/www.ondernemendvenlo.nl\/projecten\/arbeidsmarkt\/#breadcrumb\"},\"inLanguage\":\"de\",\"potentialAction\":[{\"@type\":\"ReadAction\",\"target\":[\"https:\/\/www.ondernemendvenlo.nl\/projecten\/arbeidsmarkt\/\"]}]},{\"@type\":\"BreadcrumbList\",\"@id\":\"https:\/\/www.ondernemendvenlo.nl\/projecten\/arbeidsmarkt\/#breadcrumb\",\"itemListElement\":[{\"@type\":\"ListItem\",\"position\":1,\"name\":\"Ondernemend Venlo\",\"item\":\"https:\/\/www.ondernemendvenlo.nl\/\"},{\"@type\":\"ListItem\",\"position\":2,\"name\":\"Projecten\",\"item\":\"https:\/\/www.ondernemendvenlo.nl\/projecten\/\"},{\"@type\":\"ListItem\",\"position\":3,\"name\":\"Arbeidsmarkt en kennisontwikkeling\"}]},{\"@type\":\"WebSite\",\"@id\":\"https:\/\/www.ondernemendvenlo.nl\/#website\",\"url\":\"https:\/\/www.ondernemendvenlo.nl\/\",\"name\":\"Ondernemend Venlo\",\"description\":\"Samen succesvol ondernemen\",\"publisher\":{\"@id\":\"https:\/\/www.ondernemendvenlo.nl\/#organization\"},\"potentialAction\":[{\"@type\":\"SearchAction\",\"target\":{\"@type\":\"EntryPoint\",\"urlTemplate\":\"https:\/\/www.ondernemendvenlo.nl\/?s={search_term_string}\"},\"query-input\":{\"@type\":\"PropertyValueSpecification\",\"valueRequired\":true,\"valueName\":\"search_term_string\"}}],\"inLanguage\":\"de\"},{\"@type\":\"Organization\",\"@id\":\"https:\/\/www.ondernemendvenlo.nl\/#organization\",\"name\":\"Ondernemend Venlo\",\"url\":\"https:\/\/www.ondernemendvenlo.nl\/\",\"logo\":{\"@type\":\"ImageObject\",\"inLanguage\":\"de\",\"@id\":\"https:\/\/www.ondernemendvenlo.nl\/#\/schema\/logo\/image\/\",\"url\":\"https:\/\/www.ondernemendvenlo.nl\/wp-content\/uploads\/2025\/02\/Ondernemend-Venlo-logo-scaled.webp\",\"contentUrl\":\"https:\/\/www.ondernemendvenlo.nl\/wp-content\/uploads\/2025\/02\/Ondernemend-Venlo-logo-scaled.webp\",\"width\":2560,\"height\":1010,\"caption\":\"Ondernemend Venlo\"},\"image\":{\"@id\":\"https:\/\/www.ondernemendvenlo.nl\/#\/schema\/logo\/image\/\"},\"sameAs\":[\"https:\/\/www.linkedin.com\/company\/ondernemend-venlo\/\"]}]}<\/script>\n<!-- \/ Yoast SEO plugin. -->","yoast_head_json":{"title":"Arbeidsmarkt en kennisontwikkeling - Ondernemend Venlo","robots":{"index":"index","follow":"follow","max-snippet":"max-snippet:-1","max-image-preview":"max-image-preview:large","max-video-preview":"max-video-preview:-1"},"canonical":"https:\/\/www.ondernemendvenlo.nl\/de\/projecten\/arbeidsmarkt\/","og_locale":"de_DE","og_type":"article","og_title":"Arbeidsmarkt en kennisontwikkeling - Ondernemend Venlo","og_description":"Meer aandacht voor human capital, arbeidsmarkt en kennisontwikkeling Ondernemend Venlo zet sterk in op het versterken van de verbinding tussen onderwijs, arbeidsmarkt en het bedrijfsleven. We bouwen aan een toekomstbestendige regio waarin kennis en talent de motor vormen van economische groei. Onze inzet richt zich op: Een betere aansluiting tussen onderwijs en arbeidsmarkt Plannen die [&hellip;]","og_url":"https:\/\/www.ondernemendvenlo.nl\/de\/projecten\/arbeidsmarkt\/","og_site_name":"Ondernemend Venlo","article_modified_time":"2025-04-10T13:31:31+00:00","twitter_card":"summary_large_image","twitter_misc":{"Gesch\u00e4tzte Lesezeit":"1\u00a0Minute"},"schema":{"@context":"https:\/\/schema.org","@graph":[{"@type":"WebPage","@id":"https:\/\/www.ondernemendvenlo.nl\/projecten\/arbeidsmarkt\/","url":"https:\/\/www.ondernemendvenlo.nl\/projecten\/arbeidsmarkt\/","name":"Arbeidsmarkt en kennisontwikkeling - Ondernemend Venlo","isPartOf":{"@id":"https:\/\/www.ondernemendvenlo.nl\/#website"},"datePublished":"2025-03-12T22:39:39+00:00","dateModified":"2025-04-10T13:31:31+00:00","breadcrumb":{"@id":"https:\/\/www.ondernemendvenlo.nl\/projecten\/arbeidsmarkt\/#breadcrumb"},"inLanguage":"de","potentialAction":[{"@type":"ReadAction","target":["https:\/\/www.ondernemendvenlo.nl\/projecten\/arbeidsmarkt\/"]}]},{"@type":"BreadcrumbList","@id":"https:\/\/www.ondernemendvenlo.nl\/projecten\/arbeidsmarkt\/#breadcrumb","itemListElement":[{"@type":"ListItem","position":1,"name":"Ondernemend Venlo","item":"https:\/\/www.ondernemendvenlo.nl\/"},{"@type":"ListItem","position":2,"name":"Projecten","item":"https:\/\/www.ondernemendvenlo.nl\/projecten\/"},{"@type":"ListItem","position":3,"name":"Arbeidsmarkt en kennisontwikkeling"}]},{"@type":"WebSite","@id":"https:\/\/www.ondernemendvenlo.nl\/#website","url":"https:\/\/www.ondernemendvenlo.nl\/","name":"Unternehmerisches Venlo","description":"Samen succesvol ondernemen","publisher":{"@id":"https:\/\/www.ondernemendvenlo.nl\/#organization"},"potentialAction":[{"@type":"SearchAction","target":{"@type":"EntryPoint","urlTemplate":"https:\/\/www.ondernemendvenlo.nl\/?s={search_term_string}"},"query-input":{"@type":"PropertyValueSpecification","valueRequired":true,"valueName":"search_term_string"}}],"inLanguage":"de"},{"@type":"Organization","@id":"https:\/\/www.ondernemendvenlo.nl\/#organization","name":"Unternehmerisches Venlo","url":"https:\/\/www.ondernemendvenlo.nl\/","logo":{"@type":"ImageObject","inLanguage":"de","@id":"https:\/\/www.ondernemendvenlo.nl\/#\/schema\/logo\/image\/","url":"https:\/\/www.ondernemendvenlo.nl\/wp-content\/uploads\/2025\/02\/Ondernemend-Venlo-logo-scaled.webp","contentUrl":"https:\/\/www.ondernemendvenlo.nl\/wp-content\/uploads\/2025\/02\/Ondernemend-Venlo-logo-scaled.webp","width":2560,"height":1010,"caption":"Ondernemend Venlo"},"image":{"@id":"https:\/\/www.ondernemendvenlo.nl\/#\/schema\/logo\/image\/"},"sameAs":["https:\/\/www.linkedin.com\/company\/ondernemend-venlo\/"]}]}},"_links":{"self":[{"href":"https:\/\/www.ondernemendvenlo.nl\/de\/wp-json\/wp\/v2\/pages\/708","targetHints":{"allow":["GET"]}}],"collection":[{"href":"https:\/\/www.ondernemendvenlo.nl\/de\/wp-json\/wp\/v2\/pages"}],"about":[{"href":"https:\/\/www.ondernemendvenlo.nl\/de\/wp-json\/wp\/v2\/types\/page"}],"author":[{"embeddable":true,"href":"https:\/\/www.ondernemendvenlo.nl\/de\/wp-json\/wp\/v2\/users\/1"}],"replies":[{"embeddable":true,"href":"https:\/\/www.ondernemendvenlo.nl\/de\/wp-json\/wp\/v2\/comments?post=708"}],"version-history":[{"count":3,"href":"https:\/\/www.ondernemendvenlo.nl\/de\/wp-json\/wp\/v2\/pages\/708\/revisions"}],"predecessor-version":[{"id":4928,"href":"https:\/\/www.ondernemendvenlo.nl\/de\/wp-json\/wp\/v2\/pages\/708\/revisions\/4928"}],"up":[{"embeddable":true,"href":"https:\/\/www.ondernemendvenlo.nl\/de\/wp-json\/wp\/v2\/pages\/700"}],"wp:attachment":[{"href":"https:\/\/www.ondernemendvenlo.nl\/de\/wp-json\/wp\/v2\/media?parent=708"}],"curies":[{"name":"wp","href":"https:\/\/api.w.org\/{rel}","templated":true}]}}