{"id":710,"date":"2025-03-12T23:39:47","date_gmt":"2025-03-12T22:39:47","guid":{"rendered":"https:\/\/www.ondernemendvenlo.nl\/?page_id=710"},"modified":"2025-04-10T15:31:42","modified_gmt":"2025-04-10T13:31:42","slug":"toekomstbestendig-ondernemen","status":"publish","type":"page","link":"https:\/\/www.ondernemendvenlo.nl\/de\/projecten\/toekomstbestendig-ondernemen\/","title":{"rendered":"Zukunftssicheres Unternehmertum"},"content":{"rendered":"<div data-elementor-type=\"wp-page\" data-elementor-id=\"710\" class=\"elementor elementor-710\" data-elementor-post-type=\"page\">\n\t\t\t\t<div class=\"elementor-element elementor-element-29386a7 e-flex e-con-boxed e-con e-parent\" data-id=\"29386a7\" data-element_type=\"container\">\n\t\t\t\t\t<div class=\"e-con-inner\">\n\t\t\t\t<div class=\"elementor-element elementor-element-4ba9ad9 elementor-widget elementor-widget-heading\" data-id=\"4ba9ad9\" data-element_type=\"widget\" data-widget_type=\"heading.default\">\n\t\t\t\t<div class=\"elementor-widget-container\">\n\t\t\t\t\t<h2 class=\"elementor-heading-title elementor-size-default\">Erleichterung eines zukunftssicheren Gesch\u00e4fts<\/h2>\t\t\t\t<\/div>\n\t\t\t\t<\/div>\n\t\t\t\t<div class=\"elementor-element elementor-element-8219e7c elementor-widget elementor-widget-text-editor\" data-id=\"8219e7c\" data-element_type=\"widget\" data-widget_type=\"text-editor.default\">\n\t\t\t\t<div class=\"elementor-widget-container\">\n\t\t\t\t\t\t\t\t\t<p>Ondernemend Venlo unterst\u00fctzt Unternehmer aktiv dabei, ihre Gesch\u00e4ftst\u00e4tigkeit zukunftssicher zu gestalten. Wir helfen Unternehmen, sich weiterzuentwickeln, indem wir uns auf die gro\u00dfen Ver\u00e4nderungen unserer Zeit konzentrieren: Kreislaufwirtschaft, Digitalisierung und soziale Verantwortung.<\/p><p><strong>Unsere Schwerpunktbereiche:<\/strong><\/p><p><strong>Nachhaltigkeit und Kreislaufwirtschaft<\/strong> - Mit dem Projekt Venlo Circular Hotspot unternehmen wir konkrete Schritte in Richtung einer Kreislaufwirtschaft.<\/p><p><strong>Digitalisierung, Robotisierung und KI<\/strong> - Wir f\u00f6rdern technologische Innovationen mit Blick auf die soziale Wirkung.<\/p><p><strong>Soziale Verantwortung der Unternehmen (CSR)<\/strong> - wir st\u00e4rken die Verbindung zwischen Gewinn und Wohlfahrt.<\/p><p><strong>Konformit\u00e4t und Gesetzgebung<\/strong> - Wir bieten Unterst\u00fctzung f\u00fcr neue Anforderungen wie die CSRD.<\/p><p><strong>Unterst\u00fctzung durch Zusch\u00fcsse<\/strong> - Wir erleichtern die Beantragung und Nutzung von Zusch\u00fcssen.<\/p><p><strong>Austausch von Wissen<\/strong> - Kostenlose Wissensseminare durch Partner und der Zugang zu Plattformen wie UQ oder UMIO sorgen daf\u00fcr, dass Unternehmer \u00fcber relevante Themen auf dem Laufenden bleiben.<\/p><p>So bauen wir gemeinsam eine starke Region auf, in der Innovation, Nachhaltigkeit und zukunftsorientierte Wirtschaft Hand in Hand gehen.<\/p>\t\t\t\t\t\t\t\t<\/div>\n\t\t\t\t<\/div>\n\t\t\t\t\t<\/div>\n\t\t\t\t<\/div>\n\t\t\t\t<\/div>","protected":false},"excerpt":{"rendered":"<p>Toekomstbestendig ondernemen faciliteren Ondernemend Venlo ondersteunt ondernemers actief bij het toekomstbestendig maken van hun bedrijfsvoering. We helpen bedrijven vooruit door te focussen op de grote transities van deze tijd: circulariteit, digitalisering en maatschappelijke verantwoordelijkheid. Onze focusgebieden: Duurzaamheid en circulariteit \u2013 via Project Venlo Circulaire Hotspot zetten we concrete stappen richting een circulaire economie. Digitalisering, robotisering [&hellip;]<\/p>","protected":false},"author":1,"featured_media":0,"parent":700,"menu_order":4,"comment_status":"closed","ping_status":"closed","template":"","meta":{"_acf_changed":false,"footnotes":""},"class_list":["post-710","page","type-page","status-publish","hentry"],"acf":[],"yoast_head":"<!-- This site is optimized with the Yoast SEO plugin v26.3 - https:\/\/yoast.com\/wordpress\/plugins\/seo\/ -->\n<title>Toekomstbestendig ondernemen - Ondernemend Venlo<\/title>\n<meta name=\"robots\" content=\"index, follow, max-snippet:-1, max-image-preview:large, max-video-preview:-1\" \/>\n<link rel=\"canonical\" href=\"https:\/\/www.ondernemendvenlo.nl\/de\/projecten\/toekomstbestendig-ondernemen\/\" \/>\n<meta property=\"og:locale\" content=\"de_DE\" \/>\n<meta property=\"og:type\" content=\"article\" \/>\n<meta property=\"og:title\" content=\"Toekomstbestendig ondernemen - Ondernemend Venlo\" \/>\n<meta property=\"og:description\" content=\"Toekomstbestendig ondernemen faciliteren Ondernemend Venlo ondersteunt ondernemers actief bij het toekomstbestendig maken van hun bedrijfsvoering. We helpen bedrijven vooruit door te focussen op de grote transities van deze tijd: circulariteit, digitalisering en maatschappelijke verantwoordelijkheid. Onze focusgebieden: Duurzaamheid en circulariteit \u2013 via Project Venlo Circulaire Hotspot zetten we concrete stappen richting een circulaire economie. Digitalisering, robotisering [&hellip;]\" \/>\n<meta property=\"og:url\" content=\"https:\/\/www.ondernemendvenlo.nl\/de\/projecten\/toekomstbestendig-ondernemen\/\" \/>\n<meta property=\"og:site_name\" content=\"Ondernemend Venlo\" \/>\n<meta property=\"article:modified_time\" content=\"2025-04-10T13:31:42+00:00\" \/>\n<meta name=\"twitter:card\" content=\"summary_large_image\" \/>\n<meta name=\"twitter:label1\" content=\"Gesch\u00e4tzte Lesezeit\" \/>\n\t<meta name=\"twitter:data1\" content=\"1\u00a0Minute\" \/>\n<script type=\"application\/ld+json\" class=\"yoast-schema-graph\">{\"@context\":\"https:\/\/schema.org\",\"@graph\":[{\"@type\":\"WebPage\",\"@id\":\"https:\/\/www.ondernemendvenlo.nl\/projecten\/toekomstbestendig-ondernemen\/\",\"url\":\"https:\/\/www.ondernemendvenlo.nl\/projecten\/toekomstbestendig-ondernemen\/\",\"name\":\"Toekomstbestendig ondernemen - Ondernemend Venlo\",\"isPartOf\":{\"@id\":\"https:\/\/www.ondernemendvenlo.nl\/#website\"},\"datePublished\":\"2025-03-12T22:39:47+00:00\",\"dateModified\":\"2025-04-10T13:31:42+00:00\",\"breadcrumb\":{\"@id\":\"https:\/\/www.ondernemendvenlo.nl\/projecten\/toekomstbestendig-ondernemen\/#breadcrumb\"},\"inLanguage\":\"de\",\"potentialAction\":[{\"@type\":\"ReadAction\",\"target\":[\"https:\/\/www.ondernemendvenlo.nl\/projecten\/toekomstbestendig-ondernemen\/\"]}]},{\"@type\":\"BreadcrumbList\",\"@id\":\"https:\/\/www.ondernemendvenlo.nl\/projecten\/toekomstbestendig-ondernemen\/#breadcrumb\",\"itemListElement\":[{\"@type\":\"ListItem\",\"position\":1,\"name\":\"Ondernemend Venlo\",\"item\":\"https:\/\/www.ondernemendvenlo.nl\/\"},{\"@type\":\"ListItem\",\"position\":2,\"name\":\"Projecten\",\"item\":\"https:\/\/www.ondernemendvenlo.nl\/projecten\/\"},{\"@type\":\"ListItem\",\"position\":3,\"name\":\"Toekomstbestendig ondernemen\"}]},{\"@type\":\"WebSite\",\"@id\":\"https:\/\/www.ondernemendvenlo.nl\/#website\",\"url\":\"https:\/\/www.ondernemendvenlo.nl\/\",\"name\":\"Ondernemend Venlo\",\"description\":\"Samen succesvol ondernemen\",\"publisher\":{\"@id\":\"https:\/\/www.ondernemendvenlo.nl\/#organization\"},\"potentialAction\":[{\"@type\":\"SearchAction\",\"target\":{\"@type\":\"EntryPoint\",\"urlTemplate\":\"https:\/\/www.ondernemendvenlo.nl\/?s={search_term_string}\"},\"query-input\":{\"@type\":\"PropertyValueSpecification\",\"valueRequired\":true,\"valueName\":\"search_term_string\"}}],\"inLanguage\":\"de\"},{\"@type\":\"Organization\",\"@id\":\"https:\/\/www.ondernemendvenlo.nl\/#organization\",\"name\":\"Ondernemend Venlo\",\"url\":\"https:\/\/www.ondernemendvenlo.nl\/\",\"logo\":{\"@type\":\"ImageObject\",\"inLanguage\":\"de\",\"@id\":\"https:\/\/www.ondernemendvenlo.nl\/#\/schema\/logo\/image\/\",\"url\":\"https:\/\/www.ondernemendvenlo.nl\/wp-content\/uploads\/2025\/02\/Ondernemend-Venlo-logo-scaled.webp\",\"contentUrl\":\"https:\/\/www.ondernemendvenlo.nl\/wp-content\/uploads\/2025\/02\/Ondernemend-Venlo-logo-scaled.webp\",\"width\":2560,\"height\":1010,\"caption\":\"Ondernemend Venlo\"},\"image\":{\"@id\":\"https:\/\/www.ondernemendvenlo.nl\/#\/schema\/logo\/image\/\"},\"sameAs\":[\"https:\/\/www.linkedin.com\/company\/ondernemend-venlo\/\"]}]}<\/script>\n<!-- \/ Yoast SEO plugin. -->","yoast_head_json":{"title":"Toekomstbestendig ondernemen - Ondernemend Venlo","robots":{"index":"index","follow":"follow","max-snippet":"max-snippet:-1","max-image-preview":"max-image-preview:large","max-video-preview":"max-video-preview:-1"},"canonical":"https:\/\/www.ondernemendvenlo.nl\/de\/projecten\/toekomstbestendig-ondernemen\/","og_locale":"de_DE","og_type":"article","og_title":"Toekomstbestendig ondernemen - Ondernemend Venlo","og_description":"Toekomstbestendig ondernemen faciliteren Ondernemend Venlo ondersteunt ondernemers actief bij het toekomstbestendig maken van hun bedrijfsvoering. We helpen bedrijven vooruit door te focussen op de grote transities van deze tijd: circulariteit, digitalisering en maatschappelijke verantwoordelijkheid. Onze focusgebieden: Duurzaamheid en circulariteit \u2013 via Project Venlo Circulaire Hotspot zetten we concrete stappen richting een circulaire economie. Digitalisering, robotisering [&hellip;]","og_url":"https:\/\/www.ondernemendvenlo.nl\/de\/projecten\/toekomstbestendig-ondernemen\/","og_site_name":"Ondernemend Venlo","article_modified_time":"2025-04-10T13:31:42+00:00","twitter_card":"summary_large_image","twitter_misc":{"Gesch\u00e4tzte Lesezeit":"1\u00a0Minute"},"schema":{"@context":"https:\/\/schema.org","@graph":[{"@type":"WebPage","@id":"https:\/\/www.ondernemendvenlo.nl\/projecten\/toekomstbestendig-ondernemen\/","url":"https:\/\/www.ondernemendvenlo.nl\/projecten\/toekomstbestendig-ondernemen\/","name":"Toekomstbestendig ondernemen - Ondernemend Venlo","isPartOf":{"@id":"https:\/\/www.ondernemendvenlo.nl\/#website"},"datePublished":"2025-03-12T22:39:47+00:00","dateModified":"2025-04-10T13:31:42+00:00","breadcrumb":{"@id":"https:\/\/www.ondernemendvenlo.nl\/projecten\/toekomstbestendig-ondernemen\/#breadcrumb"},"inLanguage":"de","potentialAction":[{"@type":"ReadAction","target":["https:\/\/www.ondernemendvenlo.nl\/projecten\/toekomstbestendig-ondernemen\/"]}]},{"@type":"BreadcrumbList","@id":"https:\/\/www.ondernemendvenlo.nl\/projecten\/toekomstbestendig-ondernemen\/#breadcrumb","itemListElement":[{"@type":"ListItem","position":1,"name":"Ondernemend Venlo","item":"https:\/\/www.ondernemendvenlo.nl\/"},{"@type":"ListItem","position":2,"name":"Projecten","item":"https:\/\/www.ondernemendvenlo.nl\/projecten\/"},{"@type":"ListItem","position":3,"name":"Toekomstbestendig ondernemen"}]},{"@type":"WebSite","@id":"https:\/\/www.ondernemendvenlo.nl\/#website","url":"https:\/\/www.ondernemendvenlo.nl\/","name":"Unternehmerisches Venlo","description":"Samen succesvol ondernemen","publisher":{"@id":"https:\/\/www.ondernemendvenlo.nl\/#organization"},"potentialAction":[{"@type":"SearchAction","target":{"@type":"EntryPoint","urlTemplate":"https:\/\/www.ondernemendvenlo.nl\/?s={search_term_string}"},"query-input":{"@type":"PropertyValueSpecification","valueRequired":true,"valueName":"search_term_string"}}],"inLanguage":"de"},{"@type":"Organization","@id":"https:\/\/www.ondernemendvenlo.nl\/#organization","name":"Unternehmerisches Venlo","url":"https:\/\/www.ondernemendvenlo.nl\/","logo":{"@type":"ImageObject","inLanguage":"de","@id":"https:\/\/www.ondernemendvenlo.nl\/#\/schema\/logo\/image\/","url":"https:\/\/www.ondernemendvenlo.nl\/wp-content\/uploads\/2025\/02\/Ondernemend-Venlo-logo-scaled.webp","contentUrl":"https:\/\/www.ondernemendvenlo.nl\/wp-content\/uploads\/2025\/02\/Ondernemend-Venlo-logo-scaled.webp","width":2560,"height":1010,"caption":"Ondernemend Venlo"},"image":{"@id":"https:\/\/www.ondernemendvenlo.nl\/#\/schema\/logo\/image\/"},"sameAs":["https:\/\/www.linkedin.com\/company\/ondernemend-venlo\/"]}]}},"_links":{"self":[{"href":"https:\/\/www.ondernemendvenlo.nl\/de\/wp-json\/wp\/v2\/pages\/710","targetHints":{"allow":["GET"]}}],"collection":[{"href":"https:\/\/www.ondernemendvenlo.nl\/de\/wp-json\/wp\/v2\/pages"}],"about":[{"href":"https:\/\/www.ondernemendvenlo.nl\/de\/wp-json\/wp\/v2\/types\/page"}],"author":[{"embeddable":true,"href":"https:\/\/www.ondernemendvenlo.nl\/de\/wp-json\/wp\/v2\/users\/1"}],"replies":[{"embeddable":true,"href":"https:\/\/www.ondernemendvenlo.nl\/de\/wp-json\/wp\/v2\/comments?post=710"}],"version-history":[{"count":3,"href":"https:\/\/www.ondernemendvenlo.nl\/de\/wp-json\/wp\/v2\/pages\/710\/revisions"}],"predecessor-version":[{"id":4931,"href":"https:\/\/www.ondernemendvenlo.nl\/de\/wp-json\/wp\/v2\/pages\/710\/revisions\/4931"}],"up":[{"embeddable":true,"href":"https:\/\/www.ondernemendvenlo.nl\/de\/wp-json\/wp\/v2\/pages\/700"}],"wp:attachment":[{"href":"https:\/\/www.ondernemendvenlo.nl\/de\/wp-json\/wp\/v2\/media?parent=710"}],"curies":[{"name":"wp","href":"https:\/\/api.w.org\/{rel}","templated":true}]}}