{"id":985,"date":"2025-03-16T20:05:48","date_gmt":"2025-03-16T19:05:48","guid":{"rendered":"https:\/\/www.ondernemendvenlo.nl\/?page_id=985"},"modified":"2025-04-10T10:33:28","modified_gmt":"2025-04-10T08:33:28","slug":"speerpunten","status":"publish","type":"page","link":"https:\/\/www.ondernemendvenlo.nl\/de\/praktische-informatie-gemeente\/speerpunten\/","title":{"rendered":"Speerspitzen"},"content":{"rendered":"<div data-elementor-type=\"wp-page\" data-elementor-id=\"985\" class=\"elementor elementor-985\" data-elementor-post-type=\"page\">\n\t\t\t\t<div class=\"elementor-element elementor-element-7aa574e e-flex e-con-boxed e-con e-parent\" data-id=\"7aa574e\" data-element_type=\"container\">\n\t\t\t\t\t<div class=\"e-con-inner\">\n\t\t<div class=\"elementor-element elementor-element-4e6fc01 e-con-full e-flex e-con e-child\" data-id=\"4e6fc01\" data-element_type=\"container\" data-settings=\"{&quot;background_background&quot;:&quot;classic&quot;,&quot;sticky&quot;:&quot;top&quot;,&quot;sticky_offset&quot;:150,&quot;sticky_parent&quot;:&quot;yes&quot;,&quot;sticky_on&quot;:[&quot;desktop&quot;],&quot;sticky_effects_offset&quot;:0,&quot;sticky_anchor_link_offset&quot;:0}\">\n\t\t\t\t<div class=\"elementor-element elementor-element-32a2c20 elementor-widget elementor-widget-heading\" data-id=\"32a2c20\" data-element_type=\"widget\" data-widget_type=\"heading.default\">\n\t\t\t\t<div class=\"elementor-widget-container\">\n\t\t\t\t\t<span class=\"elementor-heading-title elementor-size-default\">Navigation<\/span>\t\t\t\t<\/div>\n\t\t\t\t<\/div>\n\t\t\t\t<div class=\"elementor-element elementor-element-8bdfdde elementor-widget elementor-widget-table-of-contents\" data-id=\"8bdfdde\" data-element_type=\"widget\" data-settings=\"{&quot;headings_by_tags&quot;:[&quot;h2&quot;],&quot;exclude_headings_by_selector&quot;:[],&quot;marker_view&quot;:&quot;bullets&quot;,&quot;no_headings_message&quot;:&quot;Er zijn geen kopteksten gevonden op deze pagina.&quot;,&quot;min_height&quot;:{&quot;unit&quot;:&quot;px&quot;,&quot;size&quot;:0,&quot;sizes&quot;:[]},&quot;icon&quot;:{&quot;value&quot;:&quot;fas fa-circle&quot;,&quot;library&quot;:&quot;fa-solid&quot;,&quot;rendered_tag&quot;:&quot;&lt;svg class=\\&quot;e-font-icon-svg e-fas-circle\\&quot; viewBox=\\&quot;0 0 512 512\\&quot; xmlns=\\&quot;http:\\\/\\\/www.w3.org\\\/2000\\\/svg\\&quot;&gt;&lt;path d=\\&quot;M256 8C119 8 8 119 8 256s111 248 248 248 248-111 248-248S393 8 256 8z\\&quot;&gt;&lt;\\\/path&gt;&lt;\\\/svg&gt;&quot;},&quot;min_height_tablet&quot;:{&quot;unit&quot;:&quot;px&quot;,&quot;size&quot;:&quot;&quot;,&quot;sizes&quot;:[]},&quot;min_height_mobile&quot;:{&quot;unit&quot;:&quot;px&quot;,&quot;size&quot;:&quot;&quot;,&quot;sizes&quot;:[]}}\" data-widget_type=\"table-of-contents.default\">\n\t\t\t\t<div class=\"elementor-widget-container\">\n\t\t\t\t\t\t\t\t\t<div id=\"elementor-toc__8bdfdde\" class=\"elementor-toc__body\">\n\t\t\t<div class=\"elementor-toc__spinner-container\">\n\t\t\t\t<svg class=\"elementor-toc__spinner eicon-animation-spin e-font-icon-svg e-eicon-loading\" aria-hidden=\"true\" viewbox=\"0 0 1000 1000\" xmlns=\"http:\/\/www.w3.org\/2000\/svg\"><path d=\"M500 975V858C696 858 858 696 858 500S696 142 500 142 142 304 142 500H25C25 237 238 25 500 25S975 237 975 500 763 975 500 975Z\"><\/path><\/svg>\t\t\t<\/div>\n\t\t<\/div>\n\t\t\t\t\t\t<\/div>\n\t\t\t\t<\/div>\n\t\t\t\t<\/div>\n\t\t<div class=\"elementor-element elementor-element-8068ea7 e-con-full e-flex e-con e-child\" data-id=\"8068ea7\" data-element_type=\"container\">\n\t\t\t\t<div class=\"elementor-element elementor-element-2e02407 elementor-widget elementor-widget-heading\" data-id=\"2e02407\" data-element_type=\"widget\" data-widget_type=\"heading.default\">\n\t\t\t\t<div class=\"elementor-widget-container\">\n\t\t\t\t\t<h2 class=\"elementor-heading-title elementor-size-default\">Vielseitiges Venlo<\/h2>\t\t\t\t<\/div>\n\t\t\t\t<\/div>\n\t\t\t\t<div class=\"elementor-element elementor-element-296266a elementor-widget elementor-widget-text-editor\" data-id=\"296266a\" data-element_type=\"widget\" data-widget_type=\"text-editor.default\">\n\t\t\t\t<div class=\"elementor-widget-container\">\n\t\t\t\t\t\t\t\t\t<p><strong>Die Vielseitigkeit der Wirtschaft in Venlo und der Region<\/strong><\/p><p>Venlo und die Region sind f\u00fcr ihre vielf\u00e4ltige und dynamische Wirtschaft bekannt, die eine breite Palette von Wechselwirkungen erm\u00f6glicht. Diese Interaktionen zwischen verschiedenen Sektoren schaffen ein innovatives und widerstandsf\u00e4higes wirtschaftliches Umfeld, in dem Unternehmen florieren k\u00f6nnen.<\/p><p><strong>Industrielle Fertigung und Agrar- und Ern\u00e4hrungswirtschaft<\/strong><\/p><p>Die industrielle Fertigung in Venlo spielt eine entscheidende Rolle bei der Unterst\u00fctzung des Agrar- und Ern\u00e4hrungssektors. Die Unternehmen der verarbeitenden Industrie liefern hochwertige Produkte und Technologien, die die Effizienz und Nachhaltigkeit der Lebensmittelproduktion verbessern. Diese Zusammenarbeit sorgt f\u00fcr einen starken und nachhaltigen Agrar- und Ern\u00e4hrungssektor, der f\u00fcr die Zukunft ger\u00fcstet ist.<\/p><p><strong>Dienstleistungen und Logistik<\/strong><\/p><p>Die Dienstleistungen in Venlo sind eng mit dem Logistiksektor verbunden. Die Unternehmen bieten spezialisierte Dienstleistungen an, die den Logistikbetrieb unterst\u00fctzen und optimieren. Das reicht von IT-L\u00f6sungen bis zum Transportmanagement und macht den Logistiksektor in Venlo zu einem der effizientesten und zuverl\u00e4ssigsten in Europa.<\/p><p><strong>Logistikdienstleistungen und Industrie<\/strong><\/p><p>Die Logistikdienste in Venlo unterst\u00fctzen nicht nur den Agrar- und Ern\u00e4hrungssektor, sondern auch die verarbeitende Industrie. Durch die Bereitstellung effizienter Transport- und Distributionsl\u00f6sungen k\u00f6nnen Industrieunternehmen ihre Produkte schnell und zuverl\u00e4ssig an Kunden in der ganzen Welt liefern. Diese Synergie zwischen Logistik und Industrie st\u00e4rkt die Position von Venlo als wichtiges wirtschaftliches Zentrum.<\/p><p><strong>Sektoren, in denen Venlo und die Region stark sind:<\/strong><\/p><ul><li><strong>Logistik:<\/strong>\u00a0Venlo ist ein wichtiger Logistikknotenpunkt, perfekt gelegen f\u00fcr Transport und Vertrieb. Die Stadt bietet fortschrittliche Logistikdienstleistungen, die Unternehmen dabei helfen, ihre Waren effizient zu transportieren.<\/li><li><strong>Agrofood:<\/strong>\u00a0Venlo hat einen starken Agrar- und Ern\u00e4hrungssektor mit innovativen Unternehmen, die zu einer nachhaltigen Lebensmittelproduktion beitragen. Die Region ist bekannt f\u00fcr ihre hochwertigen landwirtschaftlichen Produkte und Technologien.<\/li><li><strong>Verarbeitendes Gewerbe:<\/strong>\u00a0Venlo ist ein Zentrum der industriellen Fertigung mit Unternehmen, die hochwertige Produkte und Dienstleistungen anbieten. Die verarbeitende Industrie in Venlo ist vielf\u00e4ltig und innovativ, wobei der Schwerpunkt auf Nachhaltigkeit und Qualit\u00e4t liegt.<\/li><li><strong>Freizeitwirtschaft:<\/strong>\u00a0Venlo bietet eine breite Palette an Freizeit- und Tourismusm\u00f6glichkeiten, die es zu einem attraktiven Reiseziel machen. Die Stadt hat eine reiche Kulturgeschichte und bietet zahlreiche Aktivit\u00e4ten f\u00fcr Besucher und Einwohner.<\/li><li><strong>Pflege:<\/strong>\u00a0Venlo verf\u00fcgt \u00fcber ein gut entwickeltes Gesundheitswesen mit hervorragenden Einrichtungen und Dienstleistungen f\u00fcr Einwohner und Besucher. Die Stadt bietet qualitativ hochwertige Gesundheits- und Sozialdienste.<\/li><\/ul><p><strong>Venlo w\u00e4hlen<\/strong><\/p><p>Entscheiden Sie sich f\u00fcr Venlo und entdecken Sie die perfekte Balance zwischen gesch\u00e4ftlichem Erfolg und hoher Lebensqualit\u00e4t. Venlo bietet alles, was Sie brauchen, um beruflich und pers\u00f6nlich zu wachsen und zu gedeihen. Kommen Sie nach Venlo und erleben Sie selbst, warum diese Stadt der ideale Ort ist, um zu leben, zu arbeiten, zu studieren, sich zu erholen und Gesch\u00e4fte zu machen.<\/p><p>Die Sektoren, in denen Venlo und die Region stark sind;<\/p>\t\t\t\t\t\t\t\t<\/div>\n\t\t\t\t<\/div>\n\t\t\t\t<div class=\"elementor-element elementor-element-212c7e5 elementor-widget elementor-widget-heading\" data-id=\"212c7e5\" data-element_type=\"widget\" data-widget_type=\"heading.default\">\n\t\t\t\t<div class=\"elementor-widget-container\">\n\t\t\t\t\t<h2 class=\"elementor-heading-title elementor-size-default\">Logistik<\/h2>\t\t\t\t<\/div>\n\t\t\t\t<\/div>\n\t\t\t\t<div class=\"elementor-element elementor-element-ca5a80d elementor-widget elementor-widget-text-editor\" data-id=\"ca5a80d\" data-element_type=\"widget\" data-widget_type=\"text-editor.default\">\n\t\t\t\t<div class=\"elementor-widget-container\">\n\t\t\t\t\t\t\t\t\t<p>Logistiek.nl, die gr\u00f6\u00dfte Website f\u00fcr Logistikfachleute in den Niederlanden, erstellt seit 2005 eine j\u00e4hrliche Rangliste der Logistik-Hotspots. Venlo war neunmal der f\u00fchrende Logistik-Hotspot der Niederlande und belegte oft den zweiten Platz.<\/p><p>Venlo ist der wichtigste Binnenhafen - Konzept 'extended gateway' - f\u00fcr Rotterdam, Antwerpen und den Flughafen Schiphol. Riesige Mengen an G\u00fctern finden \u00fcber Venlo ihren Weg ins mitteleurop\u00e4ische Hinterland. Das macht Venlo zu Europas f\u00fchrender logistischer Wachstumsregion.<\/p><p>Die ideale Lage, die perfekte Verkehrsanbindung und der Platz f\u00fcr gro\u00dfe Lagerkomplexe sind Pluspunkte f\u00fcr Venlo. Noch wichtiger ist, dass hier das Wissen und die Erfahrung vorhanden sind, um die Warenstr\u00f6me so effizient wie m\u00f6glich zu lenken. Au\u00dferdem verf\u00fcgt Venlo \u00fcber alle erforderlichen Unterst\u00fctzungsdienste, von Zolleinrichtungen bis hin zur Logistikausbildung auf Universit\u00e4tsniveau.<\/p>\t\t\t\t\t\t\t\t<\/div>\n\t\t\t\t<\/div>\n\t\t\t\t<div class=\"elementor-element elementor-element-a3dd4e1 elementor-widget__width-initial elementor-widget elementor-widget-video\" data-id=\"a3dd4e1\" data-element_type=\"widget\" data-settings=\"{&quot;youtube_url&quot;:&quot;https:\\\/\\\/www.youtube.com\\\/watch?v=hoJR-RhU-0s&quot;,&quot;yt_privacy&quot;:&quot;yes&quot;,&quot;lazy_load&quot;:&quot;yes&quot;,&quot;video_type&quot;:&quot;youtube&quot;,&quot;controls&quot;:&quot;yes&quot;}\" data-widget_type=\"video.default\">\n\t\t\t\t<div class=\"elementor-widget-container\">\n\t\t\t\t\t\t\t<div class=\"elementor-wrapper elementor-open-inline\">\n\t\t\t<div class=\"elementor-video\"><\/div>\t\t<\/div>\n\t\t\t\t\t\t<\/div>\n\t\t\t\t<\/div>\n\t\t\t\t<div class=\"elementor-element elementor-element-787764c elementor-widget elementor-widget-heading\" data-id=\"787764c\" data-element_type=\"widget\" data-widget_type=\"heading.default\">\n\t\t\t\t<div class=\"elementor-widget-container\">\n\t\t\t\t\t<h2 class=\"elementor-heading-title elementor-size-default\">Agrofood<\/h2>\t\t\t\t<\/div>\n\t\t\t\t<\/div>\n\t\t\t\t<div class=\"elementor-element elementor-element-27df1f5 elementor-widget elementor-widget-text-editor\" data-id=\"27df1f5\" data-element_type=\"widget\" data-widget_type=\"text-editor.default\">\n\t\t\t\t<div class=\"elementor-widget-container\">\n\t\t\t\t\t\t\t\t\t<p>Der S\u00fcdosten der Niederlande ist das zweitgr\u00f6\u00dfte Gartenbaugebiet der Niederlande und zusammen mit der deutschen Grenzregion das gr\u00f6\u00dfte in Europa. Die Region Venlo nimmt in diesem Gebiet eine zentrale Stellung ein.<\/p><p>Rund um den Gartenbau hat sich in Venlo ein Netzwerk von Unternehmen, Organisationen und Institutionen gebildet, die mit der Gartenbaukette verbunden sind und in den Bereichen Versorgung, Verarbeitung, Verpackung, Handel, Transport und Agrologistik usw. t\u00e4tig sind.<\/p><p><u>Brightlands Campus Greenpark Venlo<\/u>\u00a0ist der Dreh- und Angelpunkt dieser Entwicklung: eine G\u00e4rtnerei, ein Labor und ein Testfeld f\u00fcr neue Ideen und Entwicklungen im Agrar- und Ern\u00e4hrungssektor.<\/p>\t\t\t\t\t\t\t\t<\/div>\n\t\t\t\t<\/div>\n\t\t\t\t<div class=\"elementor-element elementor-element-4ccce9a elementor-widget__width-initial elementor-widget elementor-widget-video\" data-id=\"4ccce9a\" data-element_type=\"widget\" data-settings=\"{&quot;youtube_url&quot;:&quot;https:\\\/\\\/www.youtube.com\\\/watch?v=s1rF9JP45YY&quot;,&quot;yt_privacy&quot;:&quot;yes&quot;,&quot;lazy_load&quot;:&quot;yes&quot;,&quot;video_type&quot;:&quot;youtube&quot;,&quot;controls&quot;:&quot;yes&quot;}\" data-widget_type=\"video.default\">\n\t\t\t\t<div class=\"elementor-widget-container\">\n\t\t\t\t\t\t\t<div class=\"elementor-wrapper elementor-open-inline\">\n\t\t\t<div class=\"elementor-video\"><\/div>\t\t<\/div>\n\t\t\t\t\t\t<\/div>\n\t\t\t\t<\/div>\n\t\t\t\t<div class=\"elementor-element elementor-element-ab31f54 elementor-widget elementor-widget-heading\" data-id=\"ab31f54\" data-element_type=\"widget\" data-widget_type=\"heading.default\">\n\t\t\t\t<div class=\"elementor-widget-container\">\n\t\t\t\t\t<h2 class=\"elementor-heading-title elementor-size-default\">Verarbeitendes Gewerbe<\/h2>\t\t\t\t<\/div>\n\t\t\t\t<\/div>\n\t\t\t\t<div class=\"elementor-element elementor-element-a485b3f elementor-widget elementor-widget-text-editor\" data-id=\"a485b3f\" data-element_type=\"widget\" data-widget_type=\"text-editor.default\">\n\t\t\t\t<div class=\"elementor-widget-container\">\n\t\t\t\t\t\t\t\t\t<p>Gemessen am Anteil der in der Industrie Besch\u00e4ftigten an der Gesamtzahl der Erwerbst\u00e4tigen liegt Venlo an f\u00fcnfter Stelle unter den 50 gr\u00f6\u00dften St\u00e4dten der Niederlande, in Bezug auf die wissensintensive Industrie sogar an zweiter Stelle!<\/p><p>Das wichtigste und bekannteste wissensintensive Unternehmen in Venlo ist Canon Production Printing BV. Es verf\u00fcgt \u00fcber einen eigenen Wissenspark in Venlo-Nord mit einer gro\u00dfen F&amp;E-Abteilung, in der Hunderte von hochqualifizierten Spezialisten besch\u00e4ftigt sind.<\/p><p>Weitere wissensintensive Branchen sind der Turbinenbau, Beschichtungen und Beschichtungssysteme, der Maschinen- und Anlagenbau, Glas und so weiter und so fort.<\/p>\t\t\t\t\t\t\t\t<\/div>\n\t\t\t\t<\/div>\n\t\t\t\t<div class=\"elementor-element elementor-element-31186d6 elementor-widget__width-initial elementor-widget elementor-widget-video\" data-id=\"31186d6\" data-element_type=\"widget\" data-settings=\"{&quot;youtube_url&quot;:&quot;https:\\\/\\\/www.youtube.com\\\/watch?v=xd9foVYun5M&quot;,&quot;yt_privacy&quot;:&quot;yes&quot;,&quot;lazy_load&quot;:&quot;yes&quot;,&quot;video_type&quot;:&quot;youtube&quot;,&quot;controls&quot;:&quot;yes&quot;}\" data-widget_type=\"video.default\">\n\t\t\t\t<div class=\"elementor-widget-container\">\n\t\t\t\t\t\t\t<div class=\"elementor-wrapper elementor-open-inline\">\n\t\t\t<div class=\"elementor-video\"><\/div>\t\t<\/div>\n\t\t\t\t\t\t<\/div>\n\t\t\t\t<\/div>\n\t\t\t\t<div class=\"elementor-element elementor-element-1d63438 elementor-widget elementor-widget-heading\" data-id=\"1d63438\" data-element_type=\"widget\" data-widget_type=\"heading.default\">\n\t\t\t\t<div class=\"elementor-widget-container\">\n\t\t\t\t\t<h2 class=\"elementor-heading-title elementor-size-default\">Kreislaufwirtschaft und Nachhaltigkeit<\/h2>\t\t\t\t<\/div>\n\t\t\t\t<\/div>\n\t\t\t\t<div class=\"elementor-element elementor-element-448876d elementor-widget elementor-widget-text-editor\" data-id=\"448876d\" data-element_type=\"widget\" data-widget_type=\"text-editor.default\">\n\t\t\t\t<div class=\"elementor-widget-container\">\n\t\t\t\t\t\t\t\t\t<h3>Nachhaltiges Wirtschaften<\/h3><p>Fragen zu gr\u00fcner Wirtschaft und gr\u00fcner Energie, z. B. zu Rechtsvorschriften, zu den Instrumenten, die Unternehmern zur Verf\u00fcgung stehen, zu Finanzierungsprogrammen f\u00fcr Unternehmen, zu Verweisen auf einschl\u00e4gige Organisationen:\u00a0<a href=\"https:\/\/groene-economie.com\/energieloket\" target=\"_blank\" rel=\"noopener\">https:\/\/groene-economie.com\/energieloket<\/a><br \/>Oder rufen Sie an unter 0475 - 794 051 (werktags zwischen 9 und 17 Uhr).<\/p><p>E-Mail:\u00a0<a href=\"mailto:info@energieloketmkb.com\">info@energieloketmkb.com<\/a><\/p><p>Fragen zur Mobilit\u00e4t, zu aktuellen Gesetzen und Verordnungen im Zusammenhang mit der Verordnung zur CO2-Reduzierung im Bereich der berufsbedingten Personenmobilit\u00e4t (WPM, die Arbeitgeber mit mehr als 100 Besch\u00e4ftigten ab Juli 2024 einhalten m\u00fcssen), zu einer nachhaltigeren Gestaltung des Verkehrs oder zu M\u00f6glichkeiten f\u00fcr andere Verkehrsmittel\u00a0<a href=\"https:\/\/www.trendsportal.nl\/collectie-projecten\/mobiliteitsaanpak-voor-werkgevers\" target=\"_blank\" rel=\"noopener\">https:\/\/www.trendsportal.nl\/collectie-projecten\/mobiliteitsaanpak-voor-werkgevers<\/a><\/p><p>Als Gemeinde Venlo arbeiten wir eng mit der Wirtschaft zusammen, um nachhaltiges Unternehmertum zu f\u00f6rdern. Dabei geht es um Energiewende, Klimaanpassung und\/oder zirkul\u00e4re Gesch\u00e4fts- und Subventionsm\u00f6glichkeiten:\u00a0<a href=\"https:\/\/eur02.safelinks.protection.outlook.com\/?url=https%3A%2F%2Fmorgen.venlo.nl%2Fduurzaam-ondernemen&amp;data=05%7C02%7Ce.berkvens%40venlo.nl%7C70778bdbc60a46a577fa08dd556c8f75%7C33eadda4b88e480288576de4eacb251a%7C0%7C0%7C638760646929120045%7CUnknown%7CTWFpbGZsb3d8eyJFbXB0eU1hcGkiOnRydWUsIlYiOiIwLjAuMDAwMCIsIlAiOiJXaW4zMiIsIkFOIjoiTWFpbCIsIldUIjoyfQ%3D%3D%7C0%7C%7C%7C&amp;sdata=PauTaFFBEvbhtUyzoCQbKQ9Cii7GVOlg0tTSIIye5N0%3D&amp;reserved=0\" target=\"_blank\" rel=\"noopener\">https:\/\/morgen.venlo.nl\/duurzaam-ondernemen<\/a>.<\/p>\t\t\t\t\t\t\t\t<\/div>\n\t\t\t\t<\/div>\n\t\t\t\t<div class=\"elementor-element elementor-element-e665782 elementor-widget elementor-widget-button\" data-id=\"e665782\" data-element_type=\"widget\" data-widget_type=\"button.default\">\n\t\t\t\t<div class=\"elementor-widget-container\">\n\t\t\t\t\t\t\t\t\t<div class=\"elementor-button-wrapper\">\n\t\t\t\t\t<a class=\"elementor-button elementor-button-link elementor-size-sm\" href=\"https:\/\/www.ondernemendvenlo.nl\/de\/praktische-informatie-gemeente\/\">\n\t\t\t\t\t\t<span class=\"elementor-button-content-wrapper\">\n\t\t\t\t\t\t\t\t\t<span class=\"elementor-button-text\">zur\u00fcck zur \u00dcbersicht<\/span>\n\t\t\t\t\t<\/span>\n\t\t\t\t\t<\/a>\n\t\t\t\t<\/div>\n\t\t\t\t\t\t\t\t<\/div>\n\t\t\t\t<\/div>\n\t\t\t\t<\/div>\n\t\t\t\t\t<\/div>\n\t\t\t\t<\/div>\n\t\t\t\t<\/div>","protected":false},"excerpt":{"rendered":"<p>Navigatie Veelzijdig Venlo De Veelzijdigheid van de Venlose en Regionale Economie Venlo en de regio staan bekend om hun veelzijdige en dynamische economie, die een breed scala aan kruisbestuivingen mogelijk maakt. Deze interacties tussen verschillende sectoren zorgen voor een innovatieve en veerkrachtige economische omgeving waarin bedrijven kunnen floreren. Industri\u00eble Productie en Agrofood De industri\u00eble productie [&hellip;]<\/p>","protected":false},"author":1,"featured_media":0,"parent":792,"menu_order":3,"comment_status":"closed","ping_status":"closed","template":"","meta":{"_acf_changed":false,"footnotes":""},"class_list":["post-985","page","type-page","status-publish","hentry"],"acf":[],"yoast_head":"<!-- This site is optimized with the Yoast SEO plugin v26.3 - https:\/\/yoast.com\/wordpress\/plugins\/seo\/ -->\n<title>Speerpunten - Ondernemend Venlo<\/title>\n<meta name=\"robots\" content=\"index, follow, max-snippet:-1, max-image-preview:large, max-video-preview:-1\" \/>\n<link rel=\"canonical\" href=\"https:\/\/www.ondernemendvenlo.nl\/de\/praktische-informatie-gemeente\/speerpunten\/\" \/>\n<meta property=\"og:locale\" content=\"de_DE\" \/>\n<meta property=\"og:type\" content=\"article\" \/>\n<meta property=\"og:title\" content=\"Speerpunten - Ondernemend Venlo\" \/>\n<meta property=\"og:description\" content=\"Navigatie Veelzijdig Venlo De Veelzijdigheid van de Venlose en Regionale Economie Venlo en de regio staan bekend om hun veelzijdige en dynamische economie, die een breed scala aan kruisbestuivingen mogelijk maakt. Deze interacties tussen verschillende sectoren zorgen voor een innovatieve en veerkrachtige economische omgeving waarin bedrijven kunnen floreren. Industri\u00eble Productie en Agrofood De industri\u00eble productie [&hellip;]\" \/>\n<meta property=\"og:url\" content=\"https:\/\/www.ondernemendvenlo.nl\/de\/praktische-informatie-gemeente\/speerpunten\/\" \/>\n<meta property=\"og:site_name\" content=\"Ondernemend Venlo\" \/>\n<meta property=\"article:modified_time\" content=\"2025-04-10T08:33:28+00:00\" \/>\n<meta name=\"twitter:card\" content=\"summary_large_image\" \/>\n<script type=\"application\/ld+json\" class=\"yoast-schema-graph\">{\"@context\":\"https:\/\/schema.org\",\"@graph\":[{\"@type\":\"WebPage\",\"@id\":\"https:\/\/www.ondernemendvenlo.nl\/praktische-informatie-gemeente\/speerpunten\/\",\"url\":\"https:\/\/www.ondernemendvenlo.nl\/praktische-informatie-gemeente\/speerpunten\/\",\"name\":\"Speerpunten - Ondernemend Venlo\",\"isPartOf\":{\"@id\":\"https:\/\/www.ondernemendvenlo.nl\/#website\"},\"datePublished\":\"2025-03-16T19:05:48+00:00\",\"dateModified\":\"2025-04-10T08:33:28+00:00\",\"breadcrumb\":{\"@id\":\"https:\/\/www.ondernemendvenlo.nl\/praktische-informatie-gemeente\/speerpunten\/#breadcrumb\"},\"inLanguage\":\"de\",\"potentialAction\":[{\"@type\":\"ReadAction\",\"target\":[\"https:\/\/www.ondernemendvenlo.nl\/praktische-informatie-gemeente\/speerpunten\/\"]}]},{\"@type\":\"BreadcrumbList\",\"@id\":\"https:\/\/www.ondernemendvenlo.nl\/praktische-informatie-gemeente\/speerpunten\/#breadcrumb\",\"itemListElement\":[{\"@type\":\"ListItem\",\"position\":1,\"name\":\"Ondernemend Venlo\",\"item\":\"https:\/\/www.ondernemendvenlo.nl\/\"},{\"@type\":\"ListItem\",\"position\":2,\"name\":\"Praktische informatie gemeente\",\"item\":\"https:\/\/www.ondernemendvenlo.nl\/praktische-informatie-gemeente\/\"},{\"@type\":\"ListItem\",\"position\":3,\"name\":\"Speerpunten\"}]},{\"@type\":\"WebSite\",\"@id\":\"https:\/\/www.ondernemendvenlo.nl\/#website\",\"url\":\"https:\/\/www.ondernemendvenlo.nl\/\",\"name\":\"Ondernemend Venlo\",\"description\":\"Samen succesvol ondernemen\",\"publisher\":{\"@id\":\"https:\/\/www.ondernemendvenlo.nl\/#organization\"},\"potentialAction\":[{\"@type\":\"SearchAction\",\"target\":{\"@type\":\"EntryPoint\",\"urlTemplate\":\"https:\/\/www.ondernemendvenlo.nl\/?s={search_term_string}\"},\"query-input\":{\"@type\":\"PropertyValueSpecification\",\"valueRequired\":true,\"valueName\":\"search_term_string\"}}],\"inLanguage\":\"de\"},{\"@type\":\"Organization\",\"@id\":\"https:\/\/www.ondernemendvenlo.nl\/#organization\",\"name\":\"Ondernemend Venlo\",\"url\":\"https:\/\/www.ondernemendvenlo.nl\/\",\"logo\":{\"@type\":\"ImageObject\",\"inLanguage\":\"de\",\"@id\":\"https:\/\/www.ondernemendvenlo.nl\/#\/schema\/logo\/image\/\",\"url\":\"https:\/\/www.ondernemendvenlo.nl\/wp-content\/uploads\/2025\/02\/Ondernemend-Venlo-logo-scaled.webp\",\"contentUrl\":\"https:\/\/www.ondernemendvenlo.nl\/wp-content\/uploads\/2025\/02\/Ondernemend-Venlo-logo-scaled.webp\",\"width\":2560,\"height\":1010,\"caption\":\"Ondernemend Venlo\"},\"image\":{\"@id\":\"https:\/\/www.ondernemendvenlo.nl\/#\/schema\/logo\/image\/\"},\"sameAs\":[\"https:\/\/www.linkedin.com\/company\/ondernemend-venlo\/\"]}]}<\/script>\n<!-- \/ Yoast SEO plugin. -->","yoast_head_json":{"title":"Speerpunten - Ondernemend Venlo","robots":{"index":"index","follow":"follow","max-snippet":"max-snippet:-1","max-image-preview":"max-image-preview:large","max-video-preview":"max-video-preview:-1"},"canonical":"https:\/\/www.ondernemendvenlo.nl\/de\/praktische-informatie-gemeente\/speerpunten\/","og_locale":"de_DE","og_type":"article","og_title":"Speerpunten - Ondernemend Venlo","og_description":"Navigatie Veelzijdig Venlo De Veelzijdigheid van de Venlose en Regionale Economie Venlo en de regio staan bekend om hun veelzijdige en dynamische economie, die een breed scala aan kruisbestuivingen mogelijk maakt. Deze interacties tussen verschillende sectoren zorgen voor een innovatieve en veerkrachtige economische omgeving waarin bedrijven kunnen floreren. Industri\u00eble Productie en Agrofood De industri\u00eble productie [&hellip;]","og_url":"https:\/\/www.ondernemendvenlo.nl\/de\/praktische-informatie-gemeente\/speerpunten\/","og_site_name":"Ondernemend Venlo","article_modified_time":"2025-04-10T08:33:28+00:00","twitter_card":"summary_large_image","schema":{"@context":"https:\/\/schema.org","@graph":[{"@type":"WebPage","@id":"https:\/\/www.ondernemendvenlo.nl\/praktische-informatie-gemeente\/speerpunten\/","url":"https:\/\/www.ondernemendvenlo.nl\/praktische-informatie-gemeente\/speerpunten\/","name":"Speerpunten - Ondernemend Venlo","isPartOf":{"@id":"https:\/\/www.ondernemendvenlo.nl\/#website"},"datePublished":"2025-03-16T19:05:48+00:00","dateModified":"2025-04-10T08:33:28+00:00","breadcrumb":{"@id":"https:\/\/www.ondernemendvenlo.nl\/praktische-informatie-gemeente\/speerpunten\/#breadcrumb"},"inLanguage":"de","potentialAction":[{"@type":"ReadAction","target":["https:\/\/www.ondernemendvenlo.nl\/praktische-informatie-gemeente\/speerpunten\/"]}]},{"@type":"BreadcrumbList","@id":"https:\/\/www.ondernemendvenlo.nl\/praktische-informatie-gemeente\/speerpunten\/#breadcrumb","itemListElement":[{"@type":"ListItem","position":1,"name":"Ondernemend Venlo","item":"https:\/\/www.ondernemendvenlo.nl\/"},{"@type":"ListItem","position":2,"name":"Praktische informatie gemeente","item":"https:\/\/www.ondernemendvenlo.nl\/praktische-informatie-gemeente\/"},{"@type":"ListItem","position":3,"name":"Speerpunten"}]},{"@type":"WebSite","@id":"https:\/\/www.ondernemendvenlo.nl\/#website","url":"https:\/\/www.ondernemendvenlo.nl\/","name":"Unternehmerisches Venlo","description":"Samen succesvol ondernemen","publisher":{"@id":"https:\/\/www.ondernemendvenlo.nl\/#organization"},"potentialAction":[{"@type":"SearchAction","target":{"@type":"EntryPoint","urlTemplate":"https:\/\/www.ondernemendvenlo.nl\/?s={search_term_string}"},"query-input":{"@type":"PropertyValueSpecification","valueRequired":true,"valueName":"search_term_string"}}],"inLanguage":"de"},{"@type":"Organization","@id":"https:\/\/www.ondernemendvenlo.nl\/#organization","name":"Unternehmerisches Venlo","url":"https:\/\/www.ondernemendvenlo.nl\/","logo":{"@type":"ImageObject","inLanguage":"de","@id":"https:\/\/www.ondernemendvenlo.nl\/#\/schema\/logo\/image\/","url":"https:\/\/www.ondernemendvenlo.nl\/wp-content\/uploads\/2025\/02\/Ondernemend-Venlo-logo-scaled.webp","contentUrl":"https:\/\/www.ondernemendvenlo.nl\/wp-content\/uploads\/2025\/02\/Ondernemend-Venlo-logo-scaled.webp","width":2560,"height":1010,"caption":"Ondernemend Venlo"},"image":{"@id":"https:\/\/www.ondernemendvenlo.nl\/#\/schema\/logo\/image\/"},"sameAs":["https:\/\/www.linkedin.com\/company\/ondernemend-venlo\/"]}]}},"_links":{"self":[{"href":"https:\/\/www.ondernemendvenlo.nl\/de\/wp-json\/wp\/v2\/pages\/985","targetHints":{"allow":["GET"]}}],"collection":[{"href":"https:\/\/www.ondernemendvenlo.nl\/de\/wp-json\/wp\/v2\/pages"}],"about":[{"href":"https:\/\/www.ondernemendvenlo.nl\/de\/wp-json\/wp\/v2\/types\/page"}],"author":[{"embeddable":true,"href":"https:\/\/www.ondernemendvenlo.nl\/de\/wp-json\/wp\/v2\/users\/1"}],"replies":[{"embeddable":true,"href":"https:\/\/www.ondernemendvenlo.nl\/de\/wp-json\/wp\/v2\/comments?post=985"}],"version-history":[{"count":3,"href":"https:\/\/www.ondernemendvenlo.nl\/de\/wp-json\/wp\/v2\/pages\/985\/revisions"}],"predecessor-version":[{"id":4855,"href":"https:\/\/www.ondernemendvenlo.nl\/de\/wp-json\/wp\/v2\/pages\/985\/revisions\/4855"}],"up":[{"embeddable":true,"href":"https:\/\/www.ondernemendvenlo.nl\/de\/wp-json\/wp\/v2\/pages\/792"}],"wp:attachment":[{"href":"https:\/\/www.ondernemendvenlo.nl\/de\/wp-json\/wp\/v2\/media?parent=985"}],"curies":[{"name":"wp","href":"https:\/\/api.w.org\/{rel}","templated":true}]}}