{"id":264,"date":"2025-03-12T18:43:23","date_gmt":"2025-03-12T17:43:23","guid":{"rendered":"https:\/\/www.ondernemendvenlo.nl\/?page_id=264"},"modified":"2025-05-23T10:46:10","modified_gmt":"2025-05-23T08:46:10","slug":"over-ons","status":"publish","type":"page","link":"https:\/\/www.ondernemendvenlo.nl\/fr\/organisatie\/over-ons\/","title":{"rendered":"A propos de nous"},"content":{"rendered":"<div data-elementor-type=\"wp-page\" data-elementor-id=\"264\" class=\"elementor elementor-264\" data-elementor-post-type=\"page\">\n\t\t\t\t<div class=\"elementor-element elementor-element-fc62eff e-flex e-con-boxed e-con e-parent\" data-id=\"fc62eff\" data-element_type=\"container\">\n\t\t\t\t\t<div class=\"e-con-inner\">\n\t\t<div class=\"elementor-element elementor-element-b6a08c5 e-con-full e-flex e-con e-child\" data-id=\"b6a08c5\" data-element_type=\"container\">\n\t\t\t\t<div class=\"elementor-element elementor-element-6b7ac44 elementor-widget-tablet__width-initial elementor-widget elementor-widget-image\" data-id=\"6b7ac44\" data-element_type=\"widget\" data-widget_type=\"image.default\">\n\t\t\t\t<div class=\"elementor-widget-container\">\n\t\t\t\t\t\t\t\t\t\t\t\t\t\t\t<img fetchpriority=\"high\" decoding=\"async\" width=\"630\" height=\"525\" src=\"https:\/\/www.ondernemendvenlo.nl\/wp-content\/uploads\/2025\/02\/Ondernemend-Venlo-home-nav-def-1.png\" class=\"attachment-full size-full wp-image-1103\" alt=\"\" srcset=\"https:\/\/www.ondernemendvenlo.nl\/wp-content\/uploads\/2025\/02\/Ondernemend-Venlo-home-nav-def-1.png 630w, https:\/\/www.ondernemendvenlo.nl\/wp-content\/uploads\/2025\/02\/Ondernemend-Venlo-home-nav-def-1-300x250.png 300w, https:\/\/www.ondernemendvenlo.nl\/wp-content\/uploads\/2025\/02\/Ondernemend-Venlo-home-nav-def-1-14x12.png 14w\" sizes=\"(max-width: 630px) 100vw, 630px\" \/>\t\t\t\t\t\t\t\t\t\t\t\t\t\t\t<\/div>\n\t\t\t\t<\/div>\n\t\t<div class=\"elementor-element elementor-element-e0a7707 e-con-full e-flex e-con e-child\" data-id=\"e0a7707\" data-element_type=\"container\" data-settings=\"{&quot;background_background&quot;:&quot;classic&quot;}\">\n\t\t\t\t<div class=\"elementor-element elementor-element-8cf9300 elementor-widget elementor-widget-heading\" data-id=\"8cf9300\" data-element_type=\"widget\" data-widget_type=\"heading.default\">\n\t\t\t\t<div class=\"elementor-widget-container\">\n\t\t\t\t\t<span class=\"elementor-heading-title elementor-size-default\">Vous avez des questions ou vous recherchez des conseils ou des informations ?\n\n<\/span>\t\t\t\t<\/div>\n\t\t\t\t<\/div>\n\t\t\t\t<div class=\"elementor-element elementor-element-fc11192 elementor-widget elementor-widget-text-editor\" data-id=\"fc11192\" data-element_type=\"widget\" data-widget_type=\"text-editor.default\">\n\t\t\t\t<div class=\"elementor-widget-container\">\n\t\t\t\t\t\t\t\t\t<p>N'h\u00e9sitez pas \u00e0 contacter notre gestionnaire de parc Nicky Verhaagh.<\/p>\t\t\t\t\t\t\t\t<\/div>\n\t\t\t\t<\/div>\n\t\t<div class=\"elementor-element elementor-element-ea0c4b0 e-con-full e-flex e-con e-child\" data-id=\"ea0c4b0\" data-element_type=\"container\">\n\t\t\t\t<div class=\"elementor-element elementor-element-8786bde elementor-view-stacked elementor-shape-rounded elementor-widget elementor-widget-icon\" data-id=\"8786bde\" data-element_type=\"widget\" data-widget_type=\"icon.default\">\n\t\t\t\t<div class=\"elementor-widget-container\">\n\t\t\t\t\t\t\t<div class=\"elementor-icon-wrapper\">\n\t\t\t<a class=\"elementor-icon elementor-animation-grow\" href=\"tel:+31646726540\">\n\t\t\t<svg aria-hidden=\"true\" class=\"e-font-icon-svg e-fas-phone-alt\" viewbox=\"0 0 512 512\" xmlns=\"http:\/\/www.w3.org\/2000\/svg\"><path d=\"M497.39 361.8l-112-48a24 24 0 0 0-28 6.9l-49.6 60.6A370.66 370.66 0 0 1 130.6 204.11l60.6-49.6a23.94 23.94 0 0 0 6.9-28l-48-112A24.16 24.16 0 0 0 122.6.61l-104 24A24 24 0 0 0 0 48c0 256.5 207.9 464 464 464a24 24 0 0 0 23.4-18.6l24-104a24.29 24.29 0 0 0-14.01-27.6z\"><\/path><\/svg>\t\t\t<\/a>\n\t\t<\/div>\n\t\t\t\t\t\t<\/div>\n\t\t\t\t<\/div>\n\t\t\t\t<div class=\"elementor-element elementor-element-e2f3dd1 elementor-view-stacked elementor-shape-rounded elementor-widget elementor-widget-icon\" data-id=\"e2f3dd1\" data-element_type=\"widget\" data-widget_type=\"icon.default\">\n\t\t\t\t<div class=\"elementor-widget-container\">\n\t\t\t\t\t\t\t<div class=\"elementor-icon-wrapper\">\n\t\t\t<a class=\"elementor-icon elementor-animation-grow\" href=\"mailto:nicky.verhaagh@ondernemendvenlo.nl\">\n\t\t\t<svg aria-hidden=\"true\" class=\"e-font-icon-svg e-fas-envelope\" viewbox=\"0 0 512 512\" xmlns=\"http:\/\/www.w3.org\/2000\/svg\"><path d=\"M502.3 190.8c3.9-3.1 9.7-.2 9.7 4.7V400c0 26.5-21.5 48-48 48H48c-26.5 0-48-21.5-48-48V195.6c0-5 5.7-7.8 9.7-4.7 22.4 17.4 52.1 39.5 154.1 113.6 21.1 15.4 56.7 47.8 92.2 47.6 35.7.3 72-32.8 92.3-47.6 102-74.1 131.6-96.3 154-113.7zM256 320c23.2.4 56.6-29.2 73.4-41.4 132.7-96.3 142.8-104.7 173.4-128.7 5.8-4.5 9.2-11.5 9.2-18.9v-19c0-26.5-21.5-48-48-48H48C21.5 64 0 85.5 0 112v19c0 7.4 3.4 14.3 9.2 18.9 30.6 23.9 40.7 32.4 173.4 128.7 16.8 12.2 50.2 41.8 73.4 41.4z\"><\/path><\/svg>\t\t\t<\/a>\n\t\t<\/div>\n\t\t\t\t\t\t<\/div>\n\t\t\t\t<\/div>\n\t\t\t\t<\/div>\n\t\t\t\t<\/div>\n\t\t\t\t<\/div>\n\t\t<div class=\"elementor-element elementor-element-b7e4c58 e-con-full e-flex e-con e-child\" data-id=\"b7e4c58\" data-element_type=\"container\">\n\t\t\t\t<div class=\"elementor-element elementor-element-467f041 elementor-widget elementor-widget-heading\" data-id=\"467f041\" data-element_type=\"widget\" data-widget_type=\"heading.default\">\n\t\t\t\t<div class=\"elementor-widget-container\">\n\t\t\t\t\t<span class=\"elementor-heading-title elementor-size-default\">\u00c0 propos d'Entrepreneurial Venlo<\/span>\t\t\t\t<\/div>\n\t\t\t\t<\/div>\n\t\t\t\t<div class=\"elementor-element elementor-element-f9c1221 elementor-widget elementor-widget-text-editor\" data-id=\"f9c1221\" data-element_type=\"widget\" data-widget_type=\"text-editor.default\">\n\t\t\t\t<div class=\"elementor-widget-container\">\n\t\t\t\t\t\t\t\t\t<div class=\"wpb_column vc_column_container vc_col-sm-6\"><div class=\"vc_column-inner\"><div class=\"wpb_wrapper\"><div class=\"wpb_text_column wpb_content_element\"><div class=\"wpb_wrapper\"><p>Ondernemend Venlo repr\u00e9sente les int\u00e9r\u00eats de plus de 1 200 entreprises dans les 20 parcs d'activit\u00e9s de la municipalit\u00e9 de Venlo, qui emploient ensemble environ 40 000 personnes. Ces 1 200 entreprises sont r\u00e9unies au sein de quatre d\u00e9partements :<\/p><ul><li>Tradeport<\/li><li>Noorderpoort<\/li><li>Mouron des oiseaux<\/li><li>Commerce Port South<\/li><\/ul><p>Avec les conseils locaux de ces d\u00e9partements, nous nous engageons \u00e0 cr\u00e9er un climat d'affaires solide et une \u00e9conomie locale et r\u00e9gionale prosp\u00e8re.<\/p><p>Dankzij de Bedrijveninvesteringszone (BIZ) dragen alle ondernemers op de bedrijventerreinen bij aan het collectief. Deze middelen investeren wij in collectieve voorzieningen en initiatieven binnen het parkmanagement, zoals camerabeveiliging, groen onderhoud en verbetering van de infrastructuur op de bedrijventerreinen. Daarnaast organiseren we regelmatig inspirerende themabijeenkomsten, waar ondernemers kennis delen en waardevolle connecties kunnen opbouwen.<\/p><\/div><\/div><\/div><\/div><\/div><div class=\"wpb_column vc_column_container vc_col-sm-6\"><div class=\"vc_column-inner\"><div class=\"wpb_wrapper\"><div class=\"wpb_text_column wpb_content_element\"><div class=\"wpb_wrapper\">\u00a0<\/div><\/div><\/div><\/div><\/div>\t\t\t\t\t\t\t\t<\/div>\n\t\t\t\t<\/div>\n\t\t\t\t<\/div>\n\t\t\t\t\t<\/div>\n\t\t\t\t<\/div>\n\t\t<div class=\"elementor-element elementor-element-337df7e e-flex e-con-boxed e-con e-parent\" data-id=\"337df7e\" data-element_type=\"container\" data-settings=\"{&quot;background_background&quot;:&quot;classic&quot;}\">\n\t\t\t\t\t<div class=\"e-con-inner\">\n\t\t\t\t<div class=\"elementor-element elementor-element-4a5be32 elementor-widget elementor-widget-heading\" data-id=\"4a5be32\" data-element_type=\"widget\" data-widget_type=\"heading.default\">\n\t\t\t\t<div class=\"elementor-widget-container\">\n\t\t\t\t\t<h2 class=\"elementor-heading-title elementor-size-default\">Entrepreneurial Venlo : construire ensemble un avenir solide<\/h2>\t\t\t\t<\/div>\n\t\t\t\t<\/div>\n\t\t\t\t<div class=\"elementor-element elementor-element-0bb9eae elementor-widget elementor-widget-text-editor\" data-id=\"0bb9eae\" data-element_type=\"widget\" data-widget_type=\"text-editor.default\">\n\t\t\t\t<div class=\"elementor-widget-container\">\n\t\t\t\t\t\t\t\t\t<p><b>Notre mission<\/b>Le but est de cr\u00e9er des conditions optimales pour que les entrepreneurs des parcs d'activit\u00e9s \u00e9conomiques de Venlo soient des entreprises \u00e9conomiquement prosp\u00e8res et p\u00e9rennes.<\/p><p><b>Notre vision<\/b>Entrepreneurial Venlo vise \u00e0 pr\u00e9senter la ville comme une r\u00e9gion de premier plan o\u00f9 les gens travaillent ensemble pour cr\u00e9er une Venlo \u00e9conomiquement forte, durable et innovante, o\u00f9 les entreprises prosp\u00e8rent, o\u00f9 les talents se sentent chez eux et o\u00f9 la r\u00e9gion excelle en termes de vitalit\u00e9 et de connexion.<\/p><p>Ondernemend Venlo joue un r\u00f4le de directeur en stimulant mais aussi en canalisant les initiatives au sein de la r\u00e9gion et en veillant \u00e0 ce qu'elles soient conformes \u00e0 l'orientation strat\u00e9gique de Venlo.<\/p>\t\t\t\t\t\t\t\t<\/div>\n\t\t\t\t<\/div>\n\t\t\t\t\t<\/div>\n\t\t\t\t<\/div>\n\t\t\t\t<\/div>","protected":false},"excerpt":{"rendered":"<p>Heb je vragen of ben je op zoek naar advies of informatie? Neem vrijblijvend contact op met onze parkmanager Nicky Verhaagh. Over Ondernemend Venlo Ondernemend Venlo vertegenwoordigt de belangen van ruim 1200 bedrijven op de 20 bedrijventerreinen in de gemeente Venlo, samen goed voor circa 40.000 werknemers. Deze 1200 bedrijven zijn verenigd in 4 afdelingen: [&hellip;]<\/p>","protected":false},"author":1,"featured_media":0,"parent":159,"menu_order":1,"comment_status":"closed","ping_status":"closed","template":"","meta":{"_acf_changed":false,"footnotes":""},"class_list":["post-264","page","type-page","status-publish","hentry"],"acf":[],"yoast_head":"<!-- This site is optimized with the Yoast SEO plugin v26.3 - https:\/\/yoast.com\/wordpress\/plugins\/seo\/ -->\n<title>Over ons - Ondernemend Venlo<\/title>\n<meta name=\"robots\" content=\"index, follow, max-snippet:-1, max-image-preview:large, max-video-preview:-1\" \/>\n<link rel=\"canonical\" href=\"https:\/\/www.ondernemendvenlo.nl\/fr\/organisatie\/over-ons\/\" \/>\n<meta property=\"og:locale\" content=\"fr_FR\" \/>\n<meta property=\"og:type\" content=\"article\" \/>\n<meta property=\"og:title\" content=\"Over ons - Ondernemend Venlo\" \/>\n<meta property=\"og:description\" content=\"Heb je vragen of ben je op zoek naar advies of informatie? Neem vrijblijvend contact op met onze parkmanager Nicky Verhaagh. Over Ondernemend Venlo Ondernemend Venlo vertegenwoordigt de belangen van ruim 1200 bedrijven op de 20 bedrijventerreinen in de gemeente Venlo, samen goed voor circa 40.000 werknemers. Deze 1200 bedrijven zijn verenigd in 4 afdelingen: [&hellip;]\" \/>\n<meta property=\"og:url\" content=\"https:\/\/www.ondernemendvenlo.nl\/fr\/organisatie\/over-ons\/\" \/>\n<meta property=\"og:site_name\" content=\"Ondernemend Venlo\" \/>\n<meta property=\"article:modified_time\" content=\"2025-05-23T08:46:10+00:00\" \/>\n<meta property=\"og:image\" content=\"https:\/\/www.ondernemendvenlo.nl\/wp-content\/uploads\/2025\/02\/Ondernemend-Venlo-home-nav-def-1.png\" \/>\n\t<meta property=\"og:image:width\" content=\"630\" \/>\n\t<meta property=\"og:image:height\" content=\"525\" \/>\n\t<meta property=\"og:image:type\" content=\"image\/png\" \/>\n<meta name=\"twitter:card\" content=\"summary_large_image\" \/>\n<meta name=\"twitter:label1\" content=\"Dur\u00e9e de lecture estim\u00e9e\" \/>\n\t<meta name=\"twitter:data1\" content=\"2 minutes\" \/>\n<script type=\"application\/ld+json\" class=\"yoast-schema-graph\">{\"@context\":\"https:\/\/schema.org\",\"@graph\":[{\"@type\":\"WebPage\",\"@id\":\"https:\/\/www.ondernemendvenlo.nl\/organisatie\/over-ons\/\",\"url\":\"https:\/\/www.ondernemendvenlo.nl\/organisatie\/over-ons\/\",\"name\":\"Over ons - Ondernemend Venlo\",\"isPartOf\":{\"@id\":\"https:\/\/www.ondernemendvenlo.nl\/#website\"},\"primaryImageOfPage\":{\"@id\":\"https:\/\/www.ondernemendvenlo.nl\/organisatie\/over-ons\/#primaryimage\"},\"image\":{\"@id\":\"https:\/\/www.ondernemendvenlo.nl\/organisatie\/over-ons\/#primaryimage\"},\"thumbnailUrl\":\"https:\/\/www.ondernemendvenlo.nl\/wp-content\/uploads\/2025\/02\/Ondernemend-Venlo-home-nav-def-1.png\",\"datePublished\":\"2025-03-12T17:43:23+00:00\",\"dateModified\":\"2025-05-23T08:46:10+00:00\",\"breadcrumb\":{\"@id\":\"https:\/\/www.ondernemendvenlo.nl\/organisatie\/over-ons\/#breadcrumb\"},\"inLanguage\":\"fr-FR\",\"potentialAction\":[{\"@type\":\"ReadAction\",\"target\":[\"https:\/\/www.ondernemendvenlo.nl\/organisatie\/over-ons\/\"]}]},{\"@type\":\"ImageObject\",\"inLanguage\":\"fr-FR\",\"@id\":\"https:\/\/www.ondernemendvenlo.nl\/organisatie\/over-ons\/#primaryimage\",\"url\":\"https:\/\/www.ondernemendvenlo.nl\/wp-content\/uploads\/2025\/02\/Ondernemend-Venlo-home-nav-def-1.png\",\"contentUrl\":\"https:\/\/www.ondernemendvenlo.nl\/wp-content\/uploads\/2025\/02\/Ondernemend-Venlo-home-nav-def-1.png\"},{\"@type\":\"BreadcrumbList\",\"@id\":\"https:\/\/www.ondernemendvenlo.nl\/organisatie\/over-ons\/#breadcrumb\",\"itemListElement\":[{\"@type\":\"ListItem\",\"position\":1,\"name\":\"Ondernemend Venlo\",\"item\":\"https:\/\/www.ondernemendvenlo.nl\/\"},{\"@type\":\"ListItem\",\"position\":2,\"name\":\"Organisatie\",\"item\":\"https:\/\/www.ondernemendvenlo.nl\/organisatie\/\"},{\"@type\":\"ListItem\",\"position\":3,\"name\":\"Over ons\"}]},{\"@type\":\"WebSite\",\"@id\":\"https:\/\/www.ondernemendvenlo.nl\/#website\",\"url\":\"https:\/\/www.ondernemendvenlo.nl\/\",\"name\":\"Ondernemend Venlo\",\"description\":\"Samen succesvol ondernemen\",\"publisher\":{\"@id\":\"https:\/\/www.ondernemendvenlo.nl\/#organization\"},\"potentialAction\":[{\"@type\":\"SearchAction\",\"target\":{\"@type\":\"EntryPoint\",\"urlTemplate\":\"https:\/\/www.ondernemendvenlo.nl\/?s={search_term_string}\"},\"query-input\":{\"@type\":\"PropertyValueSpecification\",\"valueRequired\":true,\"valueName\":\"search_term_string\"}}],\"inLanguage\":\"fr-FR\"},{\"@type\":\"Organization\",\"@id\":\"https:\/\/www.ondernemendvenlo.nl\/#organization\",\"name\":\"Ondernemend Venlo\",\"url\":\"https:\/\/www.ondernemendvenlo.nl\/\",\"logo\":{\"@type\":\"ImageObject\",\"inLanguage\":\"fr-FR\",\"@id\":\"https:\/\/www.ondernemendvenlo.nl\/#\/schema\/logo\/image\/\",\"url\":\"https:\/\/www.ondernemendvenlo.nl\/wp-content\/uploads\/2025\/02\/Ondernemend-Venlo-logo-scaled.webp\",\"contentUrl\":\"https:\/\/www.ondernemendvenlo.nl\/wp-content\/uploads\/2025\/02\/Ondernemend-Venlo-logo-scaled.webp\",\"width\":2560,\"height\":1010,\"caption\":\"Ondernemend Venlo\"},\"image\":{\"@id\":\"https:\/\/www.ondernemendvenlo.nl\/#\/schema\/logo\/image\/\"},\"sameAs\":[\"https:\/\/www.linkedin.com\/company\/ondernemend-venlo\/\"]}]}<\/script>\n<!-- \/ Yoast SEO plugin. -->","yoast_head_json":{"title":"Over ons - Ondernemend Venlo","robots":{"index":"index","follow":"follow","max-snippet":"max-snippet:-1","max-image-preview":"max-image-preview:large","max-video-preview":"max-video-preview:-1"},"canonical":"https:\/\/www.ondernemendvenlo.nl\/fr\/organisatie\/over-ons\/","og_locale":"fr_FR","og_type":"article","og_title":"Over ons - Ondernemend Venlo","og_description":"Heb je vragen of ben je op zoek naar advies of informatie? Neem vrijblijvend contact op met onze parkmanager Nicky Verhaagh. Over Ondernemend Venlo Ondernemend Venlo vertegenwoordigt de belangen van ruim 1200 bedrijven op de 20 bedrijventerreinen in de gemeente Venlo, samen goed voor circa 40.000 werknemers. Deze 1200 bedrijven zijn verenigd in 4 afdelingen: [&hellip;]","og_url":"https:\/\/www.ondernemendvenlo.nl\/fr\/organisatie\/over-ons\/","og_site_name":"Ondernemend Venlo","article_modified_time":"2025-05-23T08:46:10+00:00","og_image":[{"width":630,"height":525,"url":"https:\/\/www.ondernemendvenlo.nl\/wp-content\/uploads\/2025\/02\/Ondernemend-Venlo-home-nav-def-1.png","type":"image\/png"}],"twitter_card":"summary_large_image","twitter_misc":{"Dur\u00e9e de lecture estim\u00e9e":"2 minutes"},"schema":{"@context":"https:\/\/schema.org","@graph":[{"@type":"WebPage","@id":"https:\/\/www.ondernemendvenlo.nl\/organisatie\/over-ons\/","url":"https:\/\/www.ondernemendvenlo.nl\/organisatie\/over-ons\/","name":"Over ons - Ondernemend Venlo","isPartOf":{"@id":"https:\/\/www.ondernemendvenlo.nl\/#website"},"primaryImageOfPage":{"@id":"https:\/\/www.ondernemendvenlo.nl\/organisatie\/over-ons\/#primaryimage"},"image":{"@id":"https:\/\/www.ondernemendvenlo.nl\/organisatie\/over-ons\/#primaryimage"},"thumbnailUrl":"https:\/\/www.ondernemendvenlo.nl\/wp-content\/uploads\/2025\/02\/Ondernemend-Venlo-home-nav-def-1.png","datePublished":"2025-03-12T17:43:23+00:00","dateModified":"2025-05-23T08:46:10+00:00","breadcrumb":{"@id":"https:\/\/www.ondernemendvenlo.nl\/organisatie\/over-ons\/#breadcrumb"},"inLanguage":"fr-FR","potentialAction":[{"@type":"ReadAction","target":["https:\/\/www.ondernemendvenlo.nl\/organisatie\/over-ons\/"]}]},{"@type":"ImageObject","inLanguage":"fr-FR","@id":"https:\/\/www.ondernemendvenlo.nl\/organisatie\/over-ons\/#primaryimage","url":"https:\/\/www.ondernemendvenlo.nl\/wp-content\/uploads\/2025\/02\/Ondernemend-Venlo-home-nav-def-1.png","contentUrl":"https:\/\/www.ondernemendvenlo.nl\/wp-content\/uploads\/2025\/02\/Ondernemend-Venlo-home-nav-def-1.png"},{"@type":"BreadcrumbList","@id":"https:\/\/www.ondernemendvenlo.nl\/organisatie\/over-ons\/#breadcrumb","itemListElement":[{"@type":"ListItem","position":1,"name":"Ondernemend Venlo","item":"https:\/\/www.ondernemendvenlo.nl\/"},{"@type":"ListItem","position":2,"name":"Organisatie","item":"https:\/\/www.ondernemendvenlo.nl\/organisatie\/"},{"@type":"ListItem","position":3,"name":"Over ons"}]},{"@type":"WebSite","@id":"https:\/\/www.ondernemendvenlo.nl\/#website","url":"https:\/\/www.ondernemendvenlo.nl\/","name":"Venlo entrepreneurial","description":"Travailler ensemble avec succ\u00e8s","publisher":{"@id":"https:\/\/www.ondernemendvenlo.nl\/#organization"},"potentialAction":[{"@type":"SearchAction","target":{"@type":"EntryPoint","urlTemplate":"https:\/\/www.ondernemendvenlo.nl\/?s={search_term_string}"},"query-input":{"@type":"PropertyValueSpecification","valueRequired":true,"valueName":"search_term_string"}}],"inLanguage":"fr-FR"},{"@type":"Organization","@id":"https:\/\/www.ondernemendvenlo.nl\/#organization","name":"Venlo entrepreneurial","url":"https:\/\/www.ondernemendvenlo.nl\/","logo":{"@type":"ImageObject","inLanguage":"fr-FR","@id":"https:\/\/www.ondernemendvenlo.nl\/#\/schema\/logo\/image\/","url":"https:\/\/www.ondernemendvenlo.nl\/wp-content\/uploads\/2025\/02\/Ondernemend-Venlo-logo-scaled.webp","contentUrl":"https:\/\/www.ondernemendvenlo.nl\/wp-content\/uploads\/2025\/02\/Ondernemend-Venlo-logo-scaled.webp","width":2560,"height":1010,"caption":"Ondernemend Venlo"},"image":{"@id":"https:\/\/www.ondernemendvenlo.nl\/#\/schema\/logo\/image\/"},"sameAs":["https:\/\/www.linkedin.com\/company\/ondernemend-venlo\/"]}]}},"_links":{"self":[{"href":"https:\/\/www.ondernemendvenlo.nl\/fr\/wp-json\/wp\/v2\/pages\/264","targetHints":{"allow":["GET"]}}],"collection":[{"href":"https:\/\/www.ondernemendvenlo.nl\/fr\/wp-json\/wp\/v2\/pages"}],"about":[{"href":"https:\/\/www.ondernemendvenlo.nl\/fr\/wp-json\/wp\/v2\/types\/page"}],"author":[{"embeddable":true,"href":"https:\/\/www.ondernemendvenlo.nl\/fr\/wp-json\/wp\/v2\/users\/1"}],"replies":[{"embeddable":true,"href":"https:\/\/www.ondernemendvenlo.nl\/fr\/wp-json\/wp\/v2\/comments?post=264"}],"version-history":[{"count":6,"href":"https:\/\/www.ondernemendvenlo.nl\/fr\/wp-json\/wp\/v2\/pages\/264\/revisions"}],"predecessor-version":[{"id":5306,"href":"https:\/\/www.ondernemendvenlo.nl\/fr\/wp-json\/wp\/v2\/pages\/264\/revisions\/5306"}],"up":[{"embeddable":true,"href":"https:\/\/www.ondernemendvenlo.nl\/fr\/wp-json\/wp\/v2\/pages\/159"}],"wp:attachment":[{"href":"https:\/\/www.ondernemendvenlo.nl\/fr\/wp-json\/wp\/v2\/media?parent=264"}],"curies":[{"name":"wp","href":"https:\/\/api.w.org\/{rel}","templated":true}]}}