{"id":3661,"date":"2025-04-07T19:46:39","date_gmt":"2025-04-07T17:46:39","guid":{"rendered":"https:\/\/www.ondernemendvenlo.nl\/?page_id=3661"},"modified":"2025-04-14T09:29:49","modified_gmt":"2025-04-14T07:29:49","slug":"commissies","status":"publish","type":"page","link":"https:\/\/www.ondernemendvenlo.nl\/fr\/organisatie\/commissies\/","title":{"rendered":"Comit\u00e9s"},"content":{"rendered":"<div data-elementor-type=\"wp-page\" data-elementor-id=\"3661\" class=\"elementor elementor-3661\" data-elementor-post-type=\"page\">\n\t\t\t\t<div class=\"elementor-element elementor-element-82d2c93 e-flex e-con-boxed e-con e-parent\" data-id=\"82d2c93\" data-element_type=\"container\">\n\t\t\t\t\t<div class=\"e-con-inner\">\n\t\t\t\t<div class=\"elementor-element elementor-element-a4782ee elementor-widget elementor-widget-heading\" data-id=\"a4782ee\" data-element_type=\"widget\" data-widget_type=\"heading.default\">\n\t\t\t\t<div class=\"elementor-widget-container\">\n\t\t\t\t\t<span class=\"elementor-heading-title elementor-size-default\">Nos comit\u00e9s<\/span>\t\t\t\t<\/div>\n\t\t\t\t<\/div>\n\t\t\t\t<div class=\"elementor-element elementor-element-a6e5b30 elementor-widget elementor-widget-text-editor\" data-id=\"a6e5b30\" data-element_type=\"widget\" data-widget_type=\"text-editor.default\">\n\t\t\t\t<div class=\"elementor-widget-container\">\n\t\t\t\t\t\t\t\t\t<p>Les projets et activit\u00e9s d'Entrepreneurial Venlo sont men\u00e9s par des b\u00e9n\u00e9voles r\u00e9unis au sein d'un certain nombre de comit\u00e9s. Ces b\u00e9n\u00e9voles sont pour la plupart des employ\u00e9s des entreprises membres d'Entrepreneurial Venlo qui mettent \u00e0 profit leurs connaissances sp\u00e9cifiques.<\/p><p>Chaque \u00e9quipe a son propre domaine d'action et travaille avec des connaissances et une exp\u00e9rience sp\u00e9cifiques pour am\u00e9liorer le climat des affaires \u00e0 Venlo et dans les environs. Voici les comit\u00e9s actifs \u00e0 l'heure actuelle :<\/p><ul><li>Comit\u00e9 des relations publiques et de la communication<\/li><li>Comit\u00e9 des infrastructures et de la logistique<\/li><li>Comit\u00e9 d'internationalisation<\/li><li>Comit\u00e9 du march\u00e9 du travail et du d\u00e9veloppement des connaissances<\/li><li>Comit\u00e9 de l'innovation et du d\u00e9veloppement durable<\/li><li>Commission de l'industrie<\/li><\/ul>\t\t\t\t\t\t\t\t<\/div>\n\t\t\t\t<\/div>\n\t\t\t\t\t<\/div>\n\t\t\t\t<\/div>\n\t\t\t\t<\/div>","protected":false},"excerpt":{"rendered":"<p>Onze commissies De projecten en activiteiten van Ondernemend Venlo worden uitgevoerd door vrijwilligers die verenigd zijn in een aantal Commissies. Deze vrijwilligers zijn veelal werknemers van de bedrijven binnen Ondernemend Venlo die hun specifieke kennis inzetten. Elk team heeft een eigen aandachtsgebied en werkt met specifieke kennis en ervaring aan het verbeteren van het ondernemersklimaat [&hellip;]<\/p>","protected":false},"author":1,"featured_media":0,"parent":159,"menu_order":6,"comment_status":"closed","ping_status":"closed","template":"","meta":{"_acf_changed":false,"footnotes":""},"class_list":["post-3661","page","type-page","status-publish","hentry"],"acf":[],"yoast_head":"<!-- This site is optimized with the Yoast SEO plugin v26.3 - https:\/\/yoast.com\/wordpress\/plugins\/seo\/ -->\n<title>Commissies - Ondernemend Venlo<\/title>\n<meta name=\"robots\" content=\"index, follow, max-snippet:-1, max-image-preview:large, max-video-preview:-1\" \/>\n<link rel=\"canonical\" href=\"https:\/\/www.ondernemendvenlo.nl\/fr\/organisatie\/commissies\/\" \/>\n<meta property=\"og:locale\" content=\"fr_FR\" \/>\n<meta property=\"og:type\" content=\"article\" \/>\n<meta property=\"og:title\" content=\"Commissies - Ondernemend Venlo\" \/>\n<meta property=\"og:description\" content=\"Onze commissies De projecten en activiteiten van Ondernemend Venlo worden uitgevoerd door vrijwilligers die verenigd zijn in een aantal Commissies. Deze vrijwilligers zijn veelal werknemers van de bedrijven binnen Ondernemend Venlo die hun specifieke kennis inzetten. Elk team heeft een eigen aandachtsgebied en werkt met specifieke kennis en ervaring aan het verbeteren van het ondernemersklimaat [&hellip;]\" \/>\n<meta property=\"og:url\" content=\"https:\/\/www.ondernemendvenlo.nl\/fr\/organisatie\/commissies\/\" \/>\n<meta property=\"og:site_name\" content=\"Ondernemend Venlo\" \/>\n<meta property=\"article:modified_time\" content=\"2025-04-14T07:29:49+00:00\" \/>\n<meta name=\"twitter:card\" content=\"summary_large_image\" \/>\n<meta name=\"twitter:label1\" content=\"Dur\u00e9e de lecture estim\u00e9e\" \/>\n\t<meta name=\"twitter:data1\" content=\"1 minute\" \/>\n<script type=\"application\/ld+json\" class=\"yoast-schema-graph\">{\"@context\":\"https:\/\/schema.org\",\"@graph\":[{\"@type\":\"WebPage\",\"@id\":\"https:\/\/www.ondernemendvenlo.nl\/organisatie\/commissies\/\",\"url\":\"https:\/\/www.ondernemendvenlo.nl\/organisatie\/commissies\/\",\"name\":\"Commissies - Ondernemend Venlo\",\"isPartOf\":{\"@id\":\"https:\/\/www.ondernemendvenlo.nl\/#website\"},\"datePublished\":\"2025-04-07T17:46:39+00:00\",\"dateModified\":\"2025-04-14T07:29:49+00:00\",\"breadcrumb\":{\"@id\":\"https:\/\/www.ondernemendvenlo.nl\/organisatie\/commissies\/#breadcrumb\"},\"inLanguage\":\"fr-FR\",\"potentialAction\":[{\"@type\":\"ReadAction\",\"target\":[\"https:\/\/www.ondernemendvenlo.nl\/organisatie\/commissies\/\"]}]},{\"@type\":\"BreadcrumbList\",\"@id\":\"https:\/\/www.ondernemendvenlo.nl\/organisatie\/commissies\/#breadcrumb\",\"itemListElement\":[{\"@type\":\"ListItem\",\"position\":1,\"name\":\"Ondernemend Venlo\",\"item\":\"https:\/\/www.ondernemendvenlo.nl\/\"},{\"@type\":\"ListItem\",\"position\":2,\"name\":\"Organisatie\",\"item\":\"https:\/\/www.ondernemendvenlo.nl\/organisatie\/\"},{\"@type\":\"ListItem\",\"position\":3,\"name\":\"Commissies\"}]},{\"@type\":\"WebSite\",\"@id\":\"https:\/\/www.ondernemendvenlo.nl\/#website\",\"url\":\"https:\/\/www.ondernemendvenlo.nl\/\",\"name\":\"Ondernemend Venlo\",\"description\":\"Samen succesvol ondernemen\",\"publisher\":{\"@id\":\"https:\/\/www.ondernemendvenlo.nl\/#organization\"},\"potentialAction\":[{\"@type\":\"SearchAction\",\"target\":{\"@type\":\"EntryPoint\",\"urlTemplate\":\"https:\/\/www.ondernemendvenlo.nl\/?s={search_term_string}\"},\"query-input\":{\"@type\":\"PropertyValueSpecification\",\"valueRequired\":true,\"valueName\":\"search_term_string\"}}],\"inLanguage\":\"fr-FR\"},{\"@type\":\"Organization\",\"@id\":\"https:\/\/www.ondernemendvenlo.nl\/#organization\",\"name\":\"Ondernemend Venlo\",\"url\":\"https:\/\/www.ondernemendvenlo.nl\/\",\"logo\":{\"@type\":\"ImageObject\",\"inLanguage\":\"fr-FR\",\"@id\":\"https:\/\/www.ondernemendvenlo.nl\/#\/schema\/logo\/image\/\",\"url\":\"https:\/\/www.ondernemendvenlo.nl\/wp-content\/uploads\/2025\/02\/Ondernemend-Venlo-logo-scaled.webp\",\"contentUrl\":\"https:\/\/www.ondernemendvenlo.nl\/wp-content\/uploads\/2025\/02\/Ondernemend-Venlo-logo-scaled.webp\",\"width\":2560,\"height\":1010,\"caption\":\"Ondernemend Venlo\"},\"image\":{\"@id\":\"https:\/\/www.ondernemendvenlo.nl\/#\/schema\/logo\/image\/\"},\"sameAs\":[\"https:\/\/www.linkedin.com\/company\/ondernemend-venlo\/\"]}]}<\/script>\n<!-- \/ Yoast SEO plugin. -->","yoast_head_json":{"title":"Commissies - Ondernemend Venlo","robots":{"index":"index","follow":"follow","max-snippet":"max-snippet:-1","max-image-preview":"max-image-preview:large","max-video-preview":"max-video-preview:-1"},"canonical":"https:\/\/www.ondernemendvenlo.nl\/fr\/organisatie\/commissies\/","og_locale":"fr_FR","og_type":"article","og_title":"Commissies - Ondernemend Venlo","og_description":"Onze commissies De projecten en activiteiten van Ondernemend Venlo worden uitgevoerd door vrijwilligers die verenigd zijn in een aantal Commissies. Deze vrijwilligers zijn veelal werknemers van de bedrijven binnen Ondernemend Venlo die hun specifieke kennis inzetten. Elk team heeft een eigen aandachtsgebied en werkt met specifieke kennis en ervaring aan het verbeteren van het ondernemersklimaat [&hellip;]","og_url":"https:\/\/www.ondernemendvenlo.nl\/fr\/organisatie\/commissies\/","og_site_name":"Ondernemend Venlo","article_modified_time":"2025-04-14T07:29:49+00:00","twitter_card":"summary_large_image","twitter_misc":{"Dur\u00e9e de lecture estim\u00e9e":"1 minute"},"schema":{"@context":"https:\/\/schema.org","@graph":[{"@type":"WebPage","@id":"https:\/\/www.ondernemendvenlo.nl\/organisatie\/commissies\/","url":"https:\/\/www.ondernemendvenlo.nl\/organisatie\/commissies\/","name":"Commissies - Ondernemend Venlo","isPartOf":{"@id":"https:\/\/www.ondernemendvenlo.nl\/#website"},"datePublished":"2025-04-07T17:46:39+00:00","dateModified":"2025-04-14T07:29:49+00:00","breadcrumb":{"@id":"https:\/\/www.ondernemendvenlo.nl\/organisatie\/commissies\/#breadcrumb"},"inLanguage":"fr-FR","potentialAction":[{"@type":"ReadAction","target":["https:\/\/www.ondernemendvenlo.nl\/organisatie\/commissies\/"]}]},{"@type":"BreadcrumbList","@id":"https:\/\/www.ondernemendvenlo.nl\/organisatie\/commissies\/#breadcrumb","itemListElement":[{"@type":"ListItem","position":1,"name":"Ondernemend Venlo","item":"https:\/\/www.ondernemendvenlo.nl\/"},{"@type":"ListItem","position":2,"name":"Organisatie","item":"https:\/\/www.ondernemendvenlo.nl\/organisatie\/"},{"@type":"ListItem","position":3,"name":"Commissies"}]},{"@type":"WebSite","@id":"https:\/\/www.ondernemendvenlo.nl\/#website","url":"https:\/\/www.ondernemendvenlo.nl\/","name":"Venlo entrepreneurial","description":"Travailler ensemble avec succ\u00e8s","publisher":{"@id":"https:\/\/www.ondernemendvenlo.nl\/#organization"},"potentialAction":[{"@type":"SearchAction","target":{"@type":"EntryPoint","urlTemplate":"https:\/\/www.ondernemendvenlo.nl\/?s={search_term_string}"},"query-input":{"@type":"PropertyValueSpecification","valueRequired":true,"valueName":"search_term_string"}}],"inLanguage":"fr-FR"},{"@type":"Organization","@id":"https:\/\/www.ondernemendvenlo.nl\/#organization","name":"Venlo entrepreneurial","url":"https:\/\/www.ondernemendvenlo.nl\/","logo":{"@type":"ImageObject","inLanguage":"fr-FR","@id":"https:\/\/www.ondernemendvenlo.nl\/#\/schema\/logo\/image\/","url":"https:\/\/www.ondernemendvenlo.nl\/wp-content\/uploads\/2025\/02\/Ondernemend-Venlo-logo-scaled.webp","contentUrl":"https:\/\/www.ondernemendvenlo.nl\/wp-content\/uploads\/2025\/02\/Ondernemend-Venlo-logo-scaled.webp","width":2560,"height":1010,"caption":"Ondernemend Venlo"},"image":{"@id":"https:\/\/www.ondernemendvenlo.nl\/#\/schema\/logo\/image\/"},"sameAs":["https:\/\/www.linkedin.com\/company\/ondernemend-venlo\/"]}]}},"_links":{"self":[{"href":"https:\/\/www.ondernemendvenlo.nl\/fr\/wp-json\/wp\/v2\/pages\/3661","targetHints":{"allow":["GET"]}}],"collection":[{"href":"https:\/\/www.ondernemendvenlo.nl\/fr\/wp-json\/wp\/v2\/pages"}],"about":[{"href":"https:\/\/www.ondernemendvenlo.nl\/fr\/wp-json\/wp\/v2\/types\/page"}],"author":[{"embeddable":true,"href":"https:\/\/www.ondernemendvenlo.nl\/fr\/wp-json\/wp\/v2\/users\/1"}],"replies":[{"embeddable":true,"href":"https:\/\/www.ondernemendvenlo.nl\/fr\/wp-json\/wp\/v2\/comments?post=3661"}],"version-history":[{"count":9,"href":"https:\/\/www.ondernemendvenlo.nl\/fr\/wp-json\/wp\/v2\/pages\/3661\/revisions"}],"predecessor-version":[{"id":4952,"href":"https:\/\/www.ondernemendvenlo.nl\/fr\/wp-json\/wp\/v2\/pages\/3661\/revisions\/4952"}],"up":[{"embeddable":true,"href":"https:\/\/www.ondernemendvenlo.nl\/fr\/wp-json\/wp\/v2\/pages\/159"}],"wp:attachment":[{"href":"https:\/\/www.ondernemendvenlo.nl\/fr\/wp-json\/wp\/v2\/media?parent=3661"}],"curies":[{"name":"wp","href":"https:\/\/api.w.org\/{rel}","templated":true}]}}