{"id":3865,"date":"2025-04-07T22:41:08","date_gmt":"2025-04-07T20:41:08","guid":{"rendered":"https:\/\/www.ondernemendvenlo.nl\/?page_id=3865"},"modified":"2025-04-10T15:31:16","modified_gmt":"2025-04-10T13:31:16","slug":"optimale-infrastructuur","status":"publish","type":"page","link":"https:\/\/www.ondernemendvenlo.nl\/fr\/projecten\/optimale-infrastructuur\/","title":{"rendered":"Une infrastructure optimale"},"content":{"rendered":"<div data-elementor-type=\"wp-page\" data-elementor-id=\"3865\" class=\"elementor elementor-3865\" data-elementor-post-type=\"page\">\n\t\t\t\t<div class=\"elementor-element elementor-element-1e9b714 e-flex e-con-boxed e-con e-parent\" data-id=\"1e9b714\" data-element_type=\"container\">\n\t\t\t\t\t<div class=\"e-con-inner\">\n\t\t\t\t<div class=\"elementor-element elementor-element-e852ce9 elementor-widget elementor-widget-heading\" data-id=\"e852ce9\" data-element_type=\"widget\" data-widget_type=\"heading.default\">\n\t\t\t\t<div class=\"elementor-widget-container\">\n\t\t\t\t\t<h2 class=\"elementor-heading-title elementor-size-default\">Optimisation de l'infrastructure<\/h2>\t\t\t\t<\/div>\n\t\t\t\t<\/div>\n\t\t\t\t<div class=\"elementor-element elementor-element-b1a614c elementor-widget elementor-widget-text-editor\" data-id=\"b1a614c\" data-element_type=\"widget\" data-widget_type=\"text-editor.default\">\n\t\t\t\t<div class=\"elementor-widget-container\">\n\t\t\t\t\t\t\t\t\t<p>Pour qu'un parc d'activit\u00e9s fonctionne bien, il faut plus que de l'asphalte et de l'\u00e9clairage. Ondernemend Venlo travaille quotidiennement \u00e0 la mise en place d'une infrastructure optimale dans ses vingt parcs d'activit\u00e9s, afin que les entrepreneurs puissent se concentrer sur ce qu'ils font le mieux : faire des affaires. Notre approche est int\u00e9grale et orient\u00e9e vers l'avenir, et se concentre sur l'accessibilit\u00e9, la s\u00e9curit\u00e9, la durabilit\u00e9 et la coop\u00e9ration.<\/p>\t\t\t\t\t\t\t\t<\/div>\n\t\t\t\t<\/div>\n\t\t\t\t<div class=\"elementor-element elementor-element-452762b elementor-widget elementor-widget-heading\" data-id=\"452762b\" data-element_type=\"widget\" data-widget_type=\"heading.default\">\n\t\t\t\t<div class=\"elementor-widget-container\">\n\t\t\t\t\t<h2 class=\"elementor-heading-title elementor-size-default\">Une base solide : propre, accessible et verte<\/h2>\t\t\t\t<\/div>\n\t\t\t\t<\/div>\n\t\t\t\t<div class=\"elementor-element elementor-element-138e726 elementor-widget elementor-widget-text-editor\" data-id=\"138e726\" data-element_type=\"widget\" data-widget_type=\"text-editor.default\">\n\t\t\t\t<div class=\"elementor-widget-container\">\n\t\t\t\t\t\t\t\t\t<p>Un site bien entretenu est le premier pas vers un environnement de travail agr\u00e9able. Nous veillons \u00e0 la propret\u00e9, \u00e0 l'int\u00e9grit\u00e9 et \u00e0 la s\u00e9curit\u00e9 de l'environnement, \u00e0 la clart\u00e9 de la signalisation et nous sommes actifs dans le contr\u00f4le de la fluidit\u00e9. Nous facilitons \u00e9galement le stationnement des camions et veillons \u00e0 ce qu'il soit respect\u00e9 afin d'am\u00e9liorer la circulation. Par l'interm\u00e9diaire du groupe de projet vert, nous nous effor\u00e7ons de cr\u00e9er davantage de zones vertes et un climat d'affaires plus attrayant.<\/p>\t\t\t\t\t\t\t\t<\/div>\n\t\t\t\t<\/div>\n\t\t\t\t<div class=\"elementor-element elementor-element-06620a0 elementor-widget elementor-widget-heading\" data-id=\"06620a0\" data-element_type=\"widget\" data-widget_type=\"heading.default\">\n\t\t\t\t<div class=\"elementor-widget-container\">\n\t\t\t\t\t<h2 class=\"elementor-heading-title elementor-size-default\">La s\u00e9curit\u00e9 comme condition pr\u00e9alable<\/h2>\t\t\t\t<\/div>\n\t\t\t\t<\/div>\n\t\t\t\t<div class=\"elementor-element elementor-element-cce9027 elementor-widget elementor-widget-text-editor\" data-id=\"cce9027\" data-element_type=\"widget\" data-widget_type=\"text-editor.default\">\n\t\t\t\t<div class=\"elementor-widget-container\">\n\t\t\t\t\t\t\t\t\t<p>Une infrastructure n'est vraiment optimale que si elle est s\u00e9curis\u00e9e. C'est pourquoi nous investissons dans la s\u00e9curit\u00e9 physique (comme le projet de cam\u00e9ras, la surveillance et la gestion des catastrophes) et dans la r\u00e9silience num\u00e9rique gr\u00e2ce au projet de cybers\u00e9curit\u00e9. Les entreprises sont activement soutenues dans l'obtention de la marque de qualit\u00e9 pour une entreprise s\u00fbre, en coop\u00e9ration avec Safe Venlo et d'autres partenaires en mati\u00e8re de s\u00e9curit\u00e9.<\/p>\t\t\t\t\t\t\t\t<\/div>\n\t\t\t\t<\/div>\n\t\t\t\t<div class=\"elementor-element elementor-element-3e4c3ef elementor-widget elementor-widget-heading\" data-id=\"3e4c3ef\" data-element_type=\"widget\" data-widget_type=\"heading.default\">\n\t\t\t\t<div class=\"elementor-widget-container\">\n\t\t\t\t\t<h2 class=\"elementor-heading-title elementor-size-default\">Unir nos forces gr\u00e2ce \u00e0 la communication et \u00e0 l'alignement<\/h2>\t\t\t\t<\/div>\n\t\t\t\t<\/div>\n\t\t\t\t<div class=\"elementor-element elementor-element-2fc3d3f elementor-widget elementor-widget-text-editor\" data-id=\"2fc3d3f\" data-element_type=\"widget\" data-widget_type=\"text-editor.default\">\n\t\t\t\t<div class=\"elementor-widget-container\">\n\t\t\t\t\t\t\t\t\t<p>Une bonne infrastructure n\u00e9cessite \u00e9galement une bonne structure d'information et de consultation. Ondernemend Venlo fait office de point de contact central pour les entrepreneurs, organise des consultations et des r\u00e9unions et assure une coordination permanente avec la municipalit\u00e9, la province et les organismes nationaux tels que le Rijkswaterstaat. Ensemble, nous cr\u00e9ons des parcs d'activit\u00e9s \u00e9conomiques pr\u00eats pour l'avenir.<\/p>\t\t\t\t\t\t\t\t<\/div>\n\t\t\t\t<\/div>\n\t\t\t\t\t<\/div>\n\t\t\t\t<\/div>\n\t\t\t\t<\/div>","protected":false},"excerpt":{"rendered":"<p>Optimalisatie van de infrastructuur Een goed functionerend bedrijventerrein vraagt om meer dan alleen asfalt en verlichting. Ondernemend Venlo werkt dagelijks aan een optimale infrastructuur op haar twintig bedrijventerreinen, zodat ondernemers zich kunnen richten op waar zij goed in zijn: ondernemen. Onze aanpak is integraal en toekomstgericht, met aandacht voor bereikbaarheid, veiligheid, duurzaamheid en samenwerking. Solide [&hellip;]<\/p>","protected":false},"author":1,"featured_media":0,"parent":700,"menu_order":1,"comment_status":"closed","ping_status":"closed","template":"","meta":{"_acf_changed":false,"footnotes":""},"class_list":["post-3865","page","type-page","status-publish","hentry"],"acf":[],"yoast_head":"<!-- This site is optimized with the Yoast SEO plugin v26.3 - https:\/\/yoast.com\/wordpress\/plugins\/seo\/ -->\n<title>Optimale infrastructuur - Ondernemend Venlo<\/title>\n<meta name=\"robots\" content=\"index, follow, max-snippet:-1, max-image-preview:large, max-video-preview:-1\" \/>\n<link rel=\"canonical\" href=\"https:\/\/www.ondernemendvenlo.nl\/fr\/projecten\/optimale-infrastructuur\/\" \/>\n<meta property=\"og:locale\" content=\"fr_FR\" \/>\n<meta property=\"og:type\" content=\"article\" \/>\n<meta property=\"og:title\" content=\"Optimale infrastructuur - Ondernemend Venlo\" \/>\n<meta property=\"og:description\" content=\"Optimalisatie van de infrastructuur Een goed functionerend bedrijventerrein vraagt om meer dan alleen asfalt en verlichting. Ondernemend Venlo werkt dagelijks aan een optimale infrastructuur op haar twintig bedrijventerreinen, zodat ondernemers zich kunnen richten op waar zij goed in zijn: ondernemen. Onze aanpak is integraal en toekomstgericht, met aandacht voor bereikbaarheid, veiligheid, duurzaamheid en samenwerking. Solide [&hellip;]\" \/>\n<meta property=\"og:url\" content=\"https:\/\/www.ondernemendvenlo.nl\/fr\/projecten\/optimale-infrastructuur\/\" \/>\n<meta property=\"og:site_name\" content=\"Ondernemend Venlo\" \/>\n<meta property=\"article:modified_time\" content=\"2025-04-10T13:31:16+00:00\" \/>\n<meta name=\"twitter:card\" content=\"summary_large_image\" \/>\n<meta name=\"twitter:label1\" content=\"Dur\u00e9e de lecture estim\u00e9e\" \/>\n\t<meta name=\"twitter:data1\" content=\"2 minutes\" \/>\n<script type=\"application\/ld+json\" class=\"yoast-schema-graph\">{\"@context\":\"https:\/\/schema.org\",\"@graph\":[{\"@type\":\"WebPage\",\"@id\":\"https:\/\/www.ondernemendvenlo.nl\/projecten\/optimale-infrastructuur\/\",\"url\":\"https:\/\/www.ondernemendvenlo.nl\/projecten\/optimale-infrastructuur\/\",\"name\":\"Optimale infrastructuur - Ondernemend Venlo\",\"isPartOf\":{\"@id\":\"https:\/\/www.ondernemendvenlo.nl\/#website\"},\"datePublished\":\"2025-04-07T20:41:08+00:00\",\"dateModified\":\"2025-04-10T13:31:16+00:00\",\"breadcrumb\":{\"@id\":\"https:\/\/www.ondernemendvenlo.nl\/projecten\/optimale-infrastructuur\/#breadcrumb\"},\"inLanguage\":\"fr-FR\",\"potentialAction\":[{\"@type\":\"ReadAction\",\"target\":[\"https:\/\/www.ondernemendvenlo.nl\/projecten\/optimale-infrastructuur\/\"]}]},{\"@type\":\"BreadcrumbList\",\"@id\":\"https:\/\/www.ondernemendvenlo.nl\/projecten\/optimale-infrastructuur\/#breadcrumb\",\"itemListElement\":[{\"@type\":\"ListItem\",\"position\":1,\"name\":\"Ondernemend Venlo\",\"item\":\"https:\/\/www.ondernemendvenlo.nl\/\"},{\"@type\":\"ListItem\",\"position\":2,\"name\":\"Projecten\",\"item\":\"https:\/\/www.ondernemendvenlo.nl\/projecten\/\"},{\"@type\":\"ListItem\",\"position\":3,\"name\":\"Optimale infrastructuur\"}]},{\"@type\":\"WebSite\",\"@id\":\"https:\/\/www.ondernemendvenlo.nl\/#website\",\"url\":\"https:\/\/www.ondernemendvenlo.nl\/\",\"name\":\"Ondernemend Venlo\",\"description\":\"Samen succesvol ondernemen\",\"publisher\":{\"@id\":\"https:\/\/www.ondernemendvenlo.nl\/#organization\"},\"potentialAction\":[{\"@type\":\"SearchAction\",\"target\":{\"@type\":\"EntryPoint\",\"urlTemplate\":\"https:\/\/www.ondernemendvenlo.nl\/?s={search_term_string}\"},\"query-input\":{\"@type\":\"PropertyValueSpecification\",\"valueRequired\":true,\"valueName\":\"search_term_string\"}}],\"inLanguage\":\"fr-FR\"},{\"@type\":\"Organization\",\"@id\":\"https:\/\/www.ondernemendvenlo.nl\/#organization\",\"name\":\"Ondernemend Venlo\",\"url\":\"https:\/\/www.ondernemendvenlo.nl\/\",\"logo\":{\"@type\":\"ImageObject\",\"inLanguage\":\"fr-FR\",\"@id\":\"https:\/\/www.ondernemendvenlo.nl\/#\/schema\/logo\/image\/\",\"url\":\"https:\/\/www.ondernemendvenlo.nl\/wp-content\/uploads\/2025\/02\/Ondernemend-Venlo-logo-scaled.webp\",\"contentUrl\":\"https:\/\/www.ondernemendvenlo.nl\/wp-content\/uploads\/2025\/02\/Ondernemend-Venlo-logo-scaled.webp\",\"width\":2560,\"height\":1010,\"caption\":\"Ondernemend Venlo\"},\"image\":{\"@id\":\"https:\/\/www.ondernemendvenlo.nl\/#\/schema\/logo\/image\/\"},\"sameAs\":[\"https:\/\/www.linkedin.com\/company\/ondernemend-venlo\/\"]}]}<\/script>\n<!-- \/ Yoast SEO plugin. -->","yoast_head_json":{"title":"Optimale infrastructuur - Ondernemend Venlo","robots":{"index":"index","follow":"follow","max-snippet":"max-snippet:-1","max-image-preview":"max-image-preview:large","max-video-preview":"max-video-preview:-1"},"canonical":"https:\/\/www.ondernemendvenlo.nl\/fr\/projecten\/optimale-infrastructuur\/","og_locale":"fr_FR","og_type":"article","og_title":"Optimale infrastructuur - Ondernemend Venlo","og_description":"Optimalisatie van de infrastructuur Een goed functionerend bedrijventerrein vraagt om meer dan alleen asfalt en verlichting. Ondernemend Venlo werkt dagelijks aan een optimale infrastructuur op haar twintig bedrijventerreinen, zodat ondernemers zich kunnen richten op waar zij goed in zijn: ondernemen. Onze aanpak is integraal en toekomstgericht, met aandacht voor bereikbaarheid, veiligheid, duurzaamheid en samenwerking. Solide [&hellip;]","og_url":"https:\/\/www.ondernemendvenlo.nl\/fr\/projecten\/optimale-infrastructuur\/","og_site_name":"Ondernemend Venlo","article_modified_time":"2025-04-10T13:31:16+00:00","twitter_card":"summary_large_image","twitter_misc":{"Dur\u00e9e de lecture estim\u00e9e":"2 minutes"},"schema":{"@context":"https:\/\/schema.org","@graph":[{"@type":"WebPage","@id":"https:\/\/www.ondernemendvenlo.nl\/projecten\/optimale-infrastructuur\/","url":"https:\/\/www.ondernemendvenlo.nl\/projecten\/optimale-infrastructuur\/","name":"Optimale infrastructuur - Ondernemend Venlo","isPartOf":{"@id":"https:\/\/www.ondernemendvenlo.nl\/#website"},"datePublished":"2025-04-07T20:41:08+00:00","dateModified":"2025-04-10T13:31:16+00:00","breadcrumb":{"@id":"https:\/\/www.ondernemendvenlo.nl\/projecten\/optimale-infrastructuur\/#breadcrumb"},"inLanguage":"fr-FR","potentialAction":[{"@type":"ReadAction","target":["https:\/\/www.ondernemendvenlo.nl\/projecten\/optimale-infrastructuur\/"]}]},{"@type":"BreadcrumbList","@id":"https:\/\/www.ondernemendvenlo.nl\/projecten\/optimale-infrastructuur\/#breadcrumb","itemListElement":[{"@type":"ListItem","position":1,"name":"Ondernemend Venlo","item":"https:\/\/www.ondernemendvenlo.nl\/"},{"@type":"ListItem","position":2,"name":"Projecten","item":"https:\/\/www.ondernemendvenlo.nl\/projecten\/"},{"@type":"ListItem","position":3,"name":"Optimale infrastructuur"}]},{"@type":"WebSite","@id":"https:\/\/www.ondernemendvenlo.nl\/#website","url":"https:\/\/www.ondernemendvenlo.nl\/","name":"Venlo entrepreneurial","description":"Travailler ensemble avec succ\u00e8s","publisher":{"@id":"https:\/\/www.ondernemendvenlo.nl\/#organization"},"potentialAction":[{"@type":"SearchAction","target":{"@type":"EntryPoint","urlTemplate":"https:\/\/www.ondernemendvenlo.nl\/?s={search_term_string}"},"query-input":{"@type":"PropertyValueSpecification","valueRequired":true,"valueName":"search_term_string"}}],"inLanguage":"fr-FR"},{"@type":"Organization","@id":"https:\/\/www.ondernemendvenlo.nl\/#organization","name":"Venlo entrepreneurial","url":"https:\/\/www.ondernemendvenlo.nl\/","logo":{"@type":"ImageObject","inLanguage":"fr-FR","@id":"https:\/\/www.ondernemendvenlo.nl\/#\/schema\/logo\/image\/","url":"https:\/\/www.ondernemendvenlo.nl\/wp-content\/uploads\/2025\/02\/Ondernemend-Venlo-logo-scaled.webp","contentUrl":"https:\/\/www.ondernemendvenlo.nl\/wp-content\/uploads\/2025\/02\/Ondernemend-Venlo-logo-scaled.webp","width":2560,"height":1010,"caption":"Ondernemend Venlo"},"image":{"@id":"https:\/\/www.ondernemendvenlo.nl\/#\/schema\/logo\/image\/"},"sameAs":["https:\/\/www.linkedin.com\/company\/ondernemend-venlo\/"]}]}},"_links":{"self":[{"href":"https:\/\/www.ondernemendvenlo.nl\/fr\/wp-json\/wp\/v2\/pages\/3865","targetHints":{"allow":["GET"]}}],"collection":[{"href":"https:\/\/www.ondernemendvenlo.nl\/fr\/wp-json\/wp\/v2\/pages"}],"about":[{"href":"https:\/\/www.ondernemendvenlo.nl\/fr\/wp-json\/wp\/v2\/types\/page"}],"author":[{"embeddable":true,"href":"https:\/\/www.ondernemendvenlo.nl\/fr\/wp-json\/wp\/v2\/users\/1"}],"replies":[{"embeddable":true,"href":"https:\/\/www.ondernemendvenlo.nl\/fr\/wp-json\/wp\/v2\/comments?post=3865"}],"version-history":[{"count":3,"href":"https:\/\/www.ondernemendvenlo.nl\/fr\/wp-json\/wp\/v2\/pages\/3865\/revisions"}],"predecessor-version":[{"id":4922,"href":"https:\/\/www.ondernemendvenlo.nl\/fr\/wp-json\/wp\/v2\/pages\/3865\/revisions\/4922"}],"up":[{"embeddable":true,"href":"https:\/\/www.ondernemendvenlo.nl\/fr\/wp-json\/wp\/v2\/pages\/700"}],"wp:attachment":[{"href":"https:\/\/www.ondernemendvenlo.nl\/fr\/wp-json\/wp\/v2\/media?parent=3865"}],"curies":[{"name":"wp","href":"https:\/\/api.w.org\/{rel}","templated":true}]}}