{"id":691,"date":"2025-03-12T23:36:02","date_gmt":"2025-03-12T22:36:02","guid":{"rendered":"https:\/\/www.ondernemendvenlo.nl\/?page_id=691"},"modified":"2025-04-10T10:59:17","modified_gmt":"2025-04-10T08:59:17","slug":"collectieve-camerabewaking","status":"publish","type":"page","link":"https:\/\/www.ondernemendvenlo.nl\/fr\/veiligheid\/collectieve-camerabewaking\/","title":{"rendered":"Surveillance collective par cam\u00e9ra"},"content":{"rendered":"<div data-elementor-type=\"wp-page\" data-elementor-id=\"691\" class=\"elementor elementor-691\" data-elementor-post-type=\"page\">\n\t\t\t\t<div class=\"elementor-element elementor-element-2a6de3a e-flex e-con-boxed e-con e-parent\" data-id=\"2a6de3a\" data-element_type=\"container\">\n\t\t\t\t\t<div class=\"e-con-inner\">\n\t\t<div class=\"elementor-element elementor-element-cb541da e-con-full e-flex e-con e-child\" data-id=\"cb541da\" data-element_type=\"container\">\n\t\t\t\t<div class=\"elementor-element elementor-element-93fab2e elementor-widget-tablet__width-initial elementor-widget elementor-widget-image\" data-id=\"93fab2e\" data-element_type=\"widget\" data-widget_type=\"image.default\">\n\t\t\t\t<div class=\"elementor-widget-container\">\n\t\t\t\t\t\t\t\t\t\t\t\t\t\t\t<img fetchpriority=\"high\" decoding=\"async\" width=\"1086\" height=\"1156\" src=\"https:\/\/www.ondernemendvenlo.nl\/wp-content\/uploads\/2025\/03\/ov-bg.png\" class=\"attachment-full size-full wp-image-801\" alt=\"\" srcset=\"https:\/\/www.ondernemendvenlo.nl\/wp-content\/uploads\/2025\/03\/ov-bg.png 1086w, https:\/\/www.ondernemendvenlo.nl\/wp-content\/uploads\/2025\/03\/ov-bg-282x300.png 282w, https:\/\/www.ondernemendvenlo.nl\/wp-content\/uploads\/2025\/03\/ov-bg-962x1024.png 962w, https:\/\/www.ondernemendvenlo.nl\/wp-content\/uploads\/2025\/03\/ov-bg-768x818.png 768w, https:\/\/www.ondernemendvenlo.nl\/wp-content\/uploads\/2025\/03\/ov-bg-11x12.png 11w\" sizes=\"(max-width: 1086px) 100vw, 1086px\" \/>\t\t\t\t\t\t\t\t\t\t\t\t\t\t\t<\/div>\n\t\t\t\t<\/div>\n\t\t<div class=\"elementor-element elementor-element-bf62cc5 e-con-full e-flex e-con e-child\" data-id=\"bf62cc5\" data-element_type=\"container\" data-settings=\"{&quot;background_background&quot;:&quot;classic&quot;}\">\n\t\t\t\t<div class=\"elementor-element elementor-element-b1aff04 elementor-widget elementor-widget-heading\" data-id=\"b1aff04\" data-element_type=\"widget\" data-widget_type=\"heading.default\">\n\t\t\t\t<div class=\"elementor-widget-container\">\n\t\t\t\t\t<span class=\"elementor-heading-title elementor-size-default\">Vous avez des questions ou souhaitez obtenir plus d'informations sur la s\u00e9curit\u00e9 collective ?\n\n<\/span>\t\t\t\t<\/div>\n\t\t\t\t<\/div>\n\t\t\t\t<div class=\"elementor-element elementor-element-5eb8603 elementor-widget elementor-widget-text-editor\" data-id=\"5eb8603\" data-element_type=\"widget\" data-widget_type=\"text-editor.default\">\n\t\t\t\t<div class=\"elementor-widget-container\">\n\t\t\t\t\t\t\t\t\t<p>N'h\u00e9sitez pas \u00e0 contacter Heinz van der Linden, directeur d'Intergarde.<\/p>\t\t\t\t\t\t\t\t<\/div>\n\t\t\t\t<\/div>\n\t\t<div class=\"elementor-element elementor-element-3bbe252 e-con-full e-flex e-con e-child\" data-id=\"3bbe252\" data-element_type=\"container\">\n\t\t\t\t<div class=\"elementor-element elementor-element-0c7e64d elementor-view-stacked elementor-shape-rounded elementor-widget elementor-widget-icon\" data-id=\"0c7e64d\" data-element_type=\"widget\" data-widget_type=\"icon.default\">\n\t\t\t\t<div class=\"elementor-widget-container\">\n\t\t\t\t\t\t\t<div class=\"elementor-icon-wrapper\">\n\t\t\t<a class=\"elementor-icon elementor-animation-grow\" href=\"tel:+31651277240\">\n\t\t\t<svg aria-hidden=\"true\" class=\"e-font-icon-svg e-fas-phone-alt\" viewbox=\"0 0 512 512\" xmlns=\"http:\/\/www.w3.org\/2000\/svg\"><path d=\"M497.39 361.8l-112-48a24 24 0 0 0-28 6.9l-49.6 60.6A370.66 370.66 0 0 1 130.6 204.11l60.6-49.6a23.94 23.94 0 0 0 6.9-28l-48-112A24.16 24.16 0 0 0 122.6.61l-104 24A24 24 0 0 0 0 48c0 256.5 207.9 464 464 464a24 24 0 0 0 23.4-18.6l24-104a24.29 24.29 0 0 0-14.01-27.6z\"><\/path><\/svg>\t\t\t<\/a>\n\t\t<\/div>\n\t\t\t\t\t\t<\/div>\n\t\t\t\t<\/div>\n\t\t\t\t<div class=\"elementor-element elementor-element-f8b0239 elementor-view-stacked elementor-shape-rounded elementor-widget elementor-widget-icon\" data-id=\"f8b0239\" data-element_type=\"widget\" data-widget_type=\"icon.default\">\n\t\t\t\t<div class=\"elementor-widget-container\">\n\t\t\t\t\t\t\t<div class=\"elementor-icon-wrapper\">\n\t\t\t<a class=\"elementor-icon elementor-animation-grow\" href=\"mailto:h.vdlinden@intergarde.nl\">\n\t\t\t<svg aria-hidden=\"true\" class=\"e-font-icon-svg e-fas-envelope\" viewbox=\"0 0 512 512\" xmlns=\"http:\/\/www.w3.org\/2000\/svg\"><path d=\"M502.3 190.8c3.9-3.1 9.7-.2 9.7 4.7V400c0 26.5-21.5 48-48 48H48c-26.5 0-48-21.5-48-48V195.6c0-5 5.7-7.8 9.7-4.7 22.4 17.4 52.1 39.5 154.1 113.6 21.1 15.4 56.7 47.8 92.2 47.6 35.7.3 72-32.8 92.3-47.6 102-74.1 131.6-96.3 154-113.7zM256 320c23.2.4 56.6-29.2 73.4-41.4 132.7-96.3 142.8-104.7 173.4-128.7 5.8-4.5 9.2-11.5 9.2-18.9v-19c0-26.5-21.5-48-48-48H48C21.5 64 0 85.5 0 112v19c0 7.4 3.4 14.3 9.2 18.9 30.6 23.9 40.7 32.4 173.4 128.7 16.8 12.2 50.2 41.8 73.4 41.4z\"><\/path><\/svg>\t\t\t<\/a>\n\t\t<\/div>\n\t\t\t\t\t\t<\/div>\n\t\t\t\t<\/div>\n\t\t\t\t<\/div>\n\t\t\t\t<\/div>\n\t\t\t\t<\/div>\n\t\t<div class=\"elementor-element elementor-element-884da9a e-con-full e-flex e-con e-child\" data-id=\"884da9a\" data-element_type=\"container\">\n\t\t\t\t<div class=\"elementor-element elementor-element-0aef1a2 elementor-widget elementor-widget-heading\" data-id=\"0aef1a2\" data-element_type=\"widget\" data-widget_type=\"heading.default\">\n\t\t\t\t<div class=\"elementor-widget-container\">\n\t\t\t\t\t<span class=\"elementor-heading-title elementor-size-default\">Parcs d'activit\u00e9s de s\u00e9curit\u00e9 collective : forts ensemble !\n\n<\/span>\t\t\t\t<\/div>\n\t\t\t\t<\/div>\n\t\t\t\t<div class=\"elementor-element elementor-element-592303b elementor-widget elementor-widget-text-editor\" data-id=\"592303b\" data-element_type=\"widget\" data-widget_type=\"text-editor.default\">\n\t\t\t\t<div class=\"elementor-widget-container\">\n\t\t\t\t\t\t\t\t\t<p>De plus en plus d'associations d'entreprises de parcs d'activit\u00e9s choisissent un professionnel de la s\u00e9curit\u00e9 pour la surveillance collective par cam\u00e9ra. Depuis janvier 2020, Intergarde met en place le projet de cam\u00e9ra\u00a0<a href=\"http:\/\/www.veiligvenlo.nl\/\" target=\"_blank\" rel=\"noopener noreferrer\">Safe Venlo<\/a>\u00a0\u00e0 l'avenir. La s\u00e9curit\u00e9 des espaces publics dans les parcs d'activit\u00e9s \u00e9conomiques est organis\u00e9e collectivement sous la forme de :<\/p><ul><li>vid\u00e9osurveillance par le biais de cam\u00e9ras \u00e0 360 degr\u00e9s, command\u00e9es depuis la salle de vid\u00e9osurveillance.<\/li><li>Les cam\u00e9ras ANPR, qui enregistrent les plaques d'immatriculation des v\u00e9hicules qui entrent et sortent.<\/li><li>une surveillance de nuit, les week-ends et les jours f\u00e9ri\u00e9s une surveillance de jour.<\/li><\/ul><p><a href=\"https:\/\/www.ondernemendvenlo.nl\/wp-content\/uploads\/2025\/03\/200828-Infographic_veilig_venlo.pdf\" target=\"_blank\" rel=\"noopener\">Voir ici<\/a>\u00a0Vos avantages lorsque vous participez \u00e0 la s\u00e9curit\u00e9 collective.<\/p><p>En collaboration avec Stichting Parkmanagement Venlo, Vereniging Ondernemend Venlo, Ontwikkelbedrijf Greenport Venlo, la municipalit\u00e9 de Venlo et la police, Veilig Venlo s'emploie \u00e0 garantir la s\u00e9curit\u00e9 dans les parcs d'activit\u00e9s \u00e9conomiques. Il y a une consultation structurelle et elle est s\u00e9curis\u00e9e en permanence au sein de l'entreprise.\u00a0<a href=\"https:\/\/www.ondernemendvenlo.nl\/fr\/veiligheid\/keurmerk-veilig-ondernemen\/\">Marque de qualit\u00e9 pour un espace commercial s\u00fbr (KVO-B)<\/a>.<\/p>\t\t\t\t\t\t\t\t<\/div>\n\t\t\t\t<\/div>\n\t\t\t\t<div class=\"elementor-element elementor-element-9a1d30d elementor-widget elementor-widget-button\" data-id=\"9a1d30d\" data-element_type=\"widget\" data-widget_type=\"button.default\">\n\t\t\t\t<div class=\"elementor-widget-container\">\n\t\t\t\t\t\t\t\t\t<div class=\"elementor-button-wrapper\">\n\t\t\t\t\t<a class=\"elementor-button elementor-button-link elementor-size-sm\" href=\"https:\/\/veiligvenlo.nl\" target=\"_blank\">\n\t\t\t\t\t\t<span class=\"elementor-button-content-wrapper\">\n\t\t\t\t\t\t\t\t\t<span class=\"elementor-button-text\">Plus d'informations sur veiligvenlo.nl<\/span>\n\t\t\t\t\t<\/span>\n\t\t\t\t\t<\/a>\n\t\t\t\t<\/div>\n\t\t\t\t\t\t\t\t<\/div>\n\t\t\t\t<\/div>\n\t\t\t\t<\/div>\n\t\t\t\t\t<\/div>\n\t\t\t\t<\/div>\n\t\t<div class=\"elementor-element elementor-element-f111ccb e-flex e-con-boxed e-con e-parent\" data-id=\"f111ccb\" data-element_type=\"container\" data-settings=\"{&quot;background_background&quot;:&quot;classic&quot;}\">\n\t\t\t\t\t<div class=\"e-con-inner\">\n\t\t\t\t<div class=\"elementor-element elementor-element-e2f4b87 elementor-widget elementor-widget-heading\" data-id=\"e2f4b87\" data-element_type=\"widget\" data-widget_type=\"heading.default\">\n\t\t\t\t<div class=\"elementor-widget-container\">\n\t\t\t\t\t<span class=\"elementor-heading-title elementor-size-default\">\u00c0 propos de Safe Venlo\n<\/span>\t\t\t\t<\/div>\n\t\t\t\t<\/div>\n\t\t\t\t<div class=\"elementor-element elementor-element-ef369e5 elementor-widget elementor-widget-text-editor\" data-id=\"ef369e5\" data-element_type=\"widget\" data-widget_type=\"text-editor.default\">\n\t\t\t\t<div class=\"elementor-widget-container\">\n\t\t\t\t\t\t\t\t\t<p>Safe Venlo est h\u00e9berg\u00e9 par la Fondation Safe Venlo, dont la partie contractante ex\u00e9cutante est Intergarde BV. La fondation est compos\u00e9e de repr\u00e9sentants de la Vereniging Ondernemend Venlo et de l'Ontwikkelbedrijf Greenport Venlo.<\/p><p>Avec la cr\u00e9ation de la Fondation Safe Venlo, la continuit\u00e9 de la surveillance par cam\u00e9ra au sein de l'Union europ\u00e9enne est assur\u00e9e.<br \/>garantir les parcs d'activit\u00e9s pour les 10 prochaines ann\u00e9es.<\/p>\t\t\t\t\t\t\t\t<\/div>\n\t\t\t\t<\/div>\n\t\t\t\t<div class=\"elementor-element elementor-element-f067916 elementor-widget elementor-widget-image\" data-id=\"f067916\" data-element_type=\"widget\" data-widget_type=\"image.default\">\n\t\t\t\t<div class=\"elementor-widget-container\">\n\t\t\t\t\t\t\t\t\t\t\t\t\t\t\t\t<a href=\"https:\/\/veiligvenlo.nl\" target=\"_blank\">\n\t\t\t\t\t\t\t<img decoding=\"async\" width=\"800\" height=\"170\" src=\"https:\/\/www.ondernemendvenlo.nl\/wp-content\/uploads\/2025\/03\/veilig_logo.png\" class=\"attachment-full size-full wp-image-811\" alt=\"\" srcset=\"https:\/\/www.ondernemendvenlo.nl\/wp-content\/uploads\/2025\/03\/veilig_logo.png.webp 800w, https:\/\/www.ondernemendvenlo.nl\/wp-content\/uploads\/2025\/03\/veilig_logo-300x64.png.webp 300w, https:\/\/www.ondernemendvenlo.nl\/wp-content\/uploads\/2025\/03\/veilig_logo-768x163.png.webp 768w, https:\/\/www.ondernemendvenlo.nl\/wp-content\/uploads\/2025\/03\/veilig_logo-18x4.png.webp 18w\" sizes=\"(max-width: 800px) 100vw, 800px\" \/>\t\t\t\t\t\t\t\t<\/a>\n\t\t\t\t\t\t\t\t\t\t\t\t\t\t\t<\/div>\n\t\t\t\t<\/div>\n\t\t\t\t\t<\/div>\n\t\t\t\t<\/div>\n\t\t\t\t<\/div>","protected":false},"excerpt":{"rendered":"<p>Heb je vragen of wil je meer informatie over de collectieve beveiliging? Neem vrijblijvend contact op met Heinz van der Linden; manager Intergarde. Collectieve beveiliging bedrijventerreinen: samen sterk! Steeds vaker kiezen ondernemersverenigingen van bedrijventerreinen voor een professionele beveiligingspartij voor de collectieve camerabewaking. Sinds januari 2020 zet Intergarde het cameraproject\u00a0Veilig Venlo\u00a0voort. De beveiliging van het openbaar [&hellip;]<\/p>","protected":false},"author":1,"featured_media":824,"parent":689,"menu_order":1,"comment_status":"closed","ping_status":"closed","template":"","meta":{"_acf_changed":false,"footnotes":""},"class_list":["post-691","page","type-page","status-publish","has-post-thumbnail","hentry"],"acf":[],"yoast_head":"<!-- This site is optimized with the Yoast SEO plugin v26.3 - https:\/\/yoast.com\/wordpress\/plugins\/seo\/ -->\n<title>Collectieve camerabewaking - Ondernemend Venlo<\/title>\n<meta name=\"robots\" content=\"index, follow, max-snippet:-1, max-image-preview:large, max-video-preview:-1\" \/>\n<link rel=\"canonical\" href=\"https:\/\/www.ondernemendvenlo.nl\/fr\/veiligheid\/collectieve-camerabewaking\/\" \/>\n<meta property=\"og:locale\" content=\"fr_FR\" \/>\n<meta property=\"og:type\" content=\"article\" \/>\n<meta property=\"og:title\" content=\"Collectieve camerabewaking - Ondernemend Venlo\" \/>\n<meta property=\"og:description\" content=\"Heb je vragen of wil je meer informatie over de collectieve beveiliging? Neem vrijblijvend contact op met Heinz van der Linden; manager Intergarde. Collectieve beveiliging bedrijventerreinen: samen sterk! Steeds vaker kiezen ondernemersverenigingen van bedrijventerreinen voor een professionele beveiligingspartij voor de collectieve camerabewaking. Sinds januari 2020 zet Intergarde het cameraproject\u00a0Veilig Venlo\u00a0voort. De beveiliging van het openbaar [&hellip;]\" \/>\n<meta property=\"og:url\" content=\"https:\/\/www.ondernemendvenlo.nl\/fr\/veiligheid\/collectieve-camerabewaking\/\" \/>\n<meta property=\"og:site_name\" content=\"Ondernemend Venlo\" \/>\n<meta property=\"article:modified_time\" content=\"2025-04-10T08:59:17+00:00\" \/>\n<meta property=\"og:image\" content=\"https:\/\/www.ondernemendvenlo.nl\/wp-content\/uploads\/2025\/03\/camera.jpg\" \/>\n\t<meta property=\"og:image:width\" content=\"849\" \/>\n\t<meta property=\"og:image:height\" content=\"565\" \/>\n\t<meta property=\"og:image:type\" content=\"image\/jpeg\" \/>\n<meta name=\"twitter:card\" content=\"summary_large_image\" \/>\n<meta name=\"twitter:label1\" content=\"Dur\u00e9e de lecture estim\u00e9e\" \/>\n\t<meta name=\"twitter:data1\" content=\"2 minutes\" \/>\n<script type=\"application\/ld+json\" class=\"yoast-schema-graph\">{\"@context\":\"https:\/\/schema.org\",\"@graph\":[{\"@type\":\"WebPage\",\"@id\":\"https:\/\/www.ondernemendvenlo.nl\/veiligheid\/collectieve-camerabewaking\/\",\"url\":\"https:\/\/www.ondernemendvenlo.nl\/veiligheid\/collectieve-camerabewaking\/\",\"name\":\"Collectieve camerabewaking - Ondernemend Venlo\",\"isPartOf\":{\"@id\":\"https:\/\/www.ondernemendvenlo.nl\/#website\"},\"primaryImageOfPage\":{\"@id\":\"https:\/\/www.ondernemendvenlo.nl\/veiligheid\/collectieve-camerabewaking\/#primaryimage\"},\"image\":{\"@id\":\"https:\/\/www.ondernemendvenlo.nl\/veiligheid\/collectieve-camerabewaking\/#primaryimage\"},\"thumbnailUrl\":\"https:\/\/www.ondernemendvenlo.nl\/wp-content\/uploads\/2025\/03\/camera.jpg\",\"datePublished\":\"2025-03-12T22:36:02+00:00\",\"dateModified\":\"2025-04-10T08:59:17+00:00\",\"breadcrumb\":{\"@id\":\"https:\/\/www.ondernemendvenlo.nl\/veiligheid\/collectieve-camerabewaking\/#breadcrumb\"},\"inLanguage\":\"fr-FR\",\"potentialAction\":[{\"@type\":\"ReadAction\",\"target\":[\"https:\/\/www.ondernemendvenlo.nl\/veiligheid\/collectieve-camerabewaking\/\"]}]},{\"@type\":\"ImageObject\",\"inLanguage\":\"fr-FR\",\"@id\":\"https:\/\/www.ondernemendvenlo.nl\/veiligheid\/collectieve-camerabewaking\/#primaryimage\",\"url\":\"https:\/\/www.ondernemendvenlo.nl\/wp-content\/uploads\/2025\/03\/camera.jpg\",\"contentUrl\":\"https:\/\/www.ondernemendvenlo.nl\/wp-content\/uploads\/2025\/03\/camera.jpg\",\"width\":849,\"height\":565},{\"@type\":\"BreadcrumbList\",\"@id\":\"https:\/\/www.ondernemendvenlo.nl\/veiligheid\/collectieve-camerabewaking\/#breadcrumb\",\"itemListElement\":[{\"@type\":\"ListItem\",\"position\":1,\"name\":\"Ondernemend Venlo\",\"item\":\"https:\/\/www.ondernemendvenlo.nl\/\"},{\"@type\":\"ListItem\",\"position\":2,\"name\":\"Veiligheid\",\"item\":\"https:\/\/www.ondernemendvenlo.nl\/veiligheid\/\"},{\"@type\":\"ListItem\",\"position\":3,\"name\":\"Collectieve camerabewaking\"}]},{\"@type\":\"WebSite\",\"@id\":\"https:\/\/www.ondernemendvenlo.nl\/#website\",\"url\":\"https:\/\/www.ondernemendvenlo.nl\/\",\"name\":\"Ondernemend Venlo\",\"description\":\"Samen succesvol ondernemen\",\"publisher\":{\"@id\":\"https:\/\/www.ondernemendvenlo.nl\/#organization\"},\"potentialAction\":[{\"@type\":\"SearchAction\",\"target\":{\"@type\":\"EntryPoint\",\"urlTemplate\":\"https:\/\/www.ondernemendvenlo.nl\/?s={search_term_string}\"},\"query-input\":{\"@type\":\"PropertyValueSpecification\",\"valueRequired\":true,\"valueName\":\"search_term_string\"}}],\"inLanguage\":\"fr-FR\"},{\"@type\":\"Organization\",\"@id\":\"https:\/\/www.ondernemendvenlo.nl\/#organization\",\"name\":\"Ondernemend Venlo\",\"url\":\"https:\/\/www.ondernemendvenlo.nl\/\",\"logo\":{\"@type\":\"ImageObject\",\"inLanguage\":\"fr-FR\",\"@id\":\"https:\/\/www.ondernemendvenlo.nl\/#\/schema\/logo\/image\/\",\"url\":\"https:\/\/www.ondernemendvenlo.nl\/wp-content\/uploads\/2025\/02\/Ondernemend-Venlo-logo-scaled.webp\",\"contentUrl\":\"https:\/\/www.ondernemendvenlo.nl\/wp-content\/uploads\/2025\/02\/Ondernemend-Venlo-logo-scaled.webp\",\"width\":2560,\"height\":1010,\"caption\":\"Ondernemend Venlo\"},\"image\":{\"@id\":\"https:\/\/www.ondernemendvenlo.nl\/#\/schema\/logo\/image\/\"},\"sameAs\":[\"https:\/\/www.linkedin.com\/company\/ondernemend-venlo\/\"]}]}<\/script>\n<!-- \/ Yoast SEO plugin. -->","yoast_head_json":{"title":"Collectieve camerabewaking - Ondernemend Venlo","robots":{"index":"index","follow":"follow","max-snippet":"max-snippet:-1","max-image-preview":"max-image-preview:large","max-video-preview":"max-video-preview:-1"},"canonical":"https:\/\/www.ondernemendvenlo.nl\/fr\/veiligheid\/collectieve-camerabewaking\/","og_locale":"fr_FR","og_type":"article","og_title":"Collectieve camerabewaking - Ondernemend Venlo","og_description":"Heb je vragen of wil je meer informatie over de collectieve beveiliging? Neem vrijblijvend contact op met Heinz van der Linden; manager Intergarde. Collectieve beveiliging bedrijventerreinen: samen sterk! Steeds vaker kiezen ondernemersverenigingen van bedrijventerreinen voor een professionele beveiligingspartij voor de collectieve camerabewaking. Sinds januari 2020 zet Intergarde het cameraproject\u00a0Veilig Venlo\u00a0voort. De beveiliging van het openbaar [&hellip;]","og_url":"https:\/\/www.ondernemendvenlo.nl\/fr\/veiligheid\/collectieve-camerabewaking\/","og_site_name":"Ondernemend Venlo","article_modified_time":"2025-04-10T08:59:17+00:00","og_image":[{"width":849,"height":565,"url":"https:\/\/www.ondernemendvenlo.nl\/wp-content\/uploads\/2025\/03\/camera.jpg","type":"image\/jpeg"}],"twitter_card":"summary_large_image","twitter_misc":{"Dur\u00e9e de lecture estim\u00e9e":"2 minutes"},"schema":{"@context":"https:\/\/schema.org","@graph":[{"@type":"WebPage","@id":"https:\/\/www.ondernemendvenlo.nl\/veiligheid\/collectieve-camerabewaking\/","url":"https:\/\/www.ondernemendvenlo.nl\/veiligheid\/collectieve-camerabewaking\/","name":"Collectieve camerabewaking - Ondernemend Venlo","isPartOf":{"@id":"https:\/\/www.ondernemendvenlo.nl\/#website"},"primaryImageOfPage":{"@id":"https:\/\/www.ondernemendvenlo.nl\/veiligheid\/collectieve-camerabewaking\/#primaryimage"},"image":{"@id":"https:\/\/www.ondernemendvenlo.nl\/veiligheid\/collectieve-camerabewaking\/#primaryimage"},"thumbnailUrl":"https:\/\/www.ondernemendvenlo.nl\/wp-content\/uploads\/2025\/03\/camera.jpg","datePublished":"2025-03-12T22:36:02+00:00","dateModified":"2025-04-10T08:59:17+00:00","breadcrumb":{"@id":"https:\/\/www.ondernemendvenlo.nl\/veiligheid\/collectieve-camerabewaking\/#breadcrumb"},"inLanguage":"fr-FR","potentialAction":[{"@type":"ReadAction","target":["https:\/\/www.ondernemendvenlo.nl\/veiligheid\/collectieve-camerabewaking\/"]}]},{"@type":"ImageObject","inLanguage":"fr-FR","@id":"https:\/\/www.ondernemendvenlo.nl\/veiligheid\/collectieve-camerabewaking\/#primaryimage","url":"https:\/\/www.ondernemendvenlo.nl\/wp-content\/uploads\/2025\/03\/camera.jpg","contentUrl":"https:\/\/www.ondernemendvenlo.nl\/wp-content\/uploads\/2025\/03\/camera.jpg","width":849,"height":565},{"@type":"BreadcrumbList","@id":"https:\/\/www.ondernemendvenlo.nl\/veiligheid\/collectieve-camerabewaking\/#breadcrumb","itemListElement":[{"@type":"ListItem","position":1,"name":"Ondernemend Venlo","item":"https:\/\/www.ondernemendvenlo.nl\/"},{"@type":"ListItem","position":2,"name":"Veiligheid","item":"https:\/\/www.ondernemendvenlo.nl\/veiligheid\/"},{"@type":"ListItem","position":3,"name":"Collectieve camerabewaking"}]},{"@type":"WebSite","@id":"https:\/\/www.ondernemendvenlo.nl\/#website","url":"https:\/\/www.ondernemendvenlo.nl\/","name":"Venlo entrepreneurial","description":"Travailler ensemble avec succ\u00e8s","publisher":{"@id":"https:\/\/www.ondernemendvenlo.nl\/#organization"},"potentialAction":[{"@type":"SearchAction","target":{"@type":"EntryPoint","urlTemplate":"https:\/\/www.ondernemendvenlo.nl\/?s={search_term_string}"},"query-input":{"@type":"PropertyValueSpecification","valueRequired":true,"valueName":"search_term_string"}}],"inLanguage":"fr-FR"},{"@type":"Organization","@id":"https:\/\/www.ondernemendvenlo.nl\/#organization","name":"Venlo entrepreneurial","url":"https:\/\/www.ondernemendvenlo.nl\/","logo":{"@type":"ImageObject","inLanguage":"fr-FR","@id":"https:\/\/www.ondernemendvenlo.nl\/#\/schema\/logo\/image\/","url":"https:\/\/www.ondernemendvenlo.nl\/wp-content\/uploads\/2025\/02\/Ondernemend-Venlo-logo-scaled.webp","contentUrl":"https:\/\/www.ondernemendvenlo.nl\/wp-content\/uploads\/2025\/02\/Ondernemend-Venlo-logo-scaled.webp","width":2560,"height":1010,"caption":"Ondernemend Venlo"},"image":{"@id":"https:\/\/www.ondernemendvenlo.nl\/#\/schema\/logo\/image\/"},"sameAs":["https:\/\/www.linkedin.com\/company\/ondernemend-venlo\/"]}]}},"_links":{"self":[{"href":"https:\/\/www.ondernemendvenlo.nl\/fr\/wp-json\/wp\/v2\/pages\/691","targetHints":{"allow":["GET"]}}],"collection":[{"href":"https:\/\/www.ondernemendvenlo.nl\/fr\/wp-json\/wp\/v2\/pages"}],"about":[{"href":"https:\/\/www.ondernemendvenlo.nl\/fr\/wp-json\/wp\/v2\/types\/page"}],"author":[{"embeddable":true,"href":"https:\/\/www.ondernemendvenlo.nl\/fr\/wp-json\/wp\/v2\/users\/1"}],"replies":[{"embeddable":true,"href":"https:\/\/www.ondernemendvenlo.nl\/fr\/wp-json\/wp\/v2\/comments?post=691"}],"version-history":[{"count":3,"href":"https:\/\/www.ondernemendvenlo.nl\/fr\/wp-json\/wp\/v2\/pages\/691\/revisions"}],"predecessor-version":[{"id":4902,"href":"https:\/\/www.ondernemendvenlo.nl\/fr\/wp-json\/wp\/v2\/pages\/691\/revisions\/4902"}],"up":[{"embeddable":true,"href":"https:\/\/www.ondernemendvenlo.nl\/fr\/wp-json\/wp\/v2\/pages\/689"}],"wp:featuredmedia":[{"embeddable":true,"href":"https:\/\/www.ondernemendvenlo.nl\/fr\/wp-json\/wp\/v2\/media\/824"}],"wp:attachment":[{"href":"https:\/\/www.ondernemendvenlo.nl\/fr\/wp-json\/wp\/v2\/media?parent=691"}],"curies":[{"name":"wp","href":"https:\/\/api.w.org\/{rel}","templated":true}]}}