{"id":693,"date":"2025-03-12T23:37:11","date_gmt":"2025-03-12T22:37:11","guid":{"rendered":"https:\/\/www.ondernemendvenlo.nl\/?page_id=693"},"modified":"2025-04-10T10:59:26","modified_gmt":"2025-04-10T08:59:26","slug":"keurmerk-veilig-ondernemen","status":"publish","type":"page","link":"https:\/\/www.ondernemendvenlo.nl\/fr\/veiligheid\/keurmerk-veilig-ondernemen\/","title":{"rendered":"La marque de l'entreprise s\u00fbre"},"content":{"rendered":"<div data-elementor-type=\"wp-page\" data-elementor-id=\"693\" class=\"elementor elementor-693\" data-elementor-post-type=\"page\">\n\t\t\t\t<div class=\"elementor-element elementor-element-569dc58 e-flex e-con-boxed e-con e-parent\" data-id=\"569dc58\" data-element_type=\"container\">\n\t\t\t\t\t<div class=\"e-con-inner\">\n\t\t<div class=\"elementor-element elementor-element-4375d9c e-con-full e-flex e-con e-child\" data-id=\"4375d9c\" data-element_type=\"container\">\n\t\t\t\t<div class=\"elementor-element elementor-element-929f110 elementor-widget elementor-widget-image\" data-id=\"929f110\" data-element_type=\"widget\" data-widget_type=\"image.default\">\n\t\t\t\t<div class=\"elementor-widget-container\">\n\t\t\t\t\t\t\t\t\t\t\t\t\t\t\t<img fetchpriority=\"high\" decoding=\"async\" width=\"1086\" height=\"1156\" src=\"https:\/\/www.ondernemendvenlo.nl\/wp-content\/uploads\/2025\/03\/ov-bg.png\" class=\"attachment-full size-full wp-image-801\" alt=\"\" srcset=\"https:\/\/www.ondernemendvenlo.nl\/wp-content\/uploads\/2025\/03\/ov-bg.png 1086w, https:\/\/www.ondernemendvenlo.nl\/wp-content\/uploads\/2025\/03\/ov-bg-282x300.png 282w, https:\/\/www.ondernemendvenlo.nl\/wp-content\/uploads\/2025\/03\/ov-bg-962x1024.png 962w, https:\/\/www.ondernemendvenlo.nl\/wp-content\/uploads\/2025\/03\/ov-bg-768x818.png 768w, https:\/\/www.ondernemendvenlo.nl\/wp-content\/uploads\/2025\/03\/ov-bg-11x12.png 11w\" sizes=\"(max-width: 1086px) 100vw, 1086px\" \/>\t\t\t\t\t\t\t\t\t\t\t\t\t\t\t<\/div>\n\t\t\t\t<\/div>\n\t\t\t\t<\/div>\n\t\t<div class=\"elementor-element elementor-element-73313a9 e-con-full e-flex e-con e-child\" data-id=\"73313a9\" data-element_type=\"container\">\n\t\t\t\t<div class=\"elementor-element elementor-element-76395a0 elementor-widget elementor-widget-heading\" data-id=\"76395a0\" data-element_type=\"widget\" data-widget_type=\"heading.default\">\n\t\t\t\t<div class=\"elementor-widget-container\">\n\t\t\t\t\t<span class=\"elementor-heading-title elementor-size-default\">La marque de l'entreprise s\u00fbre\n<\/span>\t\t\t\t<\/div>\n\t\t\t\t<\/div>\n\t\t\t\t<div class=\"elementor-element elementor-element-dad351b elementor-widget elementor-widget-text-editor\" data-id=\"dad351b\" data-element_type=\"widget\" data-widget_type=\"text-editor.default\">\n\t\t\t\t<div class=\"elementor-widget-container\">\n\t\t\t\t\t\t\t\t\t<p>Au sein de groupes de travail sur la s\u00e9curit\u00e9 compos\u00e9s de d\u00e9l\u00e9gu\u00e9s des conseils d\u00e9partementaux, de la municipalit\u00e9, de la s\u00e9curit\u00e9, de la police et des pompiers, le gestionnaire du parc veille \u00e0 ce que les parcs d'activit\u00e9s de Venlo portent la \"marque de l'entreprise s\u00fbre\". La coop\u00e9ration durable entre les entrepreneurs, la municipalit\u00e9, la police et les pompiers est essentielle \u00e0 cet \u00e9gard.<\/p>\t\t\t\t\t\t\t\t<\/div>\n\t\t\t\t<\/div>\n\t\t<div class=\"elementor-element elementor-element-0fcf09a e-con-full e-flex e-con e-child\" data-id=\"0fcf09a\" data-element_type=\"container\">\n\t\t\t\t<div class=\"elementor-element elementor-element-867249d elementor-widget elementor-widget-video\" data-id=\"867249d\" data-element_type=\"widget\" data-settings=\"{&quot;youtube_url&quot;:&quot;https:\\\/\\\/youtu.be\\\/ANYA1GXNIW4&quot;,&quot;video_type&quot;:&quot;youtube&quot;,&quot;controls&quot;:&quot;yes&quot;}\" data-widget_type=\"video.default\">\n\t\t\t\t<div class=\"elementor-widget-container\">\n\t\t\t\t\t\t\t<div class=\"elementor-wrapper elementor-open-inline\">\n\t\t\t<div class=\"elementor-video\"><\/div>\t\t<\/div>\n\t\t\t\t\t\t<\/div>\n\t\t\t\t<\/div>\n\t\t\t\t<\/div>\n\t\t\t\t<\/div>\n\t\t\t\t\t<\/div>\n\t\t\t\t<\/div>\n\t\t<div class=\"elementor-element elementor-element-ccb175c e-flex e-con-boxed e-con e-parent\" data-id=\"ccb175c\" data-element_type=\"container\" data-settings=\"{&quot;background_background&quot;:&quot;classic&quot;}\">\n\t\t\t\t\t<div class=\"e-con-inner\">\n\t\t\t\t<div class=\"elementor-element elementor-element-a5a0261 elementor-widget elementor-widget-heading\" data-id=\"a5a0261\" data-element_type=\"widget\" data-widget_type=\"heading.default\">\n\t\t\t\t<div class=\"elementor-widget-container\">\n\t\t\t\t\t<span class=\"elementor-heading-title elementor-size-default\">La recertification r\u00e9ussie du KVO rend les parcs d'activit\u00e9s de Venlo plus s\u00fbrs et plus rentables\n\n\n\n\n\n\n<\/span>\t\t\t\t<\/div>\n\t\t\t\t<\/div>\n\t\t\t\t<div class=\"elementor-element elementor-element-336012b elementor-widget elementor-widget-text-editor\" data-id=\"336012b\" data-element_type=\"widget\" data-widget_type=\"text-editor.default\">\n\t\t\t\t<div class=\"elementor-widget-container\">\n\t\t\t\t\t\t\t\t\t<p>Les parcs d'activit\u00e9s \u00e9conomiques peuvent b\u00e9n\u00e9ficier de la certification de l'OVK si les parties concern\u00e9es concluent des accords conjoints pour lutter contre les nuisances et la criminalit\u00e9.<br \/>Gr\u00e2ce \u00e0 des mesures telles que la formation \u00e0 la pr\u00e9vention (des vols), l'am\u00e9lioration de l'\u00e9clairage public, la surveillance organis\u00e9e et la protection contre les incendies, l'OVK garantit un environnement plus s\u00fbr et plus agr\u00e9able. Les dommages subis par les entreprises diminuent et l'image du parc d'activit\u00e9s s'am\u00e9liore.<\/p><p>Cela profite non seulement \u00e0 l'entrepreneur, mais aussi \u00e0 la municipalit\u00e9. En outre, l'OVK rend la lutte contre la criminalit\u00e9 et la s\u00e9curit\u00e9 incendie beaucoup plus efficace pour la police et les pompiers.<\/p><p>Le 14 mai 2024, les 20 parcs d'activit\u00e9s de Ondernemend Venlo ont pass\u00e9 avec succ\u00e8s la recertification et l'audit pour le Keurmerk Veilig Ondernemen - Continu Samenwerken (Marque de qualit\u00e9 de l'entreprise s\u00fbre - Coop\u00e9ration continue). Le nouveau certificat KVO est valable trois ans.<br \/>Les propri\u00e9taires d'entreprises peuvent obtenir des r\u00e9ductions sur leur assurance dans de nombreux cas gr\u00e2ce \u00e0 la certification.<\/p><p>Vous pouvez consulter le certificat ici : <a href=\"https:\/\/www.ondernemendvenlo.nl\/wp-content\/uploads\/2025\/04\/KVOcertificaat2024-2027.png\" target=\"_blank\" rel=\"noopener noreferrer\">Certificat de l'OAV<\/a>.<\/p>\t\t\t\t\t\t\t\t<\/div>\n\t\t\t\t<\/div>\n\t\t\t\t<div class=\"elementor-element elementor-element-275e815 elementor-widget elementor-widget-button\" data-id=\"275e815\" data-element_type=\"widget\" data-widget_type=\"button.default\">\n\t\t\t\t<div class=\"elementor-widget-container\">\n\t\t\t\t\t\t\t\t\t<div class=\"elementor-button-wrapper\">\n\t\t\t\t\t<a class=\"elementor-button elementor-button-link elementor-size-sm\" href=\"https:\/\/hetccv.nl\/onderwerpen\/veilig-bedrijventerrein\/\" target=\"_blank\">\n\t\t\t\t\t\t<span class=\"elementor-button-content-wrapper\">\n\t\t\t\t\t\t\t\t\t<span class=\"elementor-button-text\">Cliquez ici pour plus d'informations sur le label de qualit\u00e9 pour un entrepreneuriat s\u00fbr.<\/span>\n\t\t\t\t\t<\/span>\n\t\t\t\t\t<\/a>\n\t\t\t\t<\/div>\n\t\t\t\t\t\t\t\t<\/div>\n\t\t\t\t<\/div>\n\t\t\t\t\t<\/div>\n\t\t\t\t<\/div>\n\t\t\t\t<\/div>","protected":false},"excerpt":{"rendered":"<p>Keurmerk Veilig Ondernemen Binnen veiligheidswerkgroepen bestaande uit afgevaardigden van de afdelingsbesturen, gemeente, beveiliging, politie en brandweer zorgt de parkmanager ervoor dat de Venlose bedrijventerreinen beschikken over \u201cHet Keurmerk Veilig Ondernemen\u201d. Een duurzame samenwerking tussen ondernemers, gemeente, politie en brandweer staat hierbij centraal. https:\/\/youtu.be\/ANYA1GXNIW4 Succesvolle hercertificering KVO maakt bedrijventerreinen Venlo veiliger \u00e9n voordeliger Bedrijventerreinen komen voor [&hellip;]<\/p>","protected":false},"author":1,"featured_media":835,"parent":689,"menu_order":2,"comment_status":"closed","ping_status":"closed","template":"","meta":{"_acf_changed":false,"footnotes":""},"class_list":["post-693","page","type-page","status-publish","has-post-thumbnail","hentry"],"acf":[],"yoast_head":"<!-- This site is optimized with the Yoast SEO plugin v26.3 - https:\/\/yoast.com\/wordpress\/plugins\/seo\/ -->\n<title>Keurmerk Veilig Ondernemen - Ondernemend Venlo<\/title>\n<meta name=\"robots\" content=\"index, follow, max-snippet:-1, max-image-preview:large, max-video-preview:-1\" \/>\n<link rel=\"canonical\" href=\"https:\/\/www.ondernemendvenlo.nl\/fr\/veiligheid\/keurmerk-veilig-ondernemen\/\" \/>\n<meta property=\"og:locale\" content=\"fr_FR\" \/>\n<meta property=\"og:type\" content=\"article\" \/>\n<meta property=\"og:title\" content=\"Keurmerk Veilig Ondernemen - Ondernemend Venlo\" \/>\n<meta property=\"og:description\" content=\"Keurmerk Veilig Ondernemen Binnen veiligheidswerkgroepen bestaande uit afgevaardigden van de afdelingsbesturen, gemeente, beveiliging, politie en brandweer zorgt de parkmanager ervoor dat de Venlose bedrijventerreinen beschikken over \u201cHet Keurmerk Veilig Ondernemen\u201d. Een duurzame samenwerking tussen ondernemers, gemeente, politie en brandweer staat hierbij centraal. https:\/\/youtu.be\/ANYA1GXNIW4 Succesvolle hercertificering KVO maakt bedrijventerreinen Venlo veiliger \u00e9n voordeliger Bedrijventerreinen komen voor [&hellip;]\" \/>\n<meta property=\"og:url\" content=\"https:\/\/www.ondernemendvenlo.nl\/fr\/veiligheid\/keurmerk-veilig-ondernemen\/\" \/>\n<meta property=\"og:site_name\" content=\"Ondernemend Venlo\" \/>\n<meta property=\"article:modified_time\" content=\"2025-04-10T08:59:26+00:00\" \/>\n<meta property=\"og:image\" content=\"https:\/\/www.ondernemendvenlo.nl\/wp-content\/uploads\/2025\/03\/2018-OV-Veiligheid-01-768x512-1.jpg\" \/>\n\t<meta property=\"og:image:width\" content=\"768\" \/>\n\t<meta property=\"og:image:height\" content=\"512\" \/>\n\t<meta property=\"og:image:type\" content=\"image\/jpeg\" \/>\n<meta name=\"twitter:card\" content=\"summary_large_image\" \/>\n<meta name=\"twitter:label1\" content=\"Dur\u00e9e de lecture estim\u00e9e\" \/>\n\t<meta name=\"twitter:data1\" content=\"2 minutes\" \/>\n<script type=\"application\/ld+json\" class=\"yoast-schema-graph\">{\"@context\":\"https:\/\/schema.org\",\"@graph\":[{\"@type\":\"WebPage\",\"@id\":\"https:\/\/www.ondernemendvenlo.nl\/veiligheid\/keurmerk-veilig-ondernemen\/\",\"url\":\"https:\/\/www.ondernemendvenlo.nl\/veiligheid\/keurmerk-veilig-ondernemen\/\",\"name\":\"Keurmerk Veilig Ondernemen - Ondernemend Venlo\",\"isPartOf\":{\"@id\":\"https:\/\/www.ondernemendvenlo.nl\/#website\"},\"primaryImageOfPage\":{\"@id\":\"https:\/\/www.ondernemendvenlo.nl\/veiligheid\/keurmerk-veilig-ondernemen\/#primaryimage\"},\"image\":{\"@id\":\"https:\/\/www.ondernemendvenlo.nl\/veiligheid\/keurmerk-veilig-ondernemen\/#primaryimage\"},\"thumbnailUrl\":\"https:\/\/www.ondernemendvenlo.nl\/wp-content\/uploads\/2025\/03\/2018-OV-Veiligheid-01-768x512-1.jpg\",\"datePublished\":\"2025-03-12T22:37:11+00:00\",\"dateModified\":\"2025-04-10T08:59:26+00:00\",\"breadcrumb\":{\"@id\":\"https:\/\/www.ondernemendvenlo.nl\/veiligheid\/keurmerk-veilig-ondernemen\/#breadcrumb\"},\"inLanguage\":\"fr-FR\",\"potentialAction\":[{\"@type\":\"ReadAction\",\"target\":[\"https:\/\/www.ondernemendvenlo.nl\/veiligheid\/keurmerk-veilig-ondernemen\/\"]}]},{\"@type\":\"ImageObject\",\"inLanguage\":\"fr-FR\",\"@id\":\"https:\/\/www.ondernemendvenlo.nl\/veiligheid\/keurmerk-veilig-ondernemen\/#primaryimage\",\"url\":\"https:\/\/www.ondernemendvenlo.nl\/wp-content\/uploads\/2025\/03\/2018-OV-Veiligheid-01-768x512-1.jpg\",\"contentUrl\":\"https:\/\/www.ondernemendvenlo.nl\/wp-content\/uploads\/2025\/03\/2018-OV-Veiligheid-01-768x512-1.jpg\",\"width\":768,\"height\":512},{\"@type\":\"BreadcrumbList\",\"@id\":\"https:\/\/www.ondernemendvenlo.nl\/veiligheid\/keurmerk-veilig-ondernemen\/#breadcrumb\",\"itemListElement\":[{\"@type\":\"ListItem\",\"position\":1,\"name\":\"Ondernemend Venlo\",\"item\":\"https:\/\/www.ondernemendvenlo.nl\/\"},{\"@type\":\"ListItem\",\"position\":2,\"name\":\"Veiligheid\",\"item\":\"https:\/\/www.ondernemendvenlo.nl\/veiligheid\/\"},{\"@type\":\"ListItem\",\"position\":3,\"name\":\"Keurmerk Veilig Ondernemen\"}]},{\"@type\":\"WebSite\",\"@id\":\"https:\/\/www.ondernemendvenlo.nl\/#website\",\"url\":\"https:\/\/www.ondernemendvenlo.nl\/\",\"name\":\"Ondernemend Venlo\",\"description\":\"Samen succesvol ondernemen\",\"publisher\":{\"@id\":\"https:\/\/www.ondernemendvenlo.nl\/#organization\"},\"potentialAction\":[{\"@type\":\"SearchAction\",\"target\":{\"@type\":\"EntryPoint\",\"urlTemplate\":\"https:\/\/www.ondernemendvenlo.nl\/?s={search_term_string}\"},\"query-input\":{\"@type\":\"PropertyValueSpecification\",\"valueRequired\":true,\"valueName\":\"search_term_string\"}}],\"inLanguage\":\"fr-FR\"},{\"@type\":\"Organization\",\"@id\":\"https:\/\/www.ondernemendvenlo.nl\/#organization\",\"name\":\"Ondernemend Venlo\",\"url\":\"https:\/\/www.ondernemendvenlo.nl\/\",\"logo\":{\"@type\":\"ImageObject\",\"inLanguage\":\"fr-FR\",\"@id\":\"https:\/\/www.ondernemendvenlo.nl\/#\/schema\/logo\/image\/\",\"url\":\"https:\/\/www.ondernemendvenlo.nl\/wp-content\/uploads\/2025\/02\/Ondernemend-Venlo-logo-scaled.webp\",\"contentUrl\":\"https:\/\/www.ondernemendvenlo.nl\/wp-content\/uploads\/2025\/02\/Ondernemend-Venlo-logo-scaled.webp\",\"width\":2560,\"height\":1010,\"caption\":\"Ondernemend Venlo\"},\"image\":{\"@id\":\"https:\/\/www.ondernemendvenlo.nl\/#\/schema\/logo\/image\/\"},\"sameAs\":[\"https:\/\/www.linkedin.com\/company\/ondernemend-venlo\/\"]}]}<\/script>\n<!-- \/ Yoast SEO plugin. -->","yoast_head_json":{"title":"Keurmerk Veilig Ondernemen - Ondernemend Venlo","robots":{"index":"index","follow":"follow","max-snippet":"max-snippet:-1","max-image-preview":"max-image-preview:large","max-video-preview":"max-video-preview:-1"},"canonical":"https:\/\/www.ondernemendvenlo.nl\/fr\/veiligheid\/keurmerk-veilig-ondernemen\/","og_locale":"fr_FR","og_type":"article","og_title":"Keurmerk Veilig Ondernemen - Ondernemend Venlo","og_description":"Keurmerk Veilig Ondernemen Binnen veiligheidswerkgroepen bestaande uit afgevaardigden van de afdelingsbesturen, gemeente, beveiliging, politie en brandweer zorgt de parkmanager ervoor dat de Venlose bedrijventerreinen beschikken over \u201cHet Keurmerk Veilig Ondernemen\u201d. Een duurzame samenwerking tussen ondernemers, gemeente, politie en brandweer staat hierbij centraal. https:\/\/youtu.be\/ANYA1GXNIW4 Succesvolle hercertificering KVO maakt bedrijventerreinen Venlo veiliger \u00e9n voordeliger Bedrijventerreinen komen voor [&hellip;]","og_url":"https:\/\/www.ondernemendvenlo.nl\/fr\/veiligheid\/keurmerk-veilig-ondernemen\/","og_site_name":"Ondernemend Venlo","article_modified_time":"2025-04-10T08:59:26+00:00","og_image":[{"width":768,"height":512,"url":"https:\/\/www.ondernemendvenlo.nl\/wp-content\/uploads\/2025\/03\/2018-OV-Veiligheid-01-768x512-1.jpg","type":"image\/jpeg"}],"twitter_card":"summary_large_image","twitter_misc":{"Dur\u00e9e de lecture estim\u00e9e":"2 minutes"},"schema":{"@context":"https:\/\/schema.org","@graph":[{"@type":"WebPage","@id":"https:\/\/www.ondernemendvenlo.nl\/veiligheid\/keurmerk-veilig-ondernemen\/","url":"https:\/\/www.ondernemendvenlo.nl\/veiligheid\/keurmerk-veilig-ondernemen\/","name":"Keurmerk Veilig Ondernemen - Ondernemend Venlo","isPartOf":{"@id":"https:\/\/www.ondernemendvenlo.nl\/#website"},"primaryImageOfPage":{"@id":"https:\/\/www.ondernemendvenlo.nl\/veiligheid\/keurmerk-veilig-ondernemen\/#primaryimage"},"image":{"@id":"https:\/\/www.ondernemendvenlo.nl\/veiligheid\/keurmerk-veilig-ondernemen\/#primaryimage"},"thumbnailUrl":"https:\/\/www.ondernemendvenlo.nl\/wp-content\/uploads\/2025\/03\/2018-OV-Veiligheid-01-768x512-1.jpg","datePublished":"2025-03-12T22:37:11+00:00","dateModified":"2025-04-10T08:59:26+00:00","breadcrumb":{"@id":"https:\/\/www.ondernemendvenlo.nl\/veiligheid\/keurmerk-veilig-ondernemen\/#breadcrumb"},"inLanguage":"fr-FR","potentialAction":[{"@type":"ReadAction","target":["https:\/\/www.ondernemendvenlo.nl\/veiligheid\/keurmerk-veilig-ondernemen\/"]}]},{"@type":"ImageObject","inLanguage":"fr-FR","@id":"https:\/\/www.ondernemendvenlo.nl\/veiligheid\/keurmerk-veilig-ondernemen\/#primaryimage","url":"https:\/\/www.ondernemendvenlo.nl\/wp-content\/uploads\/2025\/03\/2018-OV-Veiligheid-01-768x512-1.jpg","contentUrl":"https:\/\/www.ondernemendvenlo.nl\/wp-content\/uploads\/2025\/03\/2018-OV-Veiligheid-01-768x512-1.jpg","width":768,"height":512},{"@type":"BreadcrumbList","@id":"https:\/\/www.ondernemendvenlo.nl\/veiligheid\/keurmerk-veilig-ondernemen\/#breadcrumb","itemListElement":[{"@type":"ListItem","position":1,"name":"Ondernemend Venlo","item":"https:\/\/www.ondernemendvenlo.nl\/"},{"@type":"ListItem","position":2,"name":"Veiligheid","item":"https:\/\/www.ondernemendvenlo.nl\/veiligheid\/"},{"@type":"ListItem","position":3,"name":"Keurmerk Veilig Ondernemen"}]},{"@type":"WebSite","@id":"https:\/\/www.ondernemendvenlo.nl\/#website","url":"https:\/\/www.ondernemendvenlo.nl\/","name":"Venlo entrepreneurial","description":"Travailler ensemble avec succ\u00e8s","publisher":{"@id":"https:\/\/www.ondernemendvenlo.nl\/#organization"},"potentialAction":[{"@type":"SearchAction","target":{"@type":"EntryPoint","urlTemplate":"https:\/\/www.ondernemendvenlo.nl\/?s={search_term_string}"},"query-input":{"@type":"PropertyValueSpecification","valueRequired":true,"valueName":"search_term_string"}}],"inLanguage":"fr-FR"},{"@type":"Organization","@id":"https:\/\/www.ondernemendvenlo.nl\/#organization","name":"Venlo entrepreneurial","url":"https:\/\/www.ondernemendvenlo.nl\/","logo":{"@type":"ImageObject","inLanguage":"fr-FR","@id":"https:\/\/www.ondernemendvenlo.nl\/#\/schema\/logo\/image\/","url":"https:\/\/www.ondernemendvenlo.nl\/wp-content\/uploads\/2025\/02\/Ondernemend-Venlo-logo-scaled.webp","contentUrl":"https:\/\/www.ondernemendvenlo.nl\/wp-content\/uploads\/2025\/02\/Ondernemend-Venlo-logo-scaled.webp","width":2560,"height":1010,"caption":"Ondernemend Venlo"},"image":{"@id":"https:\/\/www.ondernemendvenlo.nl\/#\/schema\/logo\/image\/"},"sameAs":["https:\/\/www.linkedin.com\/company\/ondernemend-venlo\/"]}]}},"_links":{"self":[{"href":"https:\/\/www.ondernemendvenlo.nl\/fr\/wp-json\/wp\/v2\/pages\/693","targetHints":{"allow":["GET"]}}],"collection":[{"href":"https:\/\/www.ondernemendvenlo.nl\/fr\/wp-json\/wp\/v2\/pages"}],"about":[{"href":"https:\/\/www.ondernemendvenlo.nl\/fr\/wp-json\/wp\/v2\/types\/page"}],"author":[{"embeddable":true,"href":"https:\/\/www.ondernemendvenlo.nl\/fr\/wp-json\/wp\/v2\/users\/1"}],"replies":[{"embeddable":true,"href":"https:\/\/www.ondernemendvenlo.nl\/fr\/wp-json\/wp\/v2\/comments?post=693"}],"version-history":[{"count":3,"href":"https:\/\/www.ondernemendvenlo.nl\/fr\/wp-json\/wp\/v2\/pages\/693\/revisions"}],"predecessor-version":[{"id":4905,"href":"https:\/\/www.ondernemendvenlo.nl\/fr\/wp-json\/wp\/v2\/pages\/693\/revisions\/4905"}],"up":[{"embeddable":true,"href":"https:\/\/www.ondernemendvenlo.nl\/fr\/wp-json\/wp\/v2\/pages\/689"}],"wp:featuredmedia":[{"embeddable":true,"href":"https:\/\/www.ondernemendvenlo.nl\/fr\/wp-json\/wp\/v2\/media\/835"}],"wp:attachment":[{"href":"https:\/\/www.ondernemendvenlo.nl\/fr\/wp-json\/wp\/v2\/media?parent=693"}],"curies":[{"name":"wp","href":"https:\/\/api.w.org\/{rel}","templated":true}]}}