{"id":697,"date":"2025-03-12T23:37:27","date_gmt":"2025-03-12T22:37:27","guid":{"rendered":"https:\/\/www.ondernemendvenlo.nl\/?page_id=697"},"modified":"2025-04-10T10:59:38","modified_gmt":"2025-04-10T08:59:38","slug":"politie-digitale-aangifte","status":"publish","type":"page","link":"https:\/\/www.ondernemendvenlo.nl\/fr\/veiligheid\/politie-digitale-aangifte\/","title":{"rendered":"Police \/ d\u00e9claration num\u00e9rique"},"content":{"rendered":"<div data-elementor-type=\"wp-page\" data-elementor-id=\"697\" class=\"elementor elementor-697\" data-elementor-post-type=\"page\">\n\t\t\t\t<div class=\"elementor-element elementor-element-3c99e32 e-flex e-con-boxed e-con e-parent\" data-id=\"3c99e32\" data-element_type=\"container\">\n\t\t\t\t\t<div class=\"e-con-inner\">\n\t\t<div class=\"elementor-element elementor-element-f99454a e-con-full e-flex e-con e-child\" data-id=\"f99454a\" data-element_type=\"container\">\n\t\t\t\t<div class=\"elementor-element elementor-element-5b34573 elementor-widget-tablet__width-initial elementor-widget elementor-widget-image\" data-id=\"5b34573\" data-element_type=\"widget\" data-widget_type=\"image.default\">\n\t\t\t\t<div class=\"elementor-widget-container\">\n\t\t\t\t\t\t\t\t\t\t\t\t\t\t\t<img fetchpriority=\"high\" decoding=\"async\" width=\"1086\" height=\"1156\" src=\"https:\/\/www.ondernemendvenlo.nl\/wp-content\/uploads\/2025\/03\/ov-bg.png\" class=\"attachment-full size-full wp-image-801\" alt=\"\" srcset=\"https:\/\/www.ondernemendvenlo.nl\/wp-content\/uploads\/2025\/03\/ov-bg.png 1086w, https:\/\/www.ondernemendvenlo.nl\/wp-content\/uploads\/2025\/03\/ov-bg-282x300.png 282w, https:\/\/www.ondernemendvenlo.nl\/wp-content\/uploads\/2025\/03\/ov-bg-962x1024.png 962w, https:\/\/www.ondernemendvenlo.nl\/wp-content\/uploads\/2025\/03\/ov-bg-768x818.png 768w, https:\/\/www.ondernemendvenlo.nl\/wp-content\/uploads\/2025\/03\/ov-bg-11x12.png 11w\" sizes=\"(max-width: 1086px) 100vw, 1086px\" \/>\t\t\t\t\t\t\t\t\t\t\t\t\t\t\t<\/div>\n\t\t\t\t<\/div>\n\t\t<div class=\"elementor-element elementor-element-80f7104 e-con-full e-flex e-con e-child\" data-id=\"80f7104\" data-element_type=\"container\" data-settings=\"{&quot;background_background&quot;:&quot;classic&quot;}\">\n\t\t\t\t<div class=\"elementor-element elementor-element-e032a67 elementor-widget elementor-widget-heading\" data-id=\"e032a67\" data-element_type=\"widget\" data-widget_type=\"heading.default\">\n\t\t\t\t<div class=\"elementor-widget-container\">\n\t\t\t\t\t<span class=\"elementor-heading-title elementor-size-default\">Rapport<\/span>\t\t\t\t<\/div>\n\t\t\t\t<\/div>\n\t\t\t\t<div class=\"elementor-element elementor-element-2fbb069 elementor-widget elementor-widget-text-editor\" data-id=\"2fbb069\" data-element_type=\"widget\" data-widget_type=\"text-editor.default\">\n\t\t\t\t<div class=\"elementor-widget-container\">\n\t\t\t\t\t\t\t\t\t<p>Si votre entreprise est victime d'un d\u00e9lit, vous devez toujours d\u00e9poser une plainte aupr\u00e8s de la police. Dans certains cas, il n'est pas possible de faire une d\u00e9claration par internet. Dans ce cas, la police est toujours heureuse de vous aider. Vous pouvez appeler <a href=\"tel:09008844\">0900-8844<\/a>.<\/p><p>Vous pouvez \u00e9galement consulter l'agent de quartier pour le secteur d'activit\u00e9 concern\u00e9. Vous pouvez contacter l'agent de quartier via <a href=\"tel:09008844\">0900-8844<\/a> ou via <a href=\"http:\/\/www.politie.nl\/mijn-buurt\/wijkagenten\">www.politie.nl\/mijn-buurt\/wijkagenten<\/a>. Vous pouvez \u00e9galement contacter le gestionnaire du parc \u00e0 cet effet.<\/p>\t\t\t\t\t\t\t\t<\/div>\n\t\t\t\t<\/div>\n\t\t<div class=\"elementor-element elementor-element-1019cf0 e-con-full e-flex e-con e-child\" data-id=\"1019cf0\" data-element_type=\"container\">\n\t\t\t\t<div class=\"elementor-element elementor-element-939994f elementor-view-stacked elementor-shape-rounded elementor-widget elementor-widget-icon\" data-id=\"939994f\" data-element_type=\"widget\" data-widget_type=\"icon.default\">\n\t\t\t\t<div class=\"elementor-widget-container\">\n\t\t\t\t\t\t\t<div class=\"elementor-icon-wrapper\">\n\t\t\t<a class=\"elementor-icon elementor-animation-grow\" href=\"tel:+31646726540\">\n\t\t\t<svg aria-hidden=\"true\" class=\"e-font-icon-svg e-fas-phone-alt\" viewbox=\"0 0 512 512\" xmlns=\"http:\/\/www.w3.org\/2000\/svg\"><path d=\"M497.39 361.8l-112-48a24 24 0 0 0-28 6.9l-49.6 60.6A370.66 370.66 0 0 1 130.6 204.11l60.6-49.6a23.94 23.94 0 0 0 6.9-28l-48-112A24.16 24.16 0 0 0 122.6.61l-104 24A24 24 0 0 0 0 48c0 256.5 207.9 464 464 464a24 24 0 0 0 23.4-18.6l24-104a24.29 24.29 0 0 0-14.01-27.6z\"><\/path><\/svg>\t\t\t<\/a>\n\t\t<\/div>\n\t\t\t\t\t\t<\/div>\n\t\t\t\t<\/div>\n\t\t\t\t<div class=\"elementor-element elementor-element-c838509 elementor-view-stacked elementor-shape-rounded elementor-widget elementor-widget-icon\" data-id=\"c838509\" data-element_type=\"widget\" data-widget_type=\"icon.default\">\n\t\t\t\t<div class=\"elementor-widget-container\">\n\t\t\t\t\t\t\t<div class=\"elementor-icon-wrapper\">\n\t\t\t<a class=\"elementor-icon elementor-animation-grow\" href=\"mailto:nicky.verhaagh@ondernemendvenlo.nl\">\n\t\t\t<svg aria-hidden=\"true\" class=\"e-font-icon-svg e-fas-envelope\" viewbox=\"0 0 512 512\" xmlns=\"http:\/\/www.w3.org\/2000\/svg\"><path d=\"M502.3 190.8c3.9-3.1 9.7-.2 9.7 4.7V400c0 26.5-21.5 48-48 48H48c-26.5 0-48-21.5-48-48V195.6c0-5 5.7-7.8 9.7-4.7 22.4 17.4 52.1 39.5 154.1 113.6 21.1 15.4 56.7 47.8 92.2 47.6 35.7.3 72-32.8 92.3-47.6 102-74.1 131.6-96.3 154-113.7zM256 320c23.2.4 56.6-29.2 73.4-41.4 132.7-96.3 142.8-104.7 173.4-128.7 5.8-4.5 9.2-11.5 9.2-18.9v-19c0-26.5-21.5-48-48-48H48C21.5 64 0 85.5 0 112v19c0 7.4 3.4 14.3 9.2 18.9 30.6 23.9 40.7 32.4 173.4 128.7 16.8 12.2 50.2 41.8 73.4 41.4z\"><\/path><\/svg>\t\t\t<\/a>\n\t\t<\/div>\n\t\t\t\t\t\t<\/div>\n\t\t\t\t<\/div>\n\t\t\t\t<\/div>\n\t\t\t\t<\/div>\n\t\t\t\t<\/div>\n\t\t<div class=\"elementor-element elementor-element-ebf2624 e-con-full e-flex e-con e-child\" data-id=\"ebf2624\" data-element_type=\"container\">\n\t\t\t\t<div class=\"elementor-element elementor-element-4687dd0 elementor-widget elementor-widget-heading\" data-id=\"4687dd0\" data-element_type=\"widget\" data-widget_type=\"heading.default\">\n\t\t\t\t<div class=\"elementor-widget-container\">\n\t\t\t\t\t<span class=\"elementor-heading-title elementor-size-default\">D\u00e9claration num\u00e9rique<\/span>\t\t\t\t<\/div>\n\t\t\t\t<\/div>\n\t\t\t\t<div class=\"elementor-element elementor-element-707d2dc elementor-widget elementor-widget-image\" data-id=\"707d2dc\" data-element_type=\"widget\" data-widget_type=\"image.default\">\n\t\t\t\t<div class=\"elementor-widget-container\">\n\t\t\t\t\t\t\t\t\t\t\t\t\t\t\t\t<a href=\"https:\/\/politie.nl\" target=\"_blank\">\n\t\t\t\t\t\t\t<img decoding=\"async\" width=\"2560\" height=\"944\" src=\"https:\/\/www.ondernemendvenlo.nl\/wp-content\/uploads\/2025\/03\/Logo_of_the_Dutch_National_Police.svg.png\" class=\"attachment-full size-full wp-image-851\" alt=\"\" srcset=\"https:\/\/www.ondernemendvenlo.nl\/wp-content\/uploads\/2025\/03\/Logo_of_the_Dutch_National_Police.svg.png.webp 2560w, https:\/\/www.ondernemendvenlo.nl\/wp-content\/uploads\/2025\/03\/Logo_of_the_Dutch_National_Police.svg-300x111.png.webp 300w, https:\/\/www.ondernemendvenlo.nl\/wp-content\/uploads\/2025\/03\/Logo_of_the_Dutch_National_Police.svg-1024x378.png.webp 1024w, https:\/\/www.ondernemendvenlo.nl\/wp-content\/uploads\/2025\/03\/Logo_of_the_Dutch_National_Police.svg-768x283.png.webp 768w, https:\/\/www.ondernemendvenlo.nl\/wp-content\/uploads\/2025\/03\/Logo_of_the_Dutch_National_Police.svg-1536x566.png.webp 1536w, https:\/\/www.ondernemendvenlo.nl\/wp-content\/uploads\/2025\/03\/Logo_of_the_Dutch_National_Police.svg-2048x755.png.webp 2048w, https:\/\/www.ondernemendvenlo.nl\/wp-content\/uploads\/2025\/03\/Logo_of_the_Dutch_National_Police.svg-18x7.png.webp 18w\" sizes=\"(max-width: 2560px) 100vw, 2560px\" \/>\t\t\t\t\t\t\t\t<\/a>\n\t\t\t\t\t\t\t\t\t\t\t\t\t\t\t<\/div>\n\t\t\t\t<\/div>\n\t\t\t\t<div class=\"elementor-element elementor-element-6dd8c5a elementor-widget elementor-widget-heading\" data-id=\"6dd8c5a\" data-element_type=\"widget\" data-widget_type=\"heading.default\">\n\t\t\t\t<div class=\"elementor-widget-container\">\n\t\t\t\t\t<h2 class=\"elementor-heading-title elementor-size-default\">Pourquoi le signaler ?<\/h2>\t\t\t\t<\/div>\n\t\t\t\t<\/div>\n\t\t\t\t<div class=\"elementor-element elementor-element-184ad56 elementor-widget elementor-widget-text-editor\" data-id=\"184ad56\" data-element_type=\"widget\" data-widget_type=\"text-editor.default\">\n\t\t\t\t<div class=\"elementor-widget-container\">\n\t\t\t\t\t\t\t\t\t<p>Votre entreprise a-t-elle \u00e9t\u00e9 victime de vandalisme, de vol ou de cambriolage ? Si c'est le cas, il est important de toujours le signaler \u00e0 la police. Vous vous dites peut-\u00eatre : <em>cela prend trop de temps, rien ne se passe de toute fa\u00e7on, ou je dois aller au poste de police en plus<\/em>. Mais le fait de ne pas le signaler signifie effectivement que rien ne change. Lorsque vous le signalez, la police peut reconna\u00eetre des sch\u00e9mas et des points chauds et identifier des groupes de d\u00e9linquants potentiels. Elle peut ainsi prendre des mesures cibl\u00e9es, lancer des projets (d'enqu\u00eate) et trouver des solutions structurelles en collaboration avec les entrepreneurs et la municipalit\u00e9.<\/p><p>Ce n'est qu'ensemble que nous pourrons lutter efficacement contre la criminalit\u00e9 !<\/p>\t\t\t\t\t\t\t\t<\/div>\n\t\t\t\t<\/div>\n\t\t\t\t<div class=\"elementor-element elementor-element-ba3a173 elementor-widget elementor-widget-heading\" data-id=\"ba3a173\" data-element_type=\"widget\" data-widget_type=\"heading.default\">\n\t\t\t\t<div class=\"elementor-widget-container\">\n\t\t\t\t\t<h2 class=\"elementor-heading-title elementor-size-default\">Vous remplissez une d\u00e9claration d'imp\u00f4ts ? C'est facile de le faire en ligne !<\/h2>\t\t\t\t<\/div>\n\t\t\t\t<\/div>\n\t\t\t\t<div class=\"elementor-element elementor-element-511ce24 elementor-widget elementor-widget-text-editor\" data-id=\"511ce24\" data-element_type=\"widget\" data-widget_type=\"text-editor.default\">\n\t\t\t\t<div class=\"elementor-widget-container\">\n\t\t\t\t\t\t\t\t\t<p>Nous savons qu'il n'est pas toujours facile de d\u00e9terminer s'il faut ou non remplir une d\u00e9claration d'imp\u00f4ts. C'est pourquoi un module en ligne pratique est mis \u00e0 la disposition des chefs d'entreprise \u00e0 l'adresse suivante <a href=\"https:\/\/www.politie.nl\/aangifte\" target=\"_blank\" rel=\"noopener\">www.politie.nl\/aangifte<\/a>. Ce module vous permet de cr\u00e9er facilement un compte dans lequel vous ne devez introduire qu'une seule fois les donn\u00e9es relatives \u00e0 votre entreprise. Ces donn\u00e9es sont ensuite automatiquement m\u00e9moris\u00e9es. En outre, vous pouvez autoriser des employ\u00e9s \u00e0 introduire des d\u00e9clarations au nom de l'entreprise. De cette mani\u00e8re, le compte vous donne toujours un aper\u00e7u clair de toutes les d\u00e9clarations introduites.<\/p>\t\t\t\t\t\t\t\t<\/div>\n\t\t\t\t<\/div>\n\t\t\t\t<\/div>\n\t\t\t\t\t<\/div>\n\t\t\t\t<\/div>\n\t\t\t\t<\/div>","protected":false},"excerpt":{"rendered":"<p>Aangifte doen Doe altijd aangifte als je bedrijf het slachtoffer is van criminaliteit. In enkele gevallen is het niet mogelijk om via internet aangifte te doen. Als dit het geval is, staat de politie je altijd graag te woord. Je kunt dan bellen met 0900-8844. Ook kun je overleg plegen met de wijkagent voor het [&hellip;]<\/p>","protected":false},"author":1,"featured_media":849,"parent":689,"menu_order":4,"comment_status":"closed","ping_status":"closed","template":"","meta":{"_acf_changed":false,"footnotes":""},"class_list":["post-697","page","type-page","status-publish","has-post-thumbnail","hentry"],"acf":[],"yoast_head":"<!-- This site is optimized with the Yoast SEO plugin v26.3 - https:\/\/yoast.com\/wordpress\/plugins\/seo\/ -->\n<title>Politie \/ digitale aangifte - Ondernemend Venlo<\/title>\n<meta name=\"robots\" content=\"index, follow, max-snippet:-1, max-image-preview:large, max-video-preview:-1\" \/>\n<link rel=\"canonical\" href=\"https:\/\/www.ondernemendvenlo.nl\/fr\/veiligheid\/politie-digitale-aangifte\/\" \/>\n<meta property=\"og:locale\" content=\"fr_FR\" \/>\n<meta property=\"og:type\" content=\"article\" \/>\n<meta property=\"og:title\" content=\"Politie \/ digitale aangifte - Ondernemend Venlo\" \/>\n<meta property=\"og:description\" content=\"Aangifte doen Doe altijd aangifte als je bedrijf het slachtoffer is van criminaliteit. In enkele gevallen is het niet mogelijk om via internet aangifte te doen. Als dit het geval is, staat de politie je altijd graag te woord. Je kunt dan bellen met 0900-8844. Ook kun je overleg plegen met de wijkagent voor het [&hellip;]\" \/>\n<meta property=\"og:url\" content=\"https:\/\/www.ondernemendvenlo.nl\/fr\/veiligheid\/politie-digitale-aangifte\/\" \/>\n<meta property=\"og:site_name\" content=\"Ondernemend Venlo\" \/>\n<meta property=\"article:modified_time\" content=\"2025-04-10T08:59:38+00:00\" \/>\n<meta property=\"og:image\" content=\"https:\/\/www.ondernemendvenlo.nl\/wp-content\/uploads\/2025\/03\/Politiebureau-Venlo-Beesel-1.jpg\" \/>\n\t<meta property=\"og:image:width\" content=\"906\" \/>\n\t<meta property=\"og:image:height\" content=\"586\" \/>\n\t<meta property=\"og:image:type\" content=\"image\/jpeg\" \/>\n<meta name=\"twitter:card\" content=\"summary_large_image\" \/>\n<script type=\"application\/ld+json\" class=\"yoast-schema-graph\">{\"@context\":\"https:\/\/schema.org\",\"@graph\":[{\"@type\":\"WebPage\",\"@id\":\"https:\/\/www.ondernemendvenlo.nl\/veiligheid\/politie-digitale-aangifte\/\",\"url\":\"https:\/\/www.ondernemendvenlo.nl\/veiligheid\/politie-digitale-aangifte\/\",\"name\":\"Politie \/ digitale aangifte - Ondernemend Venlo\",\"isPartOf\":{\"@id\":\"https:\/\/www.ondernemendvenlo.nl\/#website\"},\"primaryImageOfPage\":{\"@id\":\"https:\/\/www.ondernemendvenlo.nl\/veiligheid\/politie-digitale-aangifte\/#primaryimage\"},\"image\":{\"@id\":\"https:\/\/www.ondernemendvenlo.nl\/veiligheid\/politie-digitale-aangifte\/#primaryimage\"},\"thumbnailUrl\":\"https:\/\/www.ondernemendvenlo.nl\/wp-content\/uploads\/2025\/03\/Politiebureau-Venlo-Beesel-1.jpg\",\"datePublished\":\"2025-03-12T22:37:27+00:00\",\"dateModified\":\"2025-04-10T08:59:38+00:00\",\"breadcrumb\":{\"@id\":\"https:\/\/www.ondernemendvenlo.nl\/veiligheid\/politie-digitale-aangifte\/#breadcrumb\"},\"inLanguage\":\"fr-FR\",\"potentialAction\":[{\"@type\":\"ReadAction\",\"target\":[\"https:\/\/www.ondernemendvenlo.nl\/veiligheid\/politie-digitale-aangifte\/\"]}]},{\"@type\":\"ImageObject\",\"inLanguage\":\"fr-FR\",\"@id\":\"https:\/\/www.ondernemendvenlo.nl\/veiligheid\/politie-digitale-aangifte\/#primaryimage\",\"url\":\"https:\/\/www.ondernemendvenlo.nl\/wp-content\/uploads\/2025\/03\/Politiebureau-Venlo-Beesel-1.jpg\",\"contentUrl\":\"https:\/\/www.ondernemendvenlo.nl\/wp-content\/uploads\/2025\/03\/Politiebureau-Venlo-Beesel-1.jpg\",\"width\":906,\"height\":586},{\"@type\":\"BreadcrumbList\",\"@id\":\"https:\/\/www.ondernemendvenlo.nl\/veiligheid\/politie-digitale-aangifte\/#breadcrumb\",\"itemListElement\":[{\"@type\":\"ListItem\",\"position\":1,\"name\":\"Ondernemend Venlo\",\"item\":\"https:\/\/www.ondernemendvenlo.nl\/\"},{\"@type\":\"ListItem\",\"position\":2,\"name\":\"Veiligheid\",\"item\":\"https:\/\/www.ondernemendvenlo.nl\/veiligheid\/\"},{\"@type\":\"ListItem\",\"position\":3,\"name\":\"Politie \/ digitale aangifte\"}]},{\"@type\":\"WebSite\",\"@id\":\"https:\/\/www.ondernemendvenlo.nl\/#website\",\"url\":\"https:\/\/www.ondernemendvenlo.nl\/\",\"name\":\"Ondernemend Venlo\",\"description\":\"Samen succesvol ondernemen\",\"publisher\":{\"@id\":\"https:\/\/www.ondernemendvenlo.nl\/#organization\"},\"potentialAction\":[{\"@type\":\"SearchAction\",\"target\":{\"@type\":\"EntryPoint\",\"urlTemplate\":\"https:\/\/www.ondernemendvenlo.nl\/?s={search_term_string}\"},\"query-input\":{\"@type\":\"PropertyValueSpecification\",\"valueRequired\":true,\"valueName\":\"search_term_string\"}}],\"inLanguage\":\"fr-FR\"},{\"@type\":\"Organization\",\"@id\":\"https:\/\/www.ondernemendvenlo.nl\/#organization\",\"name\":\"Ondernemend Venlo\",\"url\":\"https:\/\/www.ondernemendvenlo.nl\/\",\"logo\":{\"@type\":\"ImageObject\",\"inLanguage\":\"fr-FR\",\"@id\":\"https:\/\/www.ondernemendvenlo.nl\/#\/schema\/logo\/image\/\",\"url\":\"https:\/\/www.ondernemendvenlo.nl\/wp-content\/uploads\/2025\/02\/Ondernemend-Venlo-logo-scaled.webp\",\"contentUrl\":\"https:\/\/www.ondernemendvenlo.nl\/wp-content\/uploads\/2025\/02\/Ondernemend-Venlo-logo-scaled.webp\",\"width\":2560,\"height\":1010,\"caption\":\"Ondernemend Venlo\"},\"image\":{\"@id\":\"https:\/\/www.ondernemendvenlo.nl\/#\/schema\/logo\/image\/\"},\"sameAs\":[\"https:\/\/www.linkedin.com\/company\/ondernemend-venlo\/\"]}]}<\/script>\n<!-- \/ Yoast SEO plugin. -->","yoast_head_json":{"title":"Politie \/ digitale aangifte - Ondernemend Venlo","robots":{"index":"index","follow":"follow","max-snippet":"max-snippet:-1","max-image-preview":"max-image-preview:large","max-video-preview":"max-video-preview:-1"},"canonical":"https:\/\/www.ondernemendvenlo.nl\/fr\/veiligheid\/politie-digitale-aangifte\/","og_locale":"fr_FR","og_type":"article","og_title":"Politie \/ digitale aangifte - Ondernemend Venlo","og_description":"Aangifte doen Doe altijd aangifte als je bedrijf het slachtoffer is van criminaliteit. In enkele gevallen is het niet mogelijk om via internet aangifte te doen. Als dit het geval is, staat de politie je altijd graag te woord. Je kunt dan bellen met 0900-8844. Ook kun je overleg plegen met de wijkagent voor het [&hellip;]","og_url":"https:\/\/www.ondernemendvenlo.nl\/fr\/veiligheid\/politie-digitale-aangifte\/","og_site_name":"Ondernemend Venlo","article_modified_time":"2025-04-10T08:59:38+00:00","og_image":[{"width":906,"height":586,"url":"https:\/\/www.ondernemendvenlo.nl\/wp-content\/uploads\/2025\/03\/Politiebureau-Venlo-Beesel-1.jpg","type":"image\/jpeg"}],"twitter_card":"summary_large_image","schema":{"@context":"https:\/\/schema.org","@graph":[{"@type":"WebPage","@id":"https:\/\/www.ondernemendvenlo.nl\/veiligheid\/politie-digitale-aangifte\/","url":"https:\/\/www.ondernemendvenlo.nl\/veiligheid\/politie-digitale-aangifte\/","name":"Politie \/ digitale aangifte - Ondernemend Venlo","isPartOf":{"@id":"https:\/\/www.ondernemendvenlo.nl\/#website"},"primaryImageOfPage":{"@id":"https:\/\/www.ondernemendvenlo.nl\/veiligheid\/politie-digitale-aangifte\/#primaryimage"},"image":{"@id":"https:\/\/www.ondernemendvenlo.nl\/veiligheid\/politie-digitale-aangifte\/#primaryimage"},"thumbnailUrl":"https:\/\/www.ondernemendvenlo.nl\/wp-content\/uploads\/2025\/03\/Politiebureau-Venlo-Beesel-1.jpg","datePublished":"2025-03-12T22:37:27+00:00","dateModified":"2025-04-10T08:59:38+00:00","breadcrumb":{"@id":"https:\/\/www.ondernemendvenlo.nl\/veiligheid\/politie-digitale-aangifte\/#breadcrumb"},"inLanguage":"fr-FR","potentialAction":[{"@type":"ReadAction","target":["https:\/\/www.ondernemendvenlo.nl\/veiligheid\/politie-digitale-aangifte\/"]}]},{"@type":"ImageObject","inLanguage":"fr-FR","@id":"https:\/\/www.ondernemendvenlo.nl\/veiligheid\/politie-digitale-aangifte\/#primaryimage","url":"https:\/\/www.ondernemendvenlo.nl\/wp-content\/uploads\/2025\/03\/Politiebureau-Venlo-Beesel-1.jpg","contentUrl":"https:\/\/www.ondernemendvenlo.nl\/wp-content\/uploads\/2025\/03\/Politiebureau-Venlo-Beesel-1.jpg","width":906,"height":586},{"@type":"BreadcrumbList","@id":"https:\/\/www.ondernemendvenlo.nl\/veiligheid\/politie-digitale-aangifte\/#breadcrumb","itemListElement":[{"@type":"ListItem","position":1,"name":"Ondernemend Venlo","item":"https:\/\/www.ondernemendvenlo.nl\/"},{"@type":"ListItem","position":2,"name":"Veiligheid","item":"https:\/\/www.ondernemendvenlo.nl\/veiligheid\/"},{"@type":"ListItem","position":3,"name":"Politie \/ digitale aangifte"}]},{"@type":"WebSite","@id":"https:\/\/www.ondernemendvenlo.nl\/#website","url":"https:\/\/www.ondernemendvenlo.nl\/","name":"Venlo entrepreneurial","description":"Travailler ensemble avec succ\u00e8s","publisher":{"@id":"https:\/\/www.ondernemendvenlo.nl\/#organization"},"potentialAction":[{"@type":"SearchAction","target":{"@type":"EntryPoint","urlTemplate":"https:\/\/www.ondernemendvenlo.nl\/?s={search_term_string}"},"query-input":{"@type":"PropertyValueSpecification","valueRequired":true,"valueName":"search_term_string"}}],"inLanguage":"fr-FR"},{"@type":"Organization","@id":"https:\/\/www.ondernemendvenlo.nl\/#organization","name":"Venlo entrepreneurial","url":"https:\/\/www.ondernemendvenlo.nl\/","logo":{"@type":"ImageObject","inLanguage":"fr-FR","@id":"https:\/\/www.ondernemendvenlo.nl\/#\/schema\/logo\/image\/","url":"https:\/\/www.ondernemendvenlo.nl\/wp-content\/uploads\/2025\/02\/Ondernemend-Venlo-logo-scaled.webp","contentUrl":"https:\/\/www.ondernemendvenlo.nl\/wp-content\/uploads\/2025\/02\/Ondernemend-Venlo-logo-scaled.webp","width":2560,"height":1010,"caption":"Ondernemend Venlo"},"image":{"@id":"https:\/\/www.ondernemendvenlo.nl\/#\/schema\/logo\/image\/"},"sameAs":["https:\/\/www.linkedin.com\/company\/ondernemend-venlo\/"]}]}},"_links":{"self":[{"href":"https:\/\/www.ondernemendvenlo.nl\/fr\/wp-json\/wp\/v2\/pages\/697","targetHints":{"allow":["GET"]}}],"collection":[{"href":"https:\/\/www.ondernemendvenlo.nl\/fr\/wp-json\/wp\/v2\/pages"}],"about":[{"href":"https:\/\/www.ondernemendvenlo.nl\/fr\/wp-json\/wp\/v2\/types\/page"}],"author":[{"embeddable":true,"href":"https:\/\/www.ondernemendvenlo.nl\/fr\/wp-json\/wp\/v2\/users\/1"}],"replies":[{"embeddable":true,"href":"https:\/\/www.ondernemendvenlo.nl\/fr\/wp-json\/wp\/v2\/comments?post=697"}],"version-history":[{"count":3,"href":"https:\/\/www.ondernemendvenlo.nl\/fr\/wp-json\/wp\/v2\/pages\/697\/revisions"}],"predecessor-version":[{"id":4911,"href":"https:\/\/www.ondernemendvenlo.nl\/fr\/wp-json\/wp\/v2\/pages\/697\/revisions\/4911"}],"up":[{"embeddable":true,"href":"https:\/\/www.ondernemendvenlo.nl\/fr\/wp-json\/wp\/v2\/pages\/689"}],"wp:featuredmedia":[{"embeddable":true,"href":"https:\/\/www.ondernemendvenlo.nl\/fr\/wp-json\/wp\/v2\/media\/849"}],"wp:attachment":[{"href":"https:\/\/www.ondernemendvenlo.nl\/fr\/wp-json\/wp\/v2\/media?parent=697"}],"curies":[{"name":"wp","href":"https:\/\/api.w.org\/{rel}","templated":true}]}}